{"id":14899,"date":"2023-10-24T21:52:34","date_gmt":"2023-10-24T20:52:34","guid":{"rendered":"https:\/\/web-stage.eurotrader.com\/faq\/"},"modified":"2025-10-20T11:29:45","modified_gmt":"2025-10-20T10:29:45","slug":"faq","status":"publish","type":"page","link":"https:\/\/eurotrader.com\/de\/faq\/","title":{"rendered":"h\u00e4ufig gestellte Fragen"},"content":{"rendered":"\t\t<div data-elementor-type=\"wp-page\" data-elementor-id=\"14899\" class=\"elementor elementor-14899 elementor-927\" data-elementor-post-type=\"page\">\n\t\t\t\t<div class=\"elementor-element elementor-element-7194442 hero-bannersec e-flex e-con-boxed e-con e-parent\" data-id=\"7194442\" data-element_type=\"container\" data-e-type=\"container\">\n\t\t\t\t\t<div class=\"e-con-inner\">\n\t\t\t\t<div class=\"elementor-element elementor-element-1a9a552 elementor-widget elementor-widget-heading\" data-id=\"1a9a552\" data-element_type=\"widget\" data-e-type=\"widget\" data-settings=\"{&quot;ekit_we_effect_on&quot;:&quot;none&quot;}\" data-widget_type=\"heading.default\">\n\t\t\t\t<div class=\"elementor-widget-container\">\n\t\t\t\t\t<h2 class=\"elementor-heading-title elementor-size-default\">Haben Sie Fragen?<\/h2>\t\t\t\t<\/div>\n\t\t\t\t<\/div>\n\t\t\t\t\t<\/div>\n\t\t\t\t<\/div>\n\t\t<div class=\"elementor-element elementor-element-4df49cb1 e-flex e-con-boxed e-con e-parent\" data-id=\"4df49cb1\" data-element_type=\"container\" data-e-type=\"container\">\n\t\t\t\t\t<div class=\"e-con-inner\">\n\t\t<div class=\"elementor-element elementor-element-770605af e-flex e-con-boxed e-con e-child\" data-id=\"770605af\" data-element_type=\"container\" data-e-type=\"container\">\n\t\t\t\t\t<div class=\"e-con-inner\">\n\t\t\t\t<div class=\"elementor-element elementor-element-5322139d tabs-new elementor-widget elementor-widget-shortcode\" data-id=\"5322139d\" data-element_type=\"widget\" data-e-type=\"widget\" data-settings=\"{&quot;ekit_we_effect_on&quot;:&quot;none&quot;}\" data-widget_type=\"shortcode.default\">\n\t\t\t\t<div class=\"elementor-widget-container\">\n\t\t\t\t\t\t\t<div class=\"elementor-shortcode\"><div id=\"faq-tabs\" class=\"tabs\"><ul class=\"nav nav-pills\"><li class=\"active\"><strong><a href=\"#account-opening\" data-toggle=\"tab\">Account Opening<\/a><\/strong><\/li><li><strong><a href=\"#client-funding\" data-toggle=\"tab\">Deposit &amp; Withdrawal of Funds<\/a><\/strong><\/li><li><strong><a href=\"#trading\" data-toggle=\"tab\">Trading<\/a><\/strong><\/li><li><strong><a href=\"#trading-platform\" data-toggle=\"tab\">Trading Platform<\/a><\/strong><\/li><\/ul><div class=\"tab-content clearfix\"><div class=\"tab-pane active\" id=\"account-opening\"><h3 class=\"faq-category center-align\">Account Opening<\/h3><\/div><div class=\"tab-pane\" id=\"client-funding\"><h3 class=\"faq-category center-align\">Deposit &amp; Withdrawal of Funds<\/h3><\/div><div class=\"tab-pane\" id=\"trading\"><h3 class=\"faq-category center-align\">Trading<\/h3><\/div><div class=\"tab-pane\" id=\"trading-platform\"><h3 class=\"faq-category center-align\">Trading Platform<\/h3><\/div><\/div><\/div><\/div>\n\t\t\t\t\t\t<\/div>\n\t\t\t\t<\/div>\n\t\t\t\t\t<\/div>\n\t\t\t\t<\/div>\n\t\t\t\t\t<\/div>\n\t\t\t\t<\/div>\n\t\t<div class=\"elementor-element elementor-element-8558ec0 e-flex e-con-boxed e-con e-parent\" data-id=\"8558ec0\" data-element_type=\"container\" data-e-type=\"container\">\n\t\t\t\t\t<div class=\"e-con-inner\">\n\t\t\t\t<div class=\"elementor-element elementor-element-2663b7a elementor-widget elementor-widget-image\" data-id=\"2663b7a\" data-element_type=\"widget\" data-e-type=\"widget\" data-settings=\"{&quot;ekit_we_effect_on&quot;:&quot;none&quot;}\" data-widget_type=\"image.default\">\n\t\t\t\t<div class=\"elementor-widget-container\">\n\t\t\t\t\t\t\t\t\t\t\t\t\t\t\t<img fetchpriority=\"high\" decoding=\"async\" width=\"797\" height=\"439\" src=\"https:\/\/eurotrader.com\/wp-content\/uploads\/FAQ-01-4.png\" class=\"attachment-large size-large wp-image-14902\" alt=\"\" srcset=\"https:\/\/eurotrader.com\/wp-content\/uploads\/FAQ-01-4.png 797w, https:\/\/eurotrader.com\/wp-content\/uploads\/FAQ-01-4-768x423.png 768w\" sizes=\"(max-width: 797px) 100vw, 797px\" \/>\t\t\t\t\t\t\t\t\t\t\t\t\t\t\t<\/div>\n\t\t\t\t<\/div>\n\t\t\t\t\t<\/div>\n\t\t\t\t<\/div>\n\t\t\t\t<\/div>\n\t\t","protected":false},"excerpt":{"rendered":"<p>Haben Sie Fragen?<\/p>\n","protected":false},"author":15,"featured_media":0,"parent":0,"menu_order":0,"comment_status":"closed","ping_status":"closed","template":"","meta":{"inline_featured_image":false,"footnotes":""},"class_list":["post-14899","page","type-page","status-publish","hentry"],"acf":[],"yoast_head":"<!-- This site is optimized with the Yoast SEO plugin v26.9 - https:\/\/yoast.com\/product\/yoast-seo-wordpress\/ -->\n<title>h\u00e4ufig gestellte Fragen| Eurotrader<\/title>\n<meta name=\"description\" content=\"Haben Sie Fragen? Kann ich ein Unternehmenskonto er\u00f6ffnen? Wie kann ich Gelder abheben? Finden Sie Antworten in der FAQ-Sektion von Eurotrader.\" \/>\n<meta name=\"robots\" content=\"index, follow, max-snippet:-1, max-image-preview:large, max-video-preview:-1\" \/>\n<meta property=\"og:locale\" content=\"de_DE\" \/>\n<meta property=\"og:type\" content=\"article\" \/>\n<meta property=\"og:title\" content=\"h\u00e4ufig gestellte Fragen| Eurotrader\" \/>\n<meta property=\"og:description\" content=\"Haben Sie Fragen? Kann ich ein Unternehmenskonto er\u00f6ffnen? Wie kann ich Gelder abheben? Finden Sie Antworten in der FAQ-Sektion von Eurotrader.\" \/>\n<meta property=\"og:url\" content=\"https:\/\/eurotrader.com\/de\/faq\/\" \/>\n<meta property=\"og:site_name\" content=\"Eurotrader\" \/>\n<meta property=\"article:modified_time\" content=\"2025-10-20T10:29:45+00:00\" \/>\n<meta property=\"og:image\" content=\"https:\/\/eurotrader.com\/wp-content\/uploads\/FAQ-01-4.png\" \/>\n<meta name=\"twitter:card\" content=\"summary_large_image\" \/>\n<meta name=\"twitter:title\" content=\"h\u00e4ufig gestellte Fragen| Eurotrader\" \/>\n<meta name=\"twitter:description\" content=\"Haben Sie Fragen? Kann ich ein Unternehmenskonto er\u00f6ffnen? Wie kann ich Gelder abheben? Finden Sie Antworten in der FAQ-Sektion von Eurotrader.\" \/>\n<meta name=\"twitter:label1\" content=\"Gesch\u00e4tzte Lesezeit\" \/>\n\t<meta name=\"twitter:data1\" content=\"1\u00a0Minute\" \/>\n<script type=\"application\/ld+json\" class=\"yoast-schema-graph\">{\"@context\":\"https:\/\/schema.org\",\"@graph\":[{\"@type\":\"WebPage\",\"@id\":\"https:\/\/eurotrader.com\/de\/faq\/\",\"url\":\"https:\/\/eurotrader.com\/de\/faq\/\",\"name\":\"h\u00e4ufig gestellte Fragen| Eurotrader\",\"isPartOf\":{\"@id\":\"https:\/\/eurotrader.com\/de\/#website\"},\"primaryImageOfPage\":{\"@id\":\"https:\/\/eurotrader.com\/de\/faq\/#primaryimage\"},\"image\":{\"@id\":\"https:\/\/eurotrader.com\/de\/faq\/#primaryimage\"},\"thumbnailUrl\":\"https:\/\/eurotrader.com\/wp-content\/uploads\/FAQ-01-4.png\",\"datePublished\":\"2023-10-24T20:52:34+00:00\",\"dateModified\":\"2025-10-20T10:29:45+00:00\",\"description\":\"Haben Sie Fragen? Kann ich ein Unternehmenskonto er\u00f6ffnen? Wie kann ich Gelder abheben? Finden Sie Antworten in der FAQ-Sektion von Eurotrader.\",\"breadcrumb\":{\"@id\":\"https:\/\/eurotrader.com\/de\/faq\/#breadcrumb\"},\"inLanguage\":\"de\",\"potentialAction\":[{\"@type\":\"ReadAction\",\"target\":[\"https:\/\/eurotrader.com\/de\/faq\/\"]}]},{\"@type\":\"ImageObject\",\"inLanguage\":\"de\",\"@id\":\"https:\/\/eurotrader.com\/de\/faq\/#primaryimage\",\"url\":\"https:\/\/eurotrader.com\/wp-content\/uploads\/FAQ-01-4.png\",\"contentUrl\":\"https:\/\/eurotrader.com\/wp-content\/uploads\/FAQ-01-4.png\"},{\"@type\":\"BreadcrumbList\",\"@id\":\"https:\/\/eurotrader.com\/de\/faq\/#breadcrumb\",\"itemListElement\":[{\"@type\":\"ListItem\",\"position\":1,\"name\":\"Home\",\"item\":\"https:\/\/eurotrader.com\/de\/main-page-german\/\"},{\"@type\":\"ListItem\",\"position\":2,\"name\":\"h\u00e4ufig gestellte Fragen\"}]},{\"@type\":\"WebSite\",\"@id\":\"https:\/\/eurotrader.com\/de\/#website\",\"url\":\"https:\/\/eurotrader.com\/de\/\",\"name\":\".eurotrader.com\",\"description\":\"Here at EuroTrader, our goal is to make CFD trading clear, fair, and create a client centric culture.   To set ourselves apart, we\u2019re providing  a simple trading platform and trading terms with clear pricing, quick execution, and unbeatable customer service.\",\"publisher\":{\"@id\":\"https:\/\/eurotrader.com\/de\/#organization\"},\"potentialAction\":[{\"@type\":\"SearchAction\",\"target\":{\"@type\":\"EntryPoint\",\"urlTemplate\":\"https:\/\/eurotrader.com\/de\/?s={search_term_string}\"},\"query-input\":{\"@type\":\"PropertyValueSpecification\",\"valueRequired\":true,\"valueName\":\"search_term_string\"}}],\"inLanguage\":\"de\"},{\"@type\":\"Organization\",\"@id\":\"https:\/\/eurotrader.com\/de\/#organization\",\"name\":\"Eurotrader\",\"url\":\"https:\/\/eurotrader.com\/de\/\",\"logo\":{\"@type\":\"ImageObject\",\"inLanguage\":\"de\",\"@id\":\"https:\/\/eurotrader.com\/de\/#\/schema\/logo\/image\/\",\"url\":\"https:\/\/eurotrader.com\/wp-content\/uploads\/header-logo.svg\",\"contentUrl\":\"https:\/\/eurotrader.com\/wp-content\/uploads\/header-logo.svg\",\"width\":184,\"height\":28,\"caption\":\"Eurotrader\"},\"image\":{\"@id\":\"https:\/\/eurotrader.com\/de\/#\/schema\/logo\/image\/\"}}]}<\/script>\n<!-- \/ Yoast SEO plugin. -->","yoast_head_json":{"title":"h\u00e4ufig gestellte Fragen| Eurotrader","description":"Haben Sie Fragen? Kann ich ein Unternehmenskonto er\u00f6ffnen? Wie kann ich Gelder abheben? Finden Sie Antworten in der FAQ-Sektion von Eurotrader.","robots":{"index":"index","follow":"follow","max-snippet":"max-snippet:-1","max-image-preview":"max-image-preview:large","max-video-preview":"max-video-preview:-1"},"og_locale":"de_DE","og_type":"article","og_title":"h\u00e4ufig gestellte Fragen| Eurotrader","og_description":"Haben Sie Fragen? Kann ich ein Unternehmenskonto er\u00f6ffnen? Wie kann ich Gelder abheben? Finden Sie Antworten in der FAQ-Sektion von Eurotrader.","og_url":"https:\/\/eurotrader.com\/de\/faq\/","og_site_name":"Eurotrader","article_modified_time":"2025-10-20T10:29:45+00:00","og_image":[{"url":"https:\/\/eurotrader.com\/wp-content\/uploads\/FAQ-01-4.png","type":"","width":"","height":""}],"twitter_card":"summary_large_image","twitter_title":"h\u00e4ufig gestellte Fragen| Eurotrader","twitter_description":"Haben Sie Fragen? Kann ich ein Unternehmenskonto er\u00f6ffnen? Wie kann ich Gelder abheben? Finden Sie Antworten in der FAQ-Sektion von Eurotrader.","twitter_misc":{"Gesch\u00e4tzte Lesezeit":"1\u00a0Minute"},"schema":{"@context":"https:\/\/schema.org","@graph":[{"@type":"WebPage","@id":"https:\/\/eurotrader.com\/de\/faq\/","url":"https:\/\/eurotrader.com\/de\/faq\/","name":"h\u00e4ufig gestellte Fragen| Eurotrader","isPartOf":{"@id":"https:\/\/eurotrader.com\/de\/#website"},"primaryImageOfPage":{"@id":"https:\/\/eurotrader.com\/de\/faq\/#primaryimage"},"image":{"@id":"https:\/\/eurotrader.com\/de\/faq\/#primaryimage"},"thumbnailUrl":"https:\/\/eurotrader.com\/wp-content\/uploads\/FAQ-01-4.png","datePublished":"2023-10-24T20:52:34+00:00","dateModified":"2025-10-20T10:29:45+00:00","description":"Haben Sie Fragen? Kann ich ein Unternehmenskonto er\u00f6ffnen? Wie kann ich Gelder abheben? Finden Sie Antworten in der FAQ-Sektion von Eurotrader.","breadcrumb":{"@id":"https:\/\/eurotrader.com\/de\/faq\/#breadcrumb"},"inLanguage":"de","potentialAction":[{"@type":"ReadAction","target":["https:\/\/eurotrader.com\/de\/faq\/"]}]},{"@type":"ImageObject","inLanguage":"de","@id":"https:\/\/eurotrader.com\/de\/faq\/#primaryimage","url":"https:\/\/eurotrader.com\/wp-content\/uploads\/FAQ-01-4.png","contentUrl":"https:\/\/eurotrader.com\/wp-content\/uploads\/FAQ-01-4.png"},{"@type":"BreadcrumbList","@id":"https:\/\/eurotrader.com\/de\/faq\/#breadcrumb","itemListElement":[{"@type":"ListItem","position":1,"name":"Home","item":"https:\/\/eurotrader.com\/de\/main-page-german\/"},{"@type":"ListItem","position":2,"name":"h\u00e4ufig gestellte Fragen"}]},{"@type":"WebSite","@id":"https:\/\/eurotrader.com\/de\/#website","url":"https:\/\/eurotrader.com\/de\/","name":".eurotrader.com","description":"Here at EuroTrader, our goal is to make CFD trading clear, fair, and create a client centric culture.   To set ourselves apart, we\u2019re providing  a simple trading platform and trading terms with clear pricing, quick execution, and unbeatable customer service.","publisher":{"@id":"https:\/\/eurotrader.com\/de\/#organization"},"potentialAction":[{"@type":"SearchAction","target":{"@type":"EntryPoint","urlTemplate":"https:\/\/eurotrader.com\/de\/?s={search_term_string}"},"query-input":{"@type":"PropertyValueSpecification","valueRequired":true,"valueName":"search_term_string"}}],"inLanguage":"de"},{"@type":"Organization","@id":"https:\/\/eurotrader.com\/de\/#organization","name":"Eurotrader","url":"https:\/\/eurotrader.com\/de\/","logo":{"@type":"ImageObject","inLanguage":"de","@id":"https:\/\/eurotrader.com\/de\/#\/schema\/logo\/image\/","url":"https:\/\/eurotrader.com\/wp-content\/uploads\/header-logo.svg","contentUrl":"https:\/\/eurotrader.com\/wp-content\/uploads\/header-logo.svg","width":184,"height":28,"caption":"Eurotrader"},"image":{"@id":"https:\/\/eurotrader.com\/de\/#\/schema\/logo\/image\/"}}]}},"_hostinger_reach_plugin_has_subscription_block":false,"_hostinger_reach_plugin_is_elementor":false,"_links":{"self":[{"href":"https:\/\/eurotrader.com\/de\/wp-json\/wp\/v2\/pages\/14899","targetHints":{"allow":["GET"]}}],"collection":[{"href":"https:\/\/eurotrader.com\/de\/wp-json\/wp\/v2\/pages"}],"about":[{"href":"https:\/\/eurotrader.com\/de\/wp-json\/wp\/v2\/types\/page"}],"author":[{"embeddable":true,"href":"https:\/\/eurotrader.com\/de\/wp-json\/wp\/v2\/users\/15"}],"replies":[{"embeddable":true,"href":"https:\/\/eurotrader.com\/de\/wp-json\/wp\/v2\/comments?post=14899"}],"version-history":[{"count":0,"href":"https:\/\/eurotrader.com\/de\/wp-json\/wp\/v2\/pages\/14899\/revisions"}],"wp:attachment":[{"href":"https:\/\/eurotrader.com\/de\/wp-json\/wp\/v2\/media?parent=14899"}],"curies":[{"name":"wp","href":"https:\/\/api.w.org\/{rel}","templated":true}]}}