{"id":14936,"date":"2024-02-05T21:27:32","date_gmt":"2024-02-05T21:27:32","guid":{"rendered":"https:\/\/web-stage.eurotrader.com\/market-holidays\/"},"modified":"2025-10-20T11:16:43","modified_gmt":"2025-10-20T10:16:43","slug":"market-holidays","status":"publish","type":"page","link":"https:\/\/eurotrader.com\/de\/market-holidays\/","title":{"rendered":"Marktfeiertage"},"content":{"rendered":"\t\t<div data-elementor-type=\"wp-page\" data-elementor-id=\"14936\" class=\"elementor elementor-14936 elementor-4670\" data-elementor-post-type=\"page\">\n\t\t\t\t<div class=\"elementor-element elementor-element-427b804 e-flex e-con-boxed e-con e-parent\" data-id=\"427b804\" data-element_type=\"container\" data-e-type=\"container\">\n\t\t\t\t\t<div class=\"e-con-inner\">\n\t\t\t\t<div class=\"elementor-element elementor-element-697106d elementor-widget elementor-widget-heading\" data-id=\"697106d\" data-element_type=\"widget\" data-e-type=\"widget\" data-settings=\"{&quot;ekit_we_effect_on&quot;:&quot;none&quot;}\" data-widget_type=\"heading.default\">\n\t\t\t\t<div class=\"elementor-widget-container\">\n\t\t\t\t\t<h1 class=\"elementor-heading-title elementor-size-default\">Feiertagszeitplan<\/h1>\t\t\t\t<\/div>\n\t\t\t\t<\/div>\n\t\t\t\t<div class=\"elementor-element elementor-element-26a0221 large-width-content  center-content  elementor-widget elementor-widget-text-editor\" data-id=\"26a0221\" data-element_type=\"widget\" data-e-type=\"widget\" data-settings=\"{&quot;ekit_we_effect_on&quot;:&quot;none&quot;}\" data-widget_type=\"text-editor.default\">\n\t\t\t\t<div class=\"elementor-widget-container\">\n\t\t\t\t\t\t\t\t\t<p>Marktfeiertage spielen eine entscheidende Rolle bei der Beeinflussung des Handelszeitplans und der Marktvolatilit\u00e4t. Informieren Sie sich in unserem umfassenden Kalender \u00fcber die bevorstehenden B\u00f6rsenfeiertage, um sicherzustellen, dass Sie \u00fcber alle \u00c4nderungen auf der B\u00f6rsenagenda gut informiert sind. Bleiben Sie mit unserem aktuellen Zeitplan auf dem Laufenden und planen Sie Ihre Handelsaktivit\u00e4ten punktgenau.<\/p>\n\t\t\t\t\t\t\t\t<\/div>\n\t\t\t\t<\/div>\n\t\t\t\t\t<\/div>\n\t\t\t\t<\/div>\n\t\t<div class=\"elementor-element elementor-element-48d4700 elementor-hidden-desktop elementor-hidden-tablet elementor-hidden-mobile e-flex e-con-boxed e-con e-parent\" data-id=\"48d4700\" data-element_type=\"container\" data-e-type=\"container\">\n\t\t\t\t\t<div class=\"e-con-inner\">\n\t\t<div class=\"elementor-element elementor-element-9c15961 e-con-full e-flex e-con e-child\" data-id=\"9c15961\" data-element_type=\"container\" data-e-type=\"container\">\n\t\t\t\t<div class=\"elementor-element elementor-element-e964bae elementor-widget elementor-widget-image\" data-id=\"e964bae\" data-element_type=\"widget\" data-e-type=\"widget\" data-settings=\"{&quot;ekit_we_effect_on&quot;:&quot;none&quot;}\" data-widget_type=\"image.default\">\n\t\t\t\t<div class=\"elementor-widget-container\">\n\t\t\t\t\t\t\t\t\t\t\t\t\t\t\t<img fetchpriority=\"high\" decoding=\"async\" width=\"640\" height=\"640\" src=\"https:\/\/eurotrader.com\/wp-content\/uploads\/470917581_1724565964832243_7757479462070064792_n.jpg\" class=\"attachment-large size-large wp-image-14486\" alt=\"\" \/>\t\t\t\t\t\t\t\t\t\t\t\t\t\t\t<\/div>\n\t\t\t\t<\/div>\n\t\t\t\t<\/div>\n\t\t<div class=\"elementor-element elementor-element-f7b1424 e-con-full e-flex e-con e-child\" data-id=\"f7b1424\" data-element_type=\"container\" data-e-type=\"container\">\n\t\t\t\t<div class=\"elementor-element elementor-element-0ff97a8 elementor-widget elementor-widget-image\" data-id=\"0ff97a8\" data-element_type=\"widget\" data-e-type=\"widget\" data-settings=\"{&quot;ekit_we_effect_on&quot;:&quot;none&quot;}\" data-widget_type=\"image.default\">\n\t\t\t\t<div class=\"elementor-widget-container\">\n\t\t\t\t\t\t\t\t\t\t\t\t\t\t\t<img decoding=\"async\" width=\"640\" height=\"640\" src=\"https:\/\/eurotrader.com\/wp-content\/uploads\/470901402_2021242061725927_6709643121862200593_n.jpg\" class=\"attachment-large size-large wp-image-14494\" alt=\"\" \/>\t\t\t\t\t\t\t\t\t\t\t\t\t\t\t<\/div>\n\t\t\t\t<\/div>\n\t\t\t\t<\/div>\n\t\t\t\t\t<\/div>\n\t\t\t\t<\/div>\n\t\t\t\t<\/div>\n\t\t","protected":false},"excerpt":{"rendered":"<p>Feiertagszeitplan Marktfeiertage spielen eine entscheidende Rolle bei der Beeinflussung des Handelszeitplans und der Marktvolatilit\u00e4t. Informieren Sie sich in unserem umfassenden Kalender \u00fcber die bevorstehenden B\u00f6rsenfeiertage, um sicherzustellen, dass Sie \u00fcber alle \u00c4nderungen auf der B\u00f6rsenagenda gut informiert sind. Bleiben Sie mit unserem aktuellen Zeitplan auf dem Laufenden und planen Sie Ihre Handelsaktivit\u00e4ten punktgenau.<\/p>\n","protected":false},"author":15,"featured_media":0,"parent":0,"menu_order":0,"comment_status":"closed","ping_status":"closed","template":"market-holidays-page.php","meta":{"inline_featured_image":false,"footnotes":""},"class_list":["post-14936","page","type-page","status-publish","hentry"],"acf":[],"yoast_head":"<!-- This site is optimized with the Yoast SEO plugin v26.9 - https:\/\/yoast.com\/product\/yoast-seo-wordpress\/ -->\n<title>Marktfeiertage - Eurotrader<\/title>\n<meta name=\"robots\" content=\"index, follow, max-snippet:-1, max-image-preview:large, max-video-preview:-1\" \/>\n<meta property=\"og:locale\" content=\"de_DE\" \/>\n<meta property=\"og:type\" content=\"article\" \/>\n<meta property=\"og:title\" content=\"Marktfeiertage - Eurotrader\" \/>\n<meta property=\"og:description\" content=\"Feiertagszeitplan Marktfeiertage spielen eine entscheidende Rolle bei der Beeinflussung des Handelszeitplans und der Marktvolatilit\u00e4t. Informieren Sie sich in unserem umfassenden Kalender \u00fcber die bevorstehenden B\u00f6rsenfeiertage, um sicherzustellen, dass Sie \u00fcber alle \u00c4nderungen auf der B\u00f6rsenagenda gut informiert sind. Bleiben Sie mit unserem aktuellen Zeitplan auf dem Laufenden und planen Sie Ihre Handelsaktivit\u00e4ten punktgenau.\" \/>\n<meta property=\"og:url\" content=\"https:\/\/eurotrader.com\/de\/market-holidays\/\" \/>\n<meta property=\"og:site_name\" content=\"Eurotrader\" \/>\n<meta property=\"article:modified_time\" content=\"2025-10-20T10:16:43+00:00\" \/>\n<meta property=\"og:image\" content=\"https:\/\/eurotrader.com\/wp-content\/uploads\/470917581_1724565964832243_7757479462070064792_n.jpg\" \/>\n<meta name=\"twitter:card\" content=\"summary_large_image\" \/>\n<meta name=\"twitter:label1\" content=\"Gesch\u00e4tzte Lesezeit\" \/>\n\t<meta name=\"twitter:data1\" content=\"1\u00a0Minute\" \/>\n<script type=\"application\/ld+json\" class=\"yoast-schema-graph\">{\"@context\":\"https:\/\/schema.org\",\"@graph\":[{\"@type\":\"WebPage\",\"@id\":\"https:\/\/eurotrader.com\/de\/market-holidays\/\",\"url\":\"https:\/\/eurotrader.com\/de\/market-holidays\/\",\"name\":\"Marktfeiertage - Eurotrader\",\"isPartOf\":{\"@id\":\"https:\/\/eurotrader.com\/de\/#website\"},\"primaryImageOfPage\":{\"@id\":\"https:\/\/eurotrader.com\/de\/market-holidays\/#primaryimage\"},\"image\":{\"@id\":\"https:\/\/eurotrader.com\/de\/market-holidays\/#primaryimage\"},\"thumbnailUrl\":\"https:\/\/eurotrader.com\/wp-content\/uploads\/470917581_1724565964832243_7757479462070064792_n.jpg\",\"datePublished\":\"2024-02-05T21:27:32+00:00\",\"dateModified\":\"2025-10-20T10:16:43+00:00\",\"breadcrumb\":{\"@id\":\"https:\/\/eurotrader.com\/de\/market-holidays\/#breadcrumb\"},\"inLanguage\":\"de\",\"potentialAction\":[{\"@type\":\"ReadAction\",\"target\":[\"https:\/\/eurotrader.com\/de\/market-holidays\/\"]}]},{\"@type\":\"ImageObject\",\"inLanguage\":\"de\",\"@id\":\"https:\/\/eurotrader.com\/de\/market-holidays\/#primaryimage\",\"url\":\"https:\/\/eurotrader.com\/wp-content\/uploads\/470917581_1724565964832243_7757479462070064792_n.jpg\",\"contentUrl\":\"https:\/\/eurotrader.com\/wp-content\/uploads\/470917581_1724565964832243_7757479462070064792_n.jpg\"},{\"@type\":\"BreadcrumbList\",\"@id\":\"https:\/\/eurotrader.com\/de\/market-holidays\/#breadcrumb\",\"itemListElement\":[{\"@type\":\"ListItem\",\"position\":1,\"name\":\"Home\",\"item\":\"https:\/\/eurotrader.com\/de\/main-page-german\/\"},{\"@type\":\"ListItem\",\"position\":2,\"name\":\"Marktfeiertage\"}]},{\"@type\":\"WebSite\",\"@id\":\"https:\/\/eurotrader.com\/de\/#website\",\"url\":\"https:\/\/eurotrader.com\/de\/\",\"name\":\".eurotrader.com\",\"description\":\"Here at EuroTrader, our goal is to make CFD trading clear, fair, and create a client centric culture.   To set ourselves apart, we\u2019re providing  a simple trading platform and trading terms with clear pricing, quick execution, and unbeatable customer service.\",\"publisher\":{\"@id\":\"https:\/\/eurotrader.com\/de\/#organization\"},\"potentialAction\":[{\"@type\":\"SearchAction\",\"target\":{\"@type\":\"EntryPoint\",\"urlTemplate\":\"https:\/\/eurotrader.com\/de\/?s={search_term_string}\"},\"query-input\":{\"@type\":\"PropertyValueSpecification\",\"valueRequired\":true,\"valueName\":\"search_term_string\"}}],\"inLanguage\":\"de\"},{\"@type\":\"Organization\",\"@id\":\"https:\/\/eurotrader.com\/de\/#organization\",\"name\":\"Eurotrader\",\"url\":\"https:\/\/eurotrader.com\/de\/\",\"logo\":{\"@type\":\"ImageObject\",\"inLanguage\":\"de\",\"@id\":\"https:\/\/eurotrader.com\/de\/#\/schema\/logo\/image\/\",\"url\":\"https:\/\/eurotrader.com\/wp-content\/uploads\/header-logo.svg\",\"contentUrl\":\"https:\/\/eurotrader.com\/wp-content\/uploads\/header-logo.svg\",\"width\":184,\"height\":28,\"caption\":\"Eurotrader\"},\"image\":{\"@id\":\"https:\/\/eurotrader.com\/de\/#\/schema\/logo\/image\/\"}}]}<\/script>\n<!-- \/ Yoast SEO plugin. -->","yoast_head_json":{"title":"Marktfeiertage - Eurotrader","robots":{"index":"index","follow":"follow","max-snippet":"max-snippet:-1","max-image-preview":"max-image-preview:large","max-video-preview":"max-video-preview:-1"},"og_locale":"de_DE","og_type":"article","og_title":"Marktfeiertage - Eurotrader","og_description":"Feiertagszeitplan Marktfeiertage spielen eine entscheidende Rolle bei der Beeinflussung des Handelszeitplans und der Marktvolatilit\u00e4t. Informieren Sie sich in unserem umfassenden Kalender \u00fcber die bevorstehenden B\u00f6rsenfeiertage, um sicherzustellen, dass Sie \u00fcber alle \u00c4nderungen auf der B\u00f6rsenagenda gut informiert sind. Bleiben Sie mit unserem aktuellen Zeitplan auf dem Laufenden und planen Sie Ihre Handelsaktivit\u00e4ten punktgenau.","og_url":"https:\/\/eurotrader.com\/de\/market-holidays\/","og_site_name":"Eurotrader","article_modified_time":"2025-10-20T10:16:43+00:00","og_image":[{"url":"https:\/\/eurotrader.com\/wp-content\/uploads\/470917581_1724565964832243_7757479462070064792_n.jpg","type":"","width":"","height":""}],"twitter_card":"summary_large_image","twitter_misc":{"Gesch\u00e4tzte Lesezeit":"1\u00a0Minute"},"schema":{"@context":"https:\/\/schema.org","@graph":[{"@type":"WebPage","@id":"https:\/\/eurotrader.com\/de\/market-holidays\/","url":"https:\/\/eurotrader.com\/de\/market-holidays\/","name":"Marktfeiertage - Eurotrader","isPartOf":{"@id":"https:\/\/eurotrader.com\/de\/#website"},"primaryImageOfPage":{"@id":"https:\/\/eurotrader.com\/de\/market-holidays\/#primaryimage"},"image":{"@id":"https:\/\/eurotrader.com\/de\/market-holidays\/#primaryimage"},"thumbnailUrl":"https:\/\/eurotrader.com\/wp-content\/uploads\/470917581_1724565964832243_7757479462070064792_n.jpg","datePublished":"2024-02-05T21:27:32+00:00","dateModified":"2025-10-20T10:16:43+00:00","breadcrumb":{"@id":"https:\/\/eurotrader.com\/de\/market-holidays\/#breadcrumb"},"inLanguage":"de","potentialAction":[{"@type":"ReadAction","target":["https:\/\/eurotrader.com\/de\/market-holidays\/"]}]},{"@type":"ImageObject","inLanguage":"de","@id":"https:\/\/eurotrader.com\/de\/market-holidays\/#primaryimage","url":"https:\/\/eurotrader.com\/wp-content\/uploads\/470917581_1724565964832243_7757479462070064792_n.jpg","contentUrl":"https:\/\/eurotrader.com\/wp-content\/uploads\/470917581_1724565964832243_7757479462070064792_n.jpg"},{"@type":"BreadcrumbList","@id":"https:\/\/eurotrader.com\/de\/market-holidays\/#breadcrumb","itemListElement":[{"@type":"ListItem","position":1,"name":"Home","item":"https:\/\/eurotrader.com\/de\/main-page-german\/"},{"@type":"ListItem","position":2,"name":"Marktfeiertage"}]},{"@type":"WebSite","@id":"https:\/\/eurotrader.com\/de\/#website","url":"https:\/\/eurotrader.com\/de\/","name":".eurotrader.com","description":"Here at EuroTrader, our goal is to make CFD trading clear, fair, and create a client centric culture.   To set ourselves apart, we\u2019re providing  a simple trading platform and trading terms with clear pricing, quick execution, and unbeatable customer service.","publisher":{"@id":"https:\/\/eurotrader.com\/de\/#organization"},"potentialAction":[{"@type":"SearchAction","target":{"@type":"EntryPoint","urlTemplate":"https:\/\/eurotrader.com\/de\/?s={search_term_string}"},"query-input":{"@type":"PropertyValueSpecification","valueRequired":true,"valueName":"search_term_string"}}],"inLanguage":"de"},{"@type":"Organization","@id":"https:\/\/eurotrader.com\/de\/#organization","name":"Eurotrader","url":"https:\/\/eurotrader.com\/de\/","logo":{"@type":"ImageObject","inLanguage":"de","@id":"https:\/\/eurotrader.com\/de\/#\/schema\/logo\/image\/","url":"https:\/\/eurotrader.com\/wp-content\/uploads\/header-logo.svg","contentUrl":"https:\/\/eurotrader.com\/wp-content\/uploads\/header-logo.svg","width":184,"height":28,"caption":"Eurotrader"},"image":{"@id":"https:\/\/eurotrader.com\/de\/#\/schema\/logo\/image\/"}}]}},"_hostinger_reach_plugin_has_subscription_block":false,"_hostinger_reach_plugin_is_elementor":false,"_links":{"self":[{"href":"https:\/\/eurotrader.com\/de\/wp-json\/wp\/v2\/pages\/14936","targetHints":{"allow":["GET"]}}],"collection":[{"href":"https:\/\/eurotrader.com\/de\/wp-json\/wp\/v2\/pages"}],"about":[{"href":"https:\/\/eurotrader.com\/de\/wp-json\/wp\/v2\/types\/page"}],"author":[{"embeddable":true,"href":"https:\/\/eurotrader.com\/de\/wp-json\/wp\/v2\/users\/15"}],"replies":[{"embeddable":true,"href":"https:\/\/eurotrader.com\/de\/wp-json\/wp\/v2\/comments?post=14936"}],"version-history":[{"count":0,"href":"https:\/\/eurotrader.com\/de\/wp-json\/wp\/v2\/pages\/14936\/revisions"}],"wp:attachment":[{"href":"https:\/\/eurotrader.com\/de\/wp-json\/wp\/v2\/media?parent=14936"}],"curies":[{"name":"wp","href":"https:\/\/api.w.org\/{rel}","templated":true}]}}