{"id":14964,"date":"2023-10-25T11:53:39","date_gmt":"2023-10-25T10:53:39","guid":{"rendered":"https:\/\/web-stage.eurotrader.com\/platform-tutorials\/"},"modified":"2025-10-20T11:14:32","modified_gmt":"2025-10-20T10:14:32","slug":"platform-tutorials","status":"publish","type":"page","link":"https:\/\/eurotrader.com\/de\/platform-tutorials\/","title":{"rendered":"Plattform-Tutorials"},"content":{"rendered":"\t\t<div data-elementor-type=\"wp-page\" data-elementor-id=\"14964\" class=\"elementor elementor-14964 elementor-964\" data-elementor-post-type=\"page\">\n\t\t\t\t<div class=\"elementor-element elementor-element-2fc5fa1b hero-bannersec e-flex e-con-boxed e-con e-parent\" data-id=\"2fc5fa1b\" data-element_type=\"container\" data-e-type=\"container\">\n\t\t\t\t\t<div class=\"e-con-inner\">\n\t\t\t\t<div class=\"elementor-element elementor-element-67ebef2c elementor-widget elementor-widget-heading\" data-id=\"67ebef2c\" data-element_type=\"widget\" data-e-type=\"widget\" data-settings=\"{&quot;ekit_we_effect_on&quot;:&quot;none&quot;}\" data-widget_type=\"heading.default\">\n\t\t\t\t<div class=\"elementor-widget-container\">\n\t\t\t\t\t<h1 class=\"elementor-heading-title elementor-size-default\">Platforms Tutorials<\/h1>\t\t\t\t<\/div>\n\t\t\t\t<\/div>\n\t\t\t\t<div class=\"elementor-element elementor-element-4d968f8b small-width-content  center-content  elementor-widget elementor-widget-text-editor\" data-id=\"4d968f8b\" data-element_type=\"widget\" data-e-type=\"widget\" data-settings=\"{&quot;ekit_we_effect_on&quot;:&quot;none&quot;}\" data-widget_type=\"text-editor.default\">\n\t\t\t\t<div class=\"elementor-widget-container\">\n\t\t\t\t\t\t\t\t\t<p>Lernen Sie die Besonderheiten von MT4 und MT5 mit Hilfe unserer praktischen Plattform-\u00dcbungen kennen.<\/p>\n\t\t\t\t\t\t\t\t<\/div>\n\t\t\t\t<\/div>\n\t\t\t\t\t<\/div>\n\t\t\t\t<\/div>\n\t\t<div class=\"elementor-element elementor-element-24a8225d e-flex e-con-boxed e-con e-parent\" data-id=\"24a8225d\" data-element_type=\"container\" data-e-type=\"container\">\n\t\t\t\t\t<div class=\"e-con-inner\">\n\t\t\t\t<div class=\"elementor-element elementor-element-de58855 elementor-widget elementor-widget-shortcode\" data-id=\"de58855\" data-element_type=\"widget\" data-e-type=\"widget\" data-settings=\"{&quot;ekit_we_effect_on&quot;:&quot;none&quot;}\" data-widget_type=\"shortcode.default\">\n\t\t\t\t<div class=\"elementor-widget-container\">\n\t\t\t\t\t\t\t<div class=\"elementor-shortcode\"><script>(function(w,d,t,h,l,b,p,o,a,m){w[\"TraducationFxObject\"]=o;w[o]=w[o]||function(){w[o].h=h;w[o].b=b;return (w[o].q=w[o].q||[]).push(arguments)};a=d.createElement(t),m=d.getElementsByTagName(t)[0];a.async=1;a.src=h+l+\"?b=\"+b+\"&p=\"+p.join(\",\")+'&rd='+w.location.protocol+'\/\/'+w.location.host+'&ru='+w.location.pathname+w.location.hash;a.crossorigin=\"use-credentials\";m.parentNode.insertBefore(a,m)})(window,document,\"script\",\"https:\/\/embedder.traducationfx.com\/\",\"embedder.js\",\"hpmkGrVwVHA\",[],\"TraducationFX\");TraducationFX(\"settings\", \"configure\", {    \"traderStateKey\": \"eP7gFXypBzC\"});<\/script><script>TraducationFX(\"video.metatrader-tutorials\", \"configure\", {    \"containerId\": \"trfx-metatrader-tutorials\",    \"playlistKey\": \"ihq3T1nI2vj\",    \"thumbnailSet\": \"default\",    \"layout\": \"vertical-tabs\"});TraducationFX(\"video.metatrader-tutorials\", \"embed\");<\/script><h1 class=\"trfx-product-title\"> <b>MetaTrader Tutorials<\/b><\/h1><div id=\"trfx-metatrader-tutorials\"><\/div><\/div>\n\t\t\t\t\t\t<\/div>\n\t\t\t\t<\/div>\n\t\t\t\t\t<\/div>\n\t\t\t\t<\/div>\n\t\t<div class=\"elementor-element elementor-element-81e164a e-flex e-con-boxed e-con e-parent\" data-id=\"81e164a\" data-element_type=\"container\" data-e-type=\"container\">\n\t\t\t\t\t<div class=\"e-con-inner\">\n\t\t\t\t<div class=\"elementor-element elementor-element-f38130c elementor-widget elementor-widget-shortcode\" data-id=\"f38130c\" data-element_type=\"widget\" data-e-type=\"widget\" data-settings=\"{&quot;ekit_we_effect_on&quot;:&quot;none&quot;}\" data-widget_type=\"shortcode.default\">\n\t\t\t\t<div class=\"elementor-widget-container\">\n\t\t\t\t\t\t\t<div class=\"elementor-shortcode\">\t\t<div data-elementor-type=\"container\" data-elementor-id=\"18123\" class=\"elementor elementor-18123 elementor-10803\" data-elementor-post-type=\"elementor_library\">\n\t\t\t\t<div class=\"elementor-element elementor-element-73bbae93 e-flex e-con-boxed e-con e-child\" data-id=\"73bbae93\" data-element_type=\"container\" data-e-type=\"container\">\n\t\t\t\t\t<div class=\"e-con-inner\">\n\t\t\t\t<div class=\"elementor-element elementor-element-99914c6 elementor-widget elementor-widget-heading\" data-id=\"99914c6\" data-element_type=\"widget\" data-e-type=\"widget\" data-settings=\"{&quot;ekit_we_effect_on&quot;:&quot;none&quot;}\" data-widget_type=\"heading.default\">\n\t\t\t\t<div class=\"elementor-widget-container\">\n\t\t\t\t\t<h2 class=\"elementor-heading-title elementor-size-default\">Kies uw platform<\/h2>\t\t\t\t<\/div>\n\t\t\t\t<\/div>\n\t\t\t\t<div class=\"elementor-element elementor-element-151c1a7a elementor-absolute elementor-widget elementor-widget-image\" data-id=\"151c1a7a\" data-element_type=\"widget\" data-e-type=\"widget\" data-settings=\"{&quot;_position&quot;:&quot;absolute&quot;,&quot;ekit_we_effect_on&quot;:&quot;none&quot;}\" data-widget_type=\"image.default\">\n\t\t\t\t<div class=\"elementor-widget-container\">\n\t\t\t\t\t\t\t\t\t\t\t\t\t\t\t<img fetchpriority=\"high\" decoding=\"async\" width=\"703\" height=\"817\" src=\"https:\/\/eurotrader.com\/wp-content\/uploads\/Group-622.png\" class=\"attachment-large size-large wp-image-7115\" alt=\"\" \/>\t\t\t\t\t\t\t\t\t\t\t\t\t\t\t<\/div>\n\t\t\t\t<\/div>\n\t\t<div class=\"elementor-element elementor-element-2fd1ddb2 e-con-full e-flex e-con e-child\" data-id=\"2fd1ddb2\" data-element_type=\"container\" data-e-type=\"container\">\n\t\t<div class=\"elementor-element elementor-element-1fdc0dfc e-con-full e-flex e-con e-child\" data-id=\"1fdc0dfc\" data-element_type=\"container\" data-e-type=\"container\" data-settings=\"{&quot;background_background&quot;:&quot;classic&quot;}\">\n\t\t\t\t<div class=\"elementor-element elementor-element-14dd2473 elementor-widget elementor-widget-image\" data-id=\"14dd2473\" data-element_type=\"widget\" data-e-type=\"widget\" data-settings=\"{&quot;ekit_we_effect_on&quot;:&quot;none&quot;}\" data-widget_type=\"image.default\">\n\t\t\t\t<div class=\"elementor-widget-container\">\n\t\t\t\t\t\t\t\t\t\t\t\t\t\t\t<img decoding=\"async\" width=\"141\" height=\"107\" src=\"https:\/\/eurotrader.com\/wp-content\/uploads\/image-17.png\" class=\"attachment-large size-large wp-image-7124\" alt=\"\" \/>\t\t\t\t\t\t\t\t\t\t\t\t\t\t\t<\/div>\n\t\t\t\t<\/div>\n\t\t\t\t<div class=\"elementor-element elementor-element-56d02f01 elementor-widget elementor-widget-heading\" data-id=\"56d02f01\" data-element_type=\"widget\" data-e-type=\"widget\" data-settings=\"{&quot;ekit_we_effect_on&quot;:&quot;none&quot;}\" data-widget_type=\"heading.default\">\n\t\t\t\t<div class=\"elementor-widget-container\">\n\t\t\t\t\t<h2 class=\"elementor-heading-title elementor-size-default\">MT4<\/h2>\t\t\t\t<\/div>\n\t\t\t\t<\/div>\n\t\t\t\t<div class=\"elementor-element elementor-element-a863ae2 elementor-widget elementor-widget-text-editor\" data-id=\"a863ae2\" data-element_type=\"widget\" data-e-type=\"widget\" data-settings=\"{&quot;ekit_we_effect_on&quot;:&quot;none&quot;}\" data-widget_type=\"text-editor.default\">\n\t\t\t\t<div class=\"elementor-widget-container\">\n\t\t\t\t\t\t\t\t\t<p>MetaTrader 4 ver\u00e4ndert den Handel durch seine benutzerfreundliche Oberfl\u00e4che und leistungsstarken Analysetools, die eine effiziente Umsetzung von Handelsstrategien erm\u00f6glichen. Dank der mobilen Apps k\u00f6nnen Trader nun jederzeit und \u00fcberall handeln, was maximale Flexibilit\u00e4t und uneingeschr\u00e4nkten Zugang auf dem Weg bietet.<\/p>\n\t\t\t\t\t\t\t\t<\/div>\n\t\t\t\t<\/div>\n\t\t\t\t<div class=\"elementor-element elementor-element-4926af83 elementor-widget__width-initial elementor-widget elementor-widget-button\" data-id=\"4926af83\" data-element_type=\"widget\" data-e-type=\"widget\" data-settings=\"{&quot;ekit_we_effect_on&quot;:&quot;none&quot;}\" data-widget_type=\"button.default\">\n\t\t\t\t<div class=\"elementor-widget-container\">\n\t\t\t\t\t\t\t\t\t<div class=\"elementor-button-wrapper\">\n\t\t\t\t\t<a class=\"elementor-button elementor-button-link elementor-size-sm\" href=\"https:\/\/eurotrader.com\/de\/mt4\/\">\n\t\t\t\t\t\t<span class=\"elementor-button-content-wrapper\">\n\t\t\t\t\t\t\t\t\t<span class=\"elementor-button-text\">Erfahre mehr<\/span>\n\t\t\t\t\t<\/span>\n\t\t\t\t\t<\/a>\n\t\t\t\t<\/div>\n\t\t\t\t\t\t\t\t<\/div>\n\t\t\t\t<\/div>\n\t\t\t\t<\/div>\n\t\t<div class=\"elementor-element elementor-element-62fbe94a e-con-full e-flex e-con e-child\" data-id=\"62fbe94a\" data-element_type=\"container\" data-e-type=\"container\" data-settings=\"{&quot;background_background&quot;:&quot;classic&quot;}\">\n\t\t\t\t<div class=\"elementor-element elementor-element-38f1c3eb elementor-widget elementor-widget-image\" data-id=\"38f1c3eb\" data-element_type=\"widget\" data-e-type=\"widget\" data-settings=\"{&quot;ekit_we_effect_on&quot;:&quot;none&quot;}\" data-widget_type=\"image.default\">\n\t\t\t\t<div class=\"elementor-widget-container\">\n\t\t\t\t\t\t\t\t\t\t\t\t\t\t\t<img decoding=\"async\" width=\"141\" height=\"108\" src=\"https:\/\/eurotrader.com\/wp-content\/uploads\/image-18.png\" class=\"attachment-large size-large wp-image-7130\" alt=\"\" \/>\t\t\t\t\t\t\t\t\t\t\t\t\t\t\t<\/div>\n\t\t\t\t<\/div>\n\t\t\t\t<div class=\"elementor-element elementor-element-4c023146 elementor-widget elementor-widget-heading\" data-id=\"4c023146\" data-element_type=\"widget\" data-e-type=\"widget\" data-settings=\"{&quot;ekit_we_effect_on&quot;:&quot;none&quot;}\" data-widget_type=\"heading.default\">\n\t\t\t\t<div class=\"elementor-widget-container\">\n\t\t\t\t\t<h2 class=\"elementor-heading-title elementor-size-default\">MT5<\/h2>\t\t\t\t<\/div>\n\t\t\t\t<\/div>\n\t\t\t\t<div class=\"elementor-element elementor-element-55d73415 elementor-widget elementor-widget-text-editor\" data-id=\"55d73415\" data-element_type=\"widget\" data-e-type=\"widget\" data-settings=\"{&quot;ekit_we_effect_on&quot;:&quot;none&quot;}\" data-widget_type=\"text-editor.default\">\n\t\t\t\t<div class=\"elementor-widget-container\">\n\t\t\t\t\t\t\t\t\t<p data-renderer-start-pos=\"368\">Erleben Sie die Zukunft des Handels mit MetaTrader 5, wo erweiterte Funktionen wie zus\u00e4tzliche Zeitrahmen und eine fortschrittliche Markttiefe-Funktionalit\u00e4t sicherstellen, dass jeder Handel pr\u00e4zise und effizient ist. Mit seiner hochmodernen Technologie setzt MT5 einen neuen Standard f\u00fcr HandelsExzellenz.<\/p>\n\t\t\t\t\t\t\t\t<\/div>\n\t\t\t\t<\/div>\n\t\t\t\t<div class=\"elementor-element elementor-element-fa31e96 elementor-widget__width-initial elementor-widget elementor-widget-button\" data-id=\"fa31e96\" data-element_type=\"widget\" data-e-type=\"widget\" data-settings=\"{&quot;ekit_we_effect_on&quot;:&quot;none&quot;}\" data-widget_type=\"button.default\">\n\t\t\t\t<div class=\"elementor-widget-container\">\n\t\t\t\t\t\t\t\t\t<div class=\"elementor-button-wrapper\">\n\t\t\t\t\t<a class=\"elementor-button elementor-button-link elementor-size-sm\" href=\"https:\/\/eurotrader.com\/de\/mt5\/\">\n\t\t\t\t\t\t<span class=\"elementor-button-content-wrapper\">\n\t\t\t\t\t\t\t\t\t<span class=\"elementor-button-text\">Erfahre mehr<\/span>\n\t\t\t\t\t<\/span>\n\t\t\t\t\t<\/a>\n\t\t\t\t<\/div>\n\t\t\t\t\t\t\t\t<\/div>\n\t\t\t\t<\/div>\n\t\t\t\t<\/div>\n\t\t\t\t<\/div>\n\t\t\t\t\t<\/div>\n\t\t\t\t<\/div>\n\t\t\t\t<\/div>\n\t\t<\/div>\n\t\t\t\t\t\t<\/div>\n\t\t\t\t<\/div>\n\t\t\t\t\t<\/div>\n\t\t\t\t<\/div>\n\t\t\t\t<\/div>\n\t\t","protected":false},"excerpt":{"rendered":"<p>Platforms Tutorials Lernen Sie die Besonderheiten von MT4 und MT5 mit Hilfe unserer praktischen Plattform-\u00dcbungen kennen. MetaTrader Tutorials<\/p>\n","protected":false},"author":15,"featured_media":0,"parent":0,"menu_order":0,"comment_status":"closed","ping_status":"closed","template":"","meta":{"inline_featured_image":false,"footnotes":""},"class_list":["post-14964","page","type-page","status-publish","hentry"],"acf":[],"yoast_head":"<!-- This site is optimized with the Yoast SEO plugin v26.9 - https:\/\/yoast.com\/product\/yoast-seo-wordpress\/ -->\n<title>Handelsplattform-Tutorials | Eurotrader<\/title>\n<meta name=\"description\" content=\"Meistern Sie MT4 und MT5 mit unseren Plattform-Tutorials. Erlernen Sie die Details dieser Handelstools und handeln Sie verantwortungsbewusst.\" \/>\n<meta name=\"robots\" content=\"index, follow, max-snippet:-1, max-image-preview:large, max-video-preview:-1\" \/>\n<meta property=\"og:locale\" content=\"de_DE\" \/>\n<meta property=\"og:type\" content=\"article\" \/>\n<meta property=\"og:title\" content=\"Handelsplattform-Tutorials | Eurotrader\" \/>\n<meta property=\"og:description\" content=\"Meistern Sie MT4 und MT5 mit unseren Plattform-Tutorials. Erlernen Sie die Details dieser Handelstools und handeln Sie verantwortungsbewusst.\" \/>\n<meta property=\"og:url\" content=\"https:\/\/eurotrader.com\/de\/platform-tutorials\/\" \/>\n<meta property=\"og:site_name\" content=\"Eurotrader\" \/>\n<meta property=\"article:modified_time\" content=\"2025-10-20T10:14:32+00:00\" \/>\n<meta property=\"og:image\" content=\"https:\/\/eurotrader.com\/wp-content\/uploads\/image-54.png\" \/>\n\t<meta property=\"og:image:width\" content=\"209\" \/>\n\t<meta property=\"og:image:height\" content=\"209\" \/>\n\t<meta property=\"og:image:type\" content=\"image\/png\" \/>\n<meta name=\"twitter:card\" content=\"summary_large_image\" \/>\n<meta name=\"twitter:title\" content=\"Handelsplattform-Tutorials | Eurotrader\" \/>\n<meta name=\"twitter:description\" content=\"Meistern Sie MT4 und MT5 mit unseren Plattform-Tutorials. Erlernen Sie die Details dieser Handelstools und handeln Sie verantwortungsbewusst.\" \/>\n<meta name=\"twitter:label1\" content=\"Gesch\u00e4tzte Lesezeit\" \/>\n\t<meta name=\"twitter:data1\" content=\"2\u00a0Minuten\" \/>\n<script type=\"application\/ld+json\" class=\"yoast-schema-graph\">{\"@context\":\"https:\/\/schema.org\",\"@graph\":[{\"@type\":\"WebPage\",\"@id\":\"https:\/\/eurotrader.com\/de\/platform-tutorials\/\",\"url\":\"https:\/\/eurotrader.com\/de\/platform-tutorials\/\",\"name\":\"Handelsplattform-Tutorials | Eurotrader\",\"isPartOf\":{\"@id\":\"https:\/\/eurotrader.com\/de\/#website\"},\"datePublished\":\"2023-10-25T10:53:39+00:00\",\"dateModified\":\"2025-10-20T10:14:32+00:00\",\"description\":\"Meistern Sie MT4 und MT5 mit unseren Plattform-Tutorials. Erlernen Sie die Details dieser Handelstools und handeln Sie verantwortungsbewusst.\",\"breadcrumb\":{\"@id\":\"https:\/\/eurotrader.com\/de\/platform-tutorials\/#breadcrumb\"},\"inLanguage\":\"de\",\"potentialAction\":[{\"@type\":\"ReadAction\",\"target\":[\"https:\/\/eurotrader.com\/de\/platform-tutorials\/\"]}]},{\"@type\":\"BreadcrumbList\",\"@id\":\"https:\/\/eurotrader.com\/de\/platform-tutorials\/#breadcrumb\",\"itemListElement\":[{\"@type\":\"ListItem\",\"position\":1,\"name\":\"Home\",\"item\":\"https:\/\/eurotrader.com\/de\/main-page-german\/\"},{\"@type\":\"ListItem\",\"position\":2,\"name\":\"Plattform-Tutorials\"}]},{\"@type\":\"WebSite\",\"@id\":\"https:\/\/eurotrader.com\/de\/#website\",\"url\":\"https:\/\/eurotrader.com\/de\/\",\"name\":\".eurotrader.com\",\"description\":\"Here at EuroTrader, our goal is to make CFD trading clear, fair, and create a client centric culture.   To set ourselves apart, we\u2019re providing  a simple trading platform and trading terms with clear pricing, quick execution, and unbeatable customer service.\",\"publisher\":{\"@id\":\"https:\/\/eurotrader.com\/de\/#organization\"},\"potentialAction\":[{\"@type\":\"SearchAction\",\"target\":{\"@type\":\"EntryPoint\",\"urlTemplate\":\"https:\/\/eurotrader.com\/de\/?s={search_term_string}\"},\"query-input\":{\"@type\":\"PropertyValueSpecification\",\"valueRequired\":true,\"valueName\":\"search_term_string\"}}],\"inLanguage\":\"de\"},{\"@type\":\"Organization\",\"@id\":\"https:\/\/eurotrader.com\/de\/#organization\",\"name\":\"Eurotrader\",\"url\":\"https:\/\/eurotrader.com\/de\/\",\"logo\":{\"@type\":\"ImageObject\",\"inLanguage\":\"de\",\"@id\":\"https:\/\/eurotrader.com\/de\/#\/schema\/logo\/image\/\",\"url\":\"https:\/\/eurotrader.com\/wp-content\/uploads\/header-logo.svg\",\"contentUrl\":\"https:\/\/eurotrader.com\/wp-content\/uploads\/header-logo.svg\",\"width\":184,\"height\":28,\"caption\":\"Eurotrader\"},\"image\":{\"@id\":\"https:\/\/eurotrader.com\/de\/#\/schema\/logo\/image\/\"}}]}<\/script>\n<!-- \/ Yoast SEO plugin. -->","yoast_head_json":{"title":"Handelsplattform-Tutorials | Eurotrader","description":"Meistern Sie MT4 und MT5 mit unseren Plattform-Tutorials. Erlernen Sie die Details dieser Handelstools und handeln Sie verantwortungsbewusst.","robots":{"index":"index","follow":"follow","max-snippet":"max-snippet:-1","max-image-preview":"max-image-preview:large","max-video-preview":"max-video-preview:-1"},"og_locale":"de_DE","og_type":"article","og_title":"Handelsplattform-Tutorials | Eurotrader","og_description":"Meistern Sie MT4 und MT5 mit unseren Plattform-Tutorials. Erlernen Sie die Details dieser Handelstools und handeln Sie verantwortungsbewusst.","og_url":"https:\/\/eurotrader.com\/de\/platform-tutorials\/","og_site_name":"Eurotrader","article_modified_time":"2025-10-20T10:14:32+00:00","og_image":[{"width":209,"height":209,"url":"https:\/\/eurotrader.com\/wp-content\/uploads\/image-54.png","type":"image\/png"}],"twitter_card":"summary_large_image","twitter_title":"Handelsplattform-Tutorials | Eurotrader","twitter_description":"Meistern Sie MT4 und MT5 mit unseren Plattform-Tutorials. Erlernen Sie die Details dieser Handelstools und handeln Sie verantwortungsbewusst.","twitter_misc":{"Gesch\u00e4tzte Lesezeit":"2\u00a0Minuten"},"schema":{"@context":"https:\/\/schema.org","@graph":[{"@type":"WebPage","@id":"https:\/\/eurotrader.com\/de\/platform-tutorials\/","url":"https:\/\/eurotrader.com\/de\/platform-tutorials\/","name":"Handelsplattform-Tutorials | Eurotrader","isPartOf":{"@id":"https:\/\/eurotrader.com\/de\/#website"},"datePublished":"2023-10-25T10:53:39+00:00","dateModified":"2025-10-20T10:14:32+00:00","description":"Meistern Sie MT4 und MT5 mit unseren Plattform-Tutorials. Erlernen Sie die Details dieser Handelstools und handeln Sie verantwortungsbewusst.","breadcrumb":{"@id":"https:\/\/eurotrader.com\/de\/platform-tutorials\/#breadcrumb"},"inLanguage":"de","potentialAction":[{"@type":"ReadAction","target":["https:\/\/eurotrader.com\/de\/platform-tutorials\/"]}]},{"@type":"BreadcrumbList","@id":"https:\/\/eurotrader.com\/de\/platform-tutorials\/#breadcrumb","itemListElement":[{"@type":"ListItem","position":1,"name":"Home","item":"https:\/\/eurotrader.com\/de\/main-page-german\/"},{"@type":"ListItem","position":2,"name":"Plattform-Tutorials"}]},{"@type":"WebSite","@id":"https:\/\/eurotrader.com\/de\/#website","url":"https:\/\/eurotrader.com\/de\/","name":".eurotrader.com","description":"Here at EuroTrader, our goal is to make CFD trading clear, fair, and create a client centric culture.   To set ourselves apart, we\u2019re providing  a simple trading platform and trading terms with clear pricing, quick execution, and unbeatable customer service.","publisher":{"@id":"https:\/\/eurotrader.com\/de\/#organization"},"potentialAction":[{"@type":"SearchAction","target":{"@type":"EntryPoint","urlTemplate":"https:\/\/eurotrader.com\/de\/?s={search_term_string}"},"query-input":{"@type":"PropertyValueSpecification","valueRequired":true,"valueName":"search_term_string"}}],"inLanguage":"de"},{"@type":"Organization","@id":"https:\/\/eurotrader.com\/de\/#organization","name":"Eurotrader","url":"https:\/\/eurotrader.com\/de\/","logo":{"@type":"ImageObject","inLanguage":"de","@id":"https:\/\/eurotrader.com\/de\/#\/schema\/logo\/image\/","url":"https:\/\/eurotrader.com\/wp-content\/uploads\/header-logo.svg","contentUrl":"https:\/\/eurotrader.com\/wp-content\/uploads\/header-logo.svg","width":184,"height":28,"caption":"Eurotrader"},"image":{"@id":"https:\/\/eurotrader.com\/de\/#\/schema\/logo\/image\/"}}]}},"_hostinger_reach_plugin_has_subscription_block":false,"_hostinger_reach_plugin_is_elementor":false,"_links":{"self":[{"href":"https:\/\/eurotrader.com\/de\/wp-json\/wp\/v2\/pages\/14964","targetHints":{"allow":["GET"]}}],"collection":[{"href":"https:\/\/eurotrader.com\/de\/wp-json\/wp\/v2\/pages"}],"about":[{"href":"https:\/\/eurotrader.com\/de\/wp-json\/wp\/v2\/types\/page"}],"author":[{"embeddable":true,"href":"https:\/\/eurotrader.com\/de\/wp-json\/wp\/v2\/users\/15"}],"replies":[{"embeddable":true,"href":"https:\/\/eurotrader.com\/de\/wp-json\/wp\/v2\/comments?post=14964"}],"version-history":[{"count":0,"href":"https:\/\/eurotrader.com\/de\/wp-json\/wp\/v2\/pages\/14964\/revisions"}],"wp:attachment":[{"href":"https:\/\/eurotrader.com\/de\/wp-json\/wp\/v2\/media?parent=14964"}],"curies":[{"name":"wp","href":"https:\/\/api.w.org\/{rel}","templated":true}]}}