{"id":14992,"date":"2024-03-10T15:00:17","date_gmt":"2024-03-10T15:00:17","guid":{"rendered":"https:\/\/web-stage.eurotrader.com\/withdrawals-deposits\/"},"modified":"2025-01-15T16:28:41","modified_gmt":"2025-01-15T16:28:41","slug":"withdrawals-deposits","status":"publish","type":"page","link":"https:\/\/eurotrader.com\/de\/withdrawals-deposits\/","title":{"rendered":"Auszahlungen &#038; Einzahlungen"},"content":{"rendered":"\t\t<div data-elementor-type=\"wp-page\" data-elementor-id=\"14992\" class=\"elementor elementor-14992 elementor-4829\" data-elementor-post-type=\"page\">\n\t\t\t\t<div class=\"elementor-element elementor-element-390c3f e-flex e-con-boxed e-con e-parent\" data-id=\"390c3f\" data-element_type=\"container\" data-e-type=\"container\" data-settings=\"{&quot;background_background&quot;:&quot;classic&quot;}\">\n\t\t\t\t\t<div class=\"e-con-inner\">\n\t\t<div class=\"elementor-element elementor-element-d4aa453 e-flex e-con-boxed e-con e-child\" data-id=\"d4aa453\" data-element_type=\"container\" data-e-type=\"container\">\n\t\t\t\t\t<div class=\"e-con-inner\">\n\t\t\t\t<div class=\"elementor-element elementor-element-5c869f02 elementor-widget elementor-widget-heading\" data-id=\"5c869f02\" data-element_type=\"widget\" data-e-type=\"widget\" data-settings=\"{&quot;ekit_we_effect_on&quot;:&quot;none&quot;}\" data-widget_type=\"heading.default\">\n\t\t\t\t<div class=\"elementor-widget-container\">\n\t\t\t\t\t<h1 class=\"elementor-heading-title elementor-size-default\">Auszahlungen &amp; Einzahlungen<\/h1>\t\t\t\t<\/div>\n\t\t\t\t<\/div>\n\t\t\t\t<div class=\"elementor-element elementor-element-55286574 large-width-content center-content elementor-widget elementor-widget-text-editor\" data-id=\"55286574\" data-element_type=\"widget\" data-e-type=\"widget\" data-settings=\"{&quot;ekit_we_effect_on&quot;:&quot;none&quot;}\" data-widget_type=\"text-editor.default\">\n\t\t\t\t<div class=\"elementor-widget-container\">\n\t\t\t\t\t\t\t\t\t<p>Sie k\u00f6nnen ganz einfach Geld auf Ihr Eurotrader-Konto einzahlen oder Ihre Gewinne abheben.<br \/>\nWir bieten bequeme Zahlungsmethoden mit schnellen Bearbeitungszeiten und starker Sicherheit an.<\/p>\n\t\t\t\t\t\t\t\t<\/div>\n\t\t\t\t<\/div>\n\t\t\t\t\t<\/div>\n\t\t\t\t<\/div>\n\t\t\t\t\t<\/div>\n\t\t\t\t<\/div>\n\t\t<div class=\"elementor-element elementor-element-4fe95013 e-flex e-con-boxed e-con e-parent\" data-id=\"4fe95013\" data-element_type=\"container\" data-e-type=\"container\">\n\t\t\t\t\t<div class=\"e-con-inner\">\n\t\t\t\t<div class=\"elementor-element elementor-element-59350608 elementor-widget elementor-widget-html\" data-id=\"59350608\" data-element_type=\"widget\" data-e-type=\"widget\" data-settings=\"{&quot;ekit_we_effect_on&quot;:&quot;none&quot;}\" data-widget_type=\"html.default\">\n\t\t\t\t<div class=\"elementor-widget-container\">\n\t\t\t\t\t<div class=\"payments-table\">\r\n<table>\r\n    <thead>\r\n        <tr>\r\n            <th>PAYMENT SYSTEM<\/th>\r\n            <th>CURRENCY<\/th>\r\n            <th>FEE<\/th>\r\n            <th>PROCESSING TIME<\/th>\r\n            <th>LIMITS<\/th>\r\n        <\/tr>\r\n    <\/thead>\r\n    <tbody>\r\n        <tr>\r\n            <td><\/td>\r\n            <td><\/td>\r\n            <td>\r\n                <div>\r\n                    <div>Deposit<\/div>\r\n                    <div>Withdraw<\/div>\r\n                <\/div>\r\n            <\/td>\r\n            <td>\r\n                <div>\r\n                    <div>Deposit<\/div>\r\n                    <div>Withdraw<\/div>\r\n                <\/div>\r\n            <\/td>\r\n            <td>\r\n                <div>\r\n                    <div>Deposit<\/div>\r\n                    <div>Withdraw<\/div>\r\n                <\/div>\r\n            <\/td>\r\n        <\/tr>\r\n        <tr>\r\n             <td>   \r\n                <div>\r\n                    <div>\r\n                        <img decoding=\"async\" src=\"\/wp-content\/themes\/eurotrader\/includes\/images\/cards\/bank-icon.png\" alt=\"bank icon\"\/>\r\n                    <\/div>\r\n                    <div>Bank Transfer\r\n                    <\/div>\r\n                <\/div>\r\n            <\/td>\r\n            <td>All Currencies<\/td>\r\n            <td>\r\n                <div>\r\n                    <div>Free<\/div>\r\n                    <span>Free<\/span><sup>1<\/sup>\r\n                <\/div>\r\n            <\/td>\r\n            <td>\r\n                <div>\r\n                    <div>From 1 to 5 business days<\/div>\r\n                    <div>Up to 1 working day<sup>3<\/sup><\/div>\r\n                <\/div>\r\n            <\/td>\r\n             <td>\r\n                 <div>\r\n                     <div>Min 10 USD <\/div>\r\n                     <div>Min 10 USD <\/div>\r\n                 <\/div>\r\n            <\/td>\r\n        <\/tr>\r\n        <tr>\r\n            <td>\r\n                <div>\r\n                    <div>\r\n                        <img decoding=\"async\" src=\"\/wp-content\/themes\/eurotrader\/includes\/images\/cards\/visa-icon.png\" alt=\"Visa\"\/>\r\n                    <\/div>\r\n                    <div>MasterCard \/ Visa\r\n                    <\/div>\r\n                    <\/div>\r\n                <\/td>\r\n            <td>All Currencies<\/td>\r\n            <td>\r\n                <div>\r\n                    <div>Free<\/div>\r\n                    <span>Free<\/span><sup>1<\/sup>\r\n                <\/div>\r\n            <\/td>\r\n            <td>\r\n                <div>\r\n                    <div>Instant<sup>2<\/sup><\/div>\r\n                    <div>Up to 1 working day<sup>3<\/sup><\/div>\r\n                <\/div>\r\n            <\/td>\r\n             <td>\r\n                 <div>\r\n                     <div>Min 10 USD <\/div>\r\n                     <div>Min 10 USD <\/div>\r\n                 <\/div>\r\n            <\/td>\r\n        <\/tr>\r\n        <tr>\r\n            <td>\r\n                <div>\r\n                    <div><img decoding=\"async\" src=\"\/wp-content\/themes\/eurotrader\/includes\/images\/cards\/skrill-icon.png\" alt=\"Skrill\"\/>\r\n                    <\/div>\r\n                    <div>Skrill (eWallet)<\/div>\r\n                    <\/div>\r\n                <\/td>\r\n            <td>All Currencies<\/td>\r\n            <td>\r\n                <div>\r\n                    <div>Free<\/div>\r\n                    <span>Free<\/span><sup>1<\/sup>\r\n                <\/div>\r\n            <\/td>\r\n            <td>\r\n                <div>\r\n                   <div>Instant<sup>2<\/sup><\/div>\r\n                    <div>Up to 1 working day<sup>3<\/sup><\/div>\r\n                <\/div>\r\n            <\/td>\r\n             <td>\r\n                 <div>\r\n                     <div>Min 10 USD D<\/div>\r\n                     <div>Min 10 USD <\/div>\r\n                 <\/div>\r\n            <\/td>\r\n        <\/tr>\r\n    <\/tbody>\r\n<\/table>\r\n<\/div>\t\t\t\t<\/div>\n\t\t\t\t<\/div>\n\t\t\t\t\t<\/div>\n\t\t\t\t<\/div>\n\t\t<div class=\"elementor-element elementor-element-659890bf e-flex e-con-boxed e-con e-parent\" data-id=\"659890bf\" data-element_type=\"container\" data-e-type=\"container\">\n\t\t\t\t\t<div class=\"e-con-inner\">\n\t\t\t\t<div class=\"elementor-element elementor-element-1c3a1b3 elementor-icon-list--layout-traditional elementor-list-item-link-full_width elementor-widget elementor-widget-icon-list\" data-id=\"1c3a1b3\" data-element_type=\"widget\" data-e-type=\"widget\" data-settings=\"{&quot;ekit_we_effect_on&quot;:&quot;none&quot;}\" data-widget_type=\"icon-list.default\">\n\t\t\t\t<div class=\"elementor-widget-container\">\n\t\t\t\t\t\t\t<ul class=\"elementor-icon-list-items\">\n\t\t\t\t\t\t\t<li class=\"elementor-icon-list-item\">\n\t\t\t\t\t\t\t\t\t\t<span class=\"elementor-icon-list-text\"><sup>1 <\/sup>Eine Abhebungsgeb\u00fchr von bis zu 2 % wird erhoben, wenn der Antrag ohne vorherige Handelsaktivit\u00e4t gestellt wird.<\/span>\n\t\t\t\t\t\t\t\t\t<\/li>\n\t\t\t\t\t\t\t\t<li class=\"elementor-icon-list-item\">\n\t\t\t\t\t\t\t\t\t\t<span class=\"elementor-icon-list-text\"><sup>2 <\/sup>Eurotrader tr\u00e4gt keine Verantwortung f\u00fcr Verz\u00f6gerungen bei der Bearbeitung, die au\u00dferhalb seiner Kontrolle liegen.<\/span>\n\t\t\t\t\t\t\t\t\t<\/li>\n\t\t\t\t\t\t\t\t<li class=\"elementor-icon-list-item\">\n\t\t\t\t\t\t\t\t\t\t<span class=\"elementor-icon-list-text\"><sup>3<\/sup>Auszahlungen werden in der Regel innerhalb von 1 Gesch\u00e4ftstag bearbeitet, es sei denn, zus\u00e4tzliche Dokumente oder Informationen sind erforderlich. \u00dcberweisungen auf Karten und Bankkonten k\u00f6nnen 1 bis 7 Gesch\u00e4ftstage ab der Bearbeitung dauern, w\u00e4hrend Skrill-Abhebungen noch am selben Tag gutgeschrieben werden.<\/span>\n\t\t\t\t\t\t\t\t\t<\/li>\n\t\t\t\t\t\t<\/ul>\n\t\t\t\t\t\t<\/div>\n\t\t\t\t<\/div>\n\t\t\t\t\t<\/div>\n\t\t\t\t<\/div>\n\t\t\t\t<\/div>\n\t\t","protected":false},"excerpt":{"rendered":"<p>Auszahlungen &amp; Einzahlungen Sie k\u00f6nnen ganz einfach Geld auf Ihr Eurotrader-Konto einzahlen oder Ihre Gewinne abheben. Wir bieten bequeme Zahlungsmethoden mit schnellen Bearbeitungszeiten und starker Sicherheit an. PAYMENT SYSTEM CURRENCY FEE PROCESSING TIME LIMITS Deposit Withdraw Deposit Withdraw Deposit Withdraw Bank Transfer All Currencies Free Free1 From 1 to 5 business days Up to 1 [&hellip;]<\/p>\n","protected":false},"author":15,"featured_media":0,"parent":0,"menu_order":0,"comment_status":"closed","ping_status":"closed","template":"","meta":{"inline_featured_image":false,"footnotes":""},"class_list":["post-14992","page","type-page","status-publish","hentry"],"acf":[],"yoast_head":"<!-- This site is optimized with the Yoast SEO plugin v26.9 - https:\/\/yoast.com\/product\/yoast-seo-wordpress\/ -->\n<title>Auszahlungen &amp; Einzahlungen - Eurotrader<\/title>\n<meta name=\"robots\" content=\"index, follow, max-snippet:-1, max-image-preview:large, max-video-preview:-1\" \/>\n<meta property=\"og:locale\" content=\"de_DE\" \/>\n<meta property=\"og:type\" content=\"article\" \/>\n<meta property=\"og:title\" content=\"Auszahlungen &amp; Einzahlungen - Eurotrader\" \/>\n<meta property=\"og:description\" content=\"Auszahlungen &amp; Einzahlungen Sie k\u00f6nnen ganz einfach Geld auf Ihr Eurotrader-Konto einzahlen oder Ihre Gewinne abheben. Wir bieten bequeme Zahlungsmethoden mit schnellen Bearbeitungszeiten und starker Sicherheit an. PAYMENT SYSTEM CURRENCY FEE PROCESSING TIME LIMITS Deposit Withdraw Deposit Withdraw Deposit Withdraw Bank Transfer All Currencies Free Free1 From 1 to 5 business days Up to 1 [&hellip;]\" \/>\n<meta property=\"og:url\" content=\"https:\/\/eurotrader.com\/de\/withdrawals-deposits\/\" \/>\n<meta property=\"og:site_name\" content=\"Eurotrader\" \/>\n<meta property=\"article:modified_time\" content=\"2025-01-15T16:28:41+00:00\" \/>\n<meta property=\"og:image\" content=\"https:\/\/eurotrader.com\/wp-content\/uploads\/image-54.png\" \/>\n\t<meta property=\"og:image:width\" content=\"209\" \/>\n\t<meta property=\"og:image:height\" content=\"209\" \/>\n\t<meta property=\"og:image:type\" content=\"image\/png\" \/>\n<meta name=\"twitter:card\" content=\"summary_large_image\" \/>\n<meta name=\"twitter:label1\" content=\"Gesch\u00e4tzte Lesezeit\" \/>\n\t<meta name=\"twitter:data1\" content=\"1\u00a0Minute\" \/>\n<script type=\"application\/ld+json\" class=\"yoast-schema-graph\">{\"@context\":\"https:\/\/schema.org\",\"@graph\":[{\"@type\":\"WebPage\",\"@id\":\"https:\/\/eurotrader.com\/de\/withdrawals-deposits\/\",\"url\":\"https:\/\/eurotrader.com\/de\/withdrawals-deposits\/\",\"name\":\"Auszahlungen & Einzahlungen - Eurotrader\",\"isPartOf\":{\"@id\":\"https:\/\/eurotrader.com\/de\/#website\"},\"datePublished\":\"2024-03-10T15:00:17+00:00\",\"dateModified\":\"2025-01-15T16:28:41+00:00\",\"breadcrumb\":{\"@id\":\"https:\/\/eurotrader.com\/de\/withdrawals-deposits\/#breadcrumb\"},\"inLanguage\":\"de\",\"potentialAction\":[{\"@type\":\"ReadAction\",\"target\":[\"https:\/\/eurotrader.com\/de\/withdrawals-deposits\/\"]}]},{\"@type\":\"BreadcrumbList\",\"@id\":\"https:\/\/eurotrader.com\/de\/withdrawals-deposits\/#breadcrumb\",\"itemListElement\":[{\"@type\":\"ListItem\",\"position\":1,\"name\":\"Home\",\"item\":\"https:\/\/eurotrader.com\/de\/main-page-german\/\"},{\"@type\":\"ListItem\",\"position\":2,\"name\":\"Auszahlungen &#038; Einzahlungen\"}]},{\"@type\":\"WebSite\",\"@id\":\"https:\/\/eurotrader.com\/de\/#website\",\"url\":\"https:\/\/eurotrader.com\/de\/\",\"name\":\".eurotrader.com\",\"description\":\"Here at EuroTrader, our goal is to make CFD trading clear, fair, and create a client centric culture.   To set ourselves apart, we\u2019re providing  a simple trading platform and trading terms with clear pricing, quick execution, and unbeatable customer service.\",\"publisher\":{\"@id\":\"https:\/\/eurotrader.com\/de\/#organization\"},\"potentialAction\":[{\"@type\":\"SearchAction\",\"target\":{\"@type\":\"EntryPoint\",\"urlTemplate\":\"https:\/\/eurotrader.com\/de\/?s={search_term_string}\"},\"query-input\":{\"@type\":\"PropertyValueSpecification\",\"valueRequired\":true,\"valueName\":\"search_term_string\"}}],\"inLanguage\":\"de\"},{\"@type\":\"Organization\",\"@id\":\"https:\/\/eurotrader.com\/de\/#organization\",\"name\":\"Eurotrader\",\"url\":\"https:\/\/eurotrader.com\/de\/\",\"logo\":{\"@type\":\"ImageObject\",\"inLanguage\":\"de\",\"@id\":\"https:\/\/eurotrader.com\/de\/#\/schema\/logo\/image\/\",\"url\":\"https:\/\/eurotrader.com\/wp-content\/uploads\/header-logo.svg\",\"contentUrl\":\"https:\/\/eurotrader.com\/wp-content\/uploads\/header-logo.svg\",\"width\":184,\"height\":28,\"caption\":\"Eurotrader\"},\"image\":{\"@id\":\"https:\/\/eurotrader.com\/de\/#\/schema\/logo\/image\/\"}}]}<\/script>\n<!-- \/ Yoast SEO plugin. -->","yoast_head_json":{"title":"Auszahlungen & Einzahlungen - Eurotrader","robots":{"index":"index","follow":"follow","max-snippet":"max-snippet:-1","max-image-preview":"max-image-preview:large","max-video-preview":"max-video-preview:-1"},"og_locale":"de_DE","og_type":"article","og_title":"Auszahlungen & Einzahlungen - Eurotrader","og_description":"Auszahlungen &amp; Einzahlungen Sie k\u00f6nnen ganz einfach Geld auf Ihr Eurotrader-Konto einzahlen oder Ihre Gewinne abheben. Wir bieten bequeme Zahlungsmethoden mit schnellen Bearbeitungszeiten und starker Sicherheit an. PAYMENT SYSTEM CURRENCY FEE PROCESSING TIME LIMITS Deposit Withdraw Deposit Withdraw Deposit Withdraw Bank Transfer All Currencies Free Free1 From 1 to 5 business days Up to 1 [&hellip;]","og_url":"https:\/\/eurotrader.com\/de\/withdrawals-deposits\/","og_site_name":"Eurotrader","article_modified_time":"2025-01-15T16:28:41+00:00","og_image":[{"width":209,"height":209,"url":"https:\/\/eurotrader.com\/wp-content\/uploads\/image-54.png","type":"image\/png"}],"twitter_card":"summary_large_image","twitter_misc":{"Gesch\u00e4tzte Lesezeit":"1\u00a0Minute"},"schema":{"@context":"https:\/\/schema.org","@graph":[{"@type":"WebPage","@id":"https:\/\/eurotrader.com\/de\/withdrawals-deposits\/","url":"https:\/\/eurotrader.com\/de\/withdrawals-deposits\/","name":"Auszahlungen & Einzahlungen - Eurotrader","isPartOf":{"@id":"https:\/\/eurotrader.com\/de\/#website"},"datePublished":"2024-03-10T15:00:17+00:00","dateModified":"2025-01-15T16:28:41+00:00","breadcrumb":{"@id":"https:\/\/eurotrader.com\/de\/withdrawals-deposits\/#breadcrumb"},"inLanguage":"de","potentialAction":[{"@type":"ReadAction","target":["https:\/\/eurotrader.com\/de\/withdrawals-deposits\/"]}]},{"@type":"BreadcrumbList","@id":"https:\/\/eurotrader.com\/de\/withdrawals-deposits\/#breadcrumb","itemListElement":[{"@type":"ListItem","position":1,"name":"Home","item":"https:\/\/eurotrader.com\/de\/main-page-german\/"},{"@type":"ListItem","position":2,"name":"Auszahlungen &#038; Einzahlungen"}]},{"@type":"WebSite","@id":"https:\/\/eurotrader.com\/de\/#website","url":"https:\/\/eurotrader.com\/de\/","name":".eurotrader.com","description":"Here at EuroTrader, our goal is to make CFD trading clear, fair, and create a client centric culture.   To set ourselves apart, we\u2019re providing  a simple trading platform and trading terms with clear pricing, quick execution, and unbeatable customer service.","publisher":{"@id":"https:\/\/eurotrader.com\/de\/#organization"},"potentialAction":[{"@type":"SearchAction","target":{"@type":"EntryPoint","urlTemplate":"https:\/\/eurotrader.com\/de\/?s={search_term_string}"},"query-input":{"@type":"PropertyValueSpecification","valueRequired":true,"valueName":"search_term_string"}}],"inLanguage":"de"},{"@type":"Organization","@id":"https:\/\/eurotrader.com\/de\/#organization","name":"Eurotrader","url":"https:\/\/eurotrader.com\/de\/","logo":{"@type":"ImageObject","inLanguage":"de","@id":"https:\/\/eurotrader.com\/de\/#\/schema\/logo\/image\/","url":"https:\/\/eurotrader.com\/wp-content\/uploads\/header-logo.svg","contentUrl":"https:\/\/eurotrader.com\/wp-content\/uploads\/header-logo.svg","width":184,"height":28,"caption":"Eurotrader"},"image":{"@id":"https:\/\/eurotrader.com\/de\/#\/schema\/logo\/image\/"}}]}},"_hostinger_reach_plugin_has_subscription_block":false,"_hostinger_reach_plugin_is_elementor":false,"_links":{"self":[{"href":"https:\/\/eurotrader.com\/de\/wp-json\/wp\/v2\/pages\/14992","targetHints":{"allow":["GET"]}}],"collection":[{"href":"https:\/\/eurotrader.com\/de\/wp-json\/wp\/v2\/pages"}],"about":[{"href":"https:\/\/eurotrader.com\/de\/wp-json\/wp\/v2\/types\/page"}],"author":[{"embeddable":true,"href":"https:\/\/eurotrader.com\/de\/wp-json\/wp\/v2\/users\/15"}],"replies":[{"embeddable":true,"href":"https:\/\/eurotrader.com\/de\/wp-json\/wp\/v2\/comments?post=14992"}],"version-history":[{"count":0,"href":"https:\/\/eurotrader.com\/de\/wp-json\/wp\/v2\/pages\/14992\/revisions"}],"wp:attachment":[{"href":"https:\/\/eurotrader.com\/de\/wp-json\/wp\/v2\/media?parent=14992"}],"curies":[{"name":"wp","href":"https:\/\/api.w.org\/{rel}","templated":true}]}}