{"id":13678,"date":"2024-02-05T21:27:32","date_gmt":"2024-02-05T21:27:32","guid":{"rendered":"https:\/\/web-stage.eurotrader.com\/market-holidays\/"},"modified":"2024-12-18T11:03:45","modified_gmt":"2024-12-18T11:03:45","slug":"market-holidays","status":"publish","type":"page","link":"https:\/\/eurotrader.com\/es\/market-holidays\/","title":{"rendered":"Vacaciones de Mercado"},"content":{"rendered":"\t\t<div data-elementor-type=\"wp-page\" data-elementor-id=\"13678\" class=\"elementor elementor-13678 elementor-4670\" data-elementor-post-type=\"page\">\n\t\t\t\t<div class=\"elementor-element elementor-element-427b804 e-flex e-con-boxed e-con e-parent\" data-id=\"427b804\" data-element_type=\"container\" data-e-type=\"container\">\n\t\t\t\t\t<div class=\"e-con-inner\">\n\t\t\t\t<div class=\"elementor-element elementor-element-697106d elementor-widget elementor-widget-heading\" data-id=\"697106d\" data-element_type=\"widget\" data-e-type=\"widget\" data-settings=\"{&quot;ekit_we_effect_on&quot;:&quot;none&quot;}\" data-widget_type=\"heading.default\">\n\t\t\t\t<div class=\"elementor-widget-container\">\n\t\t\t\t\t<h1 class=\"elementor-heading-title elementor-size-default\">Horario de Vacaciones<\/h1>\t\t\t\t<\/div>\n\t\t\t\t<\/div>\n\t\t\t\t<div class=\"elementor-element elementor-element-26a0221 large-width-content  center-content  elementor-widget elementor-widget-text-editor\" data-id=\"26a0221\" data-element_type=\"widget\" data-e-type=\"widget\" data-settings=\"{&quot;ekit_we_effect_on&quot;:&quot;none&quot;}\" data-widget_type=\"text-editor.default\">\n\t\t\t\t<div class=\"elementor-widget-container\">\n\t\t\t\t\t\t\t\t\t<p>Las vacaciones en el mercado desempe\u00f1an un papel fundamental a la hora de influir en el calendario de negociaci\u00f3n y la volatilidad del mercado.<\/p>\n<p>Explore nuestro calendario completo de los pr\u00f3ximos d\u00edas festivos del mercado de valores para asegurarse de mantenerse bien informado sobre todas las modificaciones de la agenda de operaciones. Mant\u00e9ngase al d\u00eda con nuestro calendario actualizado y planifique sus actividades comerciales con precisi\u00f3n.<\/p>\n\t\t\t\t\t\t\t\t<\/div>\n\t\t\t\t<\/div>\n\t\t\t\t\t<\/div>\n\t\t\t\t<\/div>\n\t\t\t\t<\/div>\n\t\t","protected":false},"excerpt":{"rendered":"<p>Horario de Vacaciones Las vacaciones en el mercado desempe\u00f1an un papel fundamental a la hora de influir en el calendario de negociaci\u00f3n y la volatilidad del mercado. Explore nuestro calendario completo de los pr\u00f3ximos d\u00edas festivos del mercado de valores para asegurarse de mantenerse bien informado sobre todas las modificaciones de la agenda de operaciones. [&hellip;]<\/p>\n","protected":false},"author":15,"featured_media":0,"parent":0,"menu_order":0,"comment_status":"closed","ping_status":"closed","template":"market-holidays-page.php","meta":{"inline_featured_image":false,"footnotes":""},"class_list":["post-13678","page","type-page","status-publish","hentry"],"acf":[],"yoast_head":"<!-- This site is optimized with the Yoast SEO plugin v26.9 - https:\/\/yoast.com\/product\/yoast-seo-wordpress\/ -->\n<title>Vacaciones de Mercado - Eurotrader<\/title>\n<meta name=\"robots\" content=\"index, follow, max-snippet:-1, max-image-preview:large, max-video-preview:-1\" \/>\n<meta property=\"og:locale\" content=\"es_ES\" \/>\n<meta property=\"og:type\" content=\"article\" \/>\n<meta property=\"og:title\" content=\"Vacaciones de Mercado - Eurotrader\" \/>\n<meta property=\"og:description\" content=\"Horario de Vacaciones Las vacaciones en el mercado desempe\u00f1an un papel fundamental a la hora de influir en el calendario de negociaci\u00f3n y la volatilidad del mercado. Explore nuestro calendario completo de los pr\u00f3ximos d\u00edas festivos del mercado de valores para asegurarse de mantenerse bien informado sobre todas las modificaciones de la agenda de operaciones. [&hellip;]\" \/>\n<meta property=\"og:url\" content=\"https:\/\/eurotrader.com\/es\/market-holidays\/\" \/>\n<meta property=\"og:site_name\" content=\"Eurotrader\" \/>\n<meta property=\"article:modified_time\" content=\"2024-12-18T11:03:45+00:00\" \/>\n<meta property=\"og:image\" content=\"https:\/\/eurotrader.com\/wp-content\/uploads\/image-54.png\" \/>\n\t<meta property=\"og:image:width\" content=\"209\" \/>\n\t<meta property=\"og:image:height\" content=\"209\" \/>\n\t<meta property=\"og:image:type\" content=\"image\/png\" \/>\n<meta name=\"twitter:card\" content=\"summary_large_image\" \/>\n<script type=\"application\/ld+json\" class=\"yoast-schema-graph\">{\"@context\":\"https:\/\/schema.org\",\"@graph\":[{\"@type\":\"WebPage\",\"@id\":\"https:\/\/eurotrader.com\/es\/market-holidays\/\",\"url\":\"https:\/\/eurotrader.com\/es\/market-holidays\/\",\"name\":\"Vacaciones de Mercado - Eurotrader\",\"isPartOf\":{\"@id\":\"https:\/\/eurotrader.com\/es\/#website\"},\"datePublished\":\"2024-02-05T21:27:32+00:00\",\"dateModified\":\"2024-12-18T11:03:45+00:00\",\"breadcrumb\":{\"@id\":\"https:\/\/eurotrader.com\/es\/market-holidays\/#breadcrumb\"},\"inLanguage\":\"es\",\"potentialAction\":[{\"@type\":\"ReadAction\",\"target\":[\"https:\/\/eurotrader.com\/es\/market-holidays\/\"]}]},{\"@type\":\"BreadcrumbList\",\"@id\":\"https:\/\/eurotrader.com\/es\/market-holidays\/#breadcrumb\",\"itemListElement\":[{\"@type\":\"ListItem\",\"position\":1,\"name\":\"Home\",\"item\":\"https:\/\/eurotrader.com\/es\/pagina-principal\/\"},{\"@type\":\"ListItem\",\"position\":2,\"name\":\"Vacaciones de Mercado\"}]},{\"@type\":\"WebSite\",\"@id\":\"https:\/\/eurotrader.com\/es\/#website\",\"url\":\"https:\/\/eurotrader.com\/es\/\",\"name\":\".eurotrader.com\",\"description\":\"Here at EuroTrader, our goal is to make CFD trading clear, fair, and create a client centric culture.   To set ourselves apart, we\u2019re providing  a simple trading platform and trading terms with clear pricing, quick execution, and unbeatable customer service.\",\"publisher\":{\"@id\":\"https:\/\/eurotrader.com\/es\/#organization\"},\"potentialAction\":[{\"@type\":\"SearchAction\",\"target\":{\"@type\":\"EntryPoint\",\"urlTemplate\":\"https:\/\/eurotrader.com\/es\/?s={search_term_string}\"},\"query-input\":{\"@type\":\"PropertyValueSpecification\",\"valueRequired\":true,\"valueName\":\"search_term_string\"}}],\"inLanguage\":\"es\"},{\"@type\":\"Organization\",\"@id\":\"https:\/\/eurotrader.com\/es\/#organization\",\"name\":\"Eurotrader\",\"url\":\"https:\/\/eurotrader.com\/es\/\",\"logo\":{\"@type\":\"ImageObject\",\"inLanguage\":\"es\",\"@id\":\"https:\/\/eurotrader.com\/es\/#\/schema\/logo\/image\/\",\"url\":\"https:\/\/eurotrader.com\/wp-content\/uploads\/header-logo.svg\",\"contentUrl\":\"https:\/\/eurotrader.com\/wp-content\/uploads\/header-logo.svg\",\"width\":184,\"height\":28,\"caption\":\"Eurotrader\"},\"image\":{\"@id\":\"https:\/\/eurotrader.com\/es\/#\/schema\/logo\/image\/\"}}]}<\/script>\n<!-- \/ Yoast SEO plugin. -->","yoast_head_json":{"title":"Vacaciones de Mercado - Eurotrader","robots":{"index":"index","follow":"follow","max-snippet":"max-snippet:-1","max-image-preview":"max-image-preview:large","max-video-preview":"max-video-preview:-1"},"og_locale":"es_ES","og_type":"article","og_title":"Vacaciones de Mercado - Eurotrader","og_description":"Horario de Vacaciones Las vacaciones en el mercado desempe\u00f1an un papel fundamental a la hora de influir en el calendario de negociaci\u00f3n y la volatilidad del mercado. Explore nuestro calendario completo de los pr\u00f3ximos d\u00edas festivos del mercado de valores para asegurarse de mantenerse bien informado sobre todas las modificaciones de la agenda de operaciones. [&hellip;]","og_url":"https:\/\/eurotrader.com\/es\/market-holidays\/","og_site_name":"Eurotrader","article_modified_time":"2024-12-18T11:03:45+00:00","og_image":[{"width":209,"height":209,"url":"https:\/\/eurotrader.com\/wp-content\/uploads\/image-54.png","type":"image\/png"}],"twitter_card":"summary_large_image","schema":{"@context":"https:\/\/schema.org","@graph":[{"@type":"WebPage","@id":"https:\/\/eurotrader.com\/es\/market-holidays\/","url":"https:\/\/eurotrader.com\/es\/market-holidays\/","name":"Vacaciones de Mercado - Eurotrader","isPartOf":{"@id":"https:\/\/eurotrader.com\/es\/#website"},"datePublished":"2024-02-05T21:27:32+00:00","dateModified":"2024-12-18T11:03:45+00:00","breadcrumb":{"@id":"https:\/\/eurotrader.com\/es\/market-holidays\/#breadcrumb"},"inLanguage":"es","potentialAction":[{"@type":"ReadAction","target":["https:\/\/eurotrader.com\/es\/market-holidays\/"]}]},{"@type":"BreadcrumbList","@id":"https:\/\/eurotrader.com\/es\/market-holidays\/#breadcrumb","itemListElement":[{"@type":"ListItem","position":1,"name":"Home","item":"https:\/\/eurotrader.com\/es\/pagina-principal\/"},{"@type":"ListItem","position":2,"name":"Vacaciones de Mercado"}]},{"@type":"WebSite","@id":"https:\/\/eurotrader.com\/es\/#website","url":"https:\/\/eurotrader.com\/es\/","name":".eurotrader.com","description":"Here at EuroTrader, our goal is to make CFD trading clear, fair, and create a client centric culture.   To set ourselves apart, we\u2019re providing  a simple trading platform and trading terms with clear pricing, quick execution, and unbeatable customer service.","publisher":{"@id":"https:\/\/eurotrader.com\/es\/#organization"},"potentialAction":[{"@type":"SearchAction","target":{"@type":"EntryPoint","urlTemplate":"https:\/\/eurotrader.com\/es\/?s={search_term_string}"},"query-input":{"@type":"PropertyValueSpecification","valueRequired":true,"valueName":"search_term_string"}}],"inLanguage":"es"},{"@type":"Organization","@id":"https:\/\/eurotrader.com\/es\/#organization","name":"Eurotrader","url":"https:\/\/eurotrader.com\/es\/","logo":{"@type":"ImageObject","inLanguage":"es","@id":"https:\/\/eurotrader.com\/es\/#\/schema\/logo\/image\/","url":"https:\/\/eurotrader.com\/wp-content\/uploads\/header-logo.svg","contentUrl":"https:\/\/eurotrader.com\/wp-content\/uploads\/header-logo.svg","width":184,"height":28,"caption":"Eurotrader"},"image":{"@id":"https:\/\/eurotrader.com\/es\/#\/schema\/logo\/image\/"}}]}},"_hostinger_reach_plugin_has_subscription_block":false,"_hostinger_reach_plugin_is_elementor":false,"_links":{"self":[{"href":"https:\/\/eurotrader.com\/es\/wp-json\/wp\/v2\/pages\/13678","targetHints":{"allow":["GET"]}}],"collection":[{"href":"https:\/\/eurotrader.com\/es\/wp-json\/wp\/v2\/pages"}],"about":[{"href":"https:\/\/eurotrader.com\/es\/wp-json\/wp\/v2\/types\/page"}],"author":[{"embeddable":true,"href":"https:\/\/eurotrader.com\/es\/wp-json\/wp\/v2\/users\/15"}],"replies":[{"embeddable":true,"href":"https:\/\/eurotrader.com\/es\/wp-json\/wp\/v2\/comments?post=13678"}],"version-history":[{"count":0,"href":"https:\/\/eurotrader.com\/es\/wp-json\/wp\/v2\/pages\/13678\/revisions"}],"wp:attachment":[{"href":"https:\/\/eurotrader.com\/es\/wp-json\/wp\/v2\/media?parent=13678"}],"curies":[{"name":"wp","href":"https:\/\/api.w.org\/{rel}","templated":true}]}}