{"id":2193,"date":"2023-10-24T21:52:34","date_gmt":"2023-10-24T20:52:34","guid":{"rendered":"https:\/\/web-stage.eurotrader.com\/preguntas-frecuentes\/"},"modified":"2025-10-20T11:29:29","modified_gmt":"2025-10-20T10:29:29","slug":"faq","status":"publish","type":"page","link":"https:\/\/eurotrader.com\/es\/faq\/","title":{"rendered":"Preguntas Frecuentes"},"content":{"rendered":"\t\t<div data-elementor-type=\"wp-page\" data-elementor-id=\"2193\" class=\"elementor elementor-2193 elementor-927\" data-elementor-post-type=\"page\">\n\t\t\t\t<div class=\"elementor-element elementor-element-7194442 hero-bannersec e-flex e-con-boxed e-con e-parent\" data-id=\"7194442\" data-element_type=\"container\" data-e-type=\"container\">\n\t\t\t\t\t<div class=\"e-con-inner\">\n\t\t\t\t<div class=\"elementor-element elementor-element-1a9a552 elementor-widget elementor-widget-heading\" data-id=\"1a9a552\" data-element_type=\"widget\" data-e-type=\"widget\" data-settings=\"{&quot;ekit_we_effect_on&quot;:&quot;none&quot;}\" data-widget_type=\"heading.default\">\n\t\t\t\t<div class=\"elementor-widget-container\">\n\t\t\t\t\t<h2 class=\"elementor-heading-title elementor-size-default\">\u00bfTiene alguna pregunta?<\/h2>\t\t\t\t<\/div>\n\t\t\t\t<\/div>\n\t\t\t\t\t<\/div>\n\t\t\t\t<\/div>\n\t\t<div class=\"elementor-element elementor-element-4df49cb1 e-flex e-con-boxed e-con e-parent\" data-id=\"4df49cb1\" data-element_type=\"container\" data-e-type=\"container\">\n\t\t\t\t\t<div class=\"e-con-inner\">\n\t\t<div class=\"elementor-element elementor-element-770605af e-flex e-con-boxed e-con e-child\" data-id=\"770605af\" data-element_type=\"container\" data-e-type=\"container\">\n\t\t\t\t\t<div class=\"e-con-inner\">\n\t\t\t\t<div class=\"elementor-element elementor-element-5322139d elementor-widget elementor-widget-shortcode\" data-id=\"5322139d\" data-element_type=\"widget\" data-e-type=\"widget\" data-settings=\"{&quot;ekit_we_effect_on&quot;:&quot;none&quot;}\" data-widget_type=\"shortcode.default\">\n\t\t\t\t<div class=\"elementor-widget-container\">\n\t\t\t\t\t\t\t<div class=\"elementor-shortcode\"><div id=\"faq-tabs\" class=\"tabs\"><ul class=\"nav nav-pills\"><li class=\"active\"><strong><a href=\"#account-opening-es\" data-toggle=\"tab\">Apertura de Cuenta<\/a><\/strong><\/li><li><strong><a href=\"#trading-es\" data-toggle=\"tab\">Comercio<\/a><\/strong><\/li><li><strong><a href=\"#client-funding-es\" data-toggle=\"tab\">Dep\u00f3sito y Retiro de Fondos<\/a><\/strong><\/li><li><strong><a href=\"#trading-platform-es\" data-toggle=\"tab\">Plataforma de Trading<\/a><\/strong><\/li><\/ul><div class=\"tab-content clearfix\"><div class=\"tab-pane active\" id=\"account-opening-es\"><h3 class=\"faq-category center-align\">Apertura de Cuenta<\/h3><div id=\"accordion-account-opening-es\" class=\"accordion container tabs-accordion\"><div class=\"accordion-item\"><h4 class=\"accordion-header\" id=\"heading-account-opening-es-1\"><a class=\"accordion-button collapsed\" data-bs-toggle=\"collapse\" data-bs-target=\"#account-opening-es-1\" aria-expanded=\"true\" aria-controls=\"account-opening-es-1\">\u00bfPuedo abrir una cuenta corporativa?<\/a><\/h4><div id=\"account-opening-es-1\" class=\"accordion-collapse collapse\" aria-labelledby=\"heading-account-opening-es-1\">S\u00ed, puede abrir una cuenta corporativa con Euro trader a trav\u00e9s de nuestro proceso de registro est\u00e1ndar. Al completar el registro inicial, p\u00f3ngase en contacto con nuestro equipo administrativo en backoffice@eurotrader.eu. Ellos lo guiar\u00e1n a trav\u00e9s de la documentaci\u00f3n adicional requerida para facilitar la aprobaci\u00f3n de su cuenta corporativa.<\/div><\/div><div class=\"accordion-item\"><h4 class=\"accordion-header\" id=\"heading-account-opening-es-2\"><a class=\"accordion-button collapsed\" data-bs-toggle=\"collapse\" data-bs-target=\"#account-opening-es-2\" aria-expanded=\"true\" aria-controls=\"account-opening-es-2\">\u00bfPuedo tener una cuenta swap free?<\/a><\/h4><div id=\"account-opening-es-2\" class=\"accordion-collapse collapse\" aria-labelledby=\"heading-account-opening-es-2\">cida como cuenta isl\u00e1mica, es un tipo de cuenta comercial dise\u00f1ada para cumplir con los principios isl\u00e1micos. En las finanzas isl\u00e1micas, est\u00e1 prohibido ganar o pagar intereses (conocido como \"riba\"). Por lo tanto, una cuenta sin swaps es una cuenta que no cobra ni paga intereses por las posiciones mantenidas durante la noche.\r\nEn lugar de ganar o pagar intereses, las cuentas sin swap pueden tener otras tarifas o cargos asociados. Estas tarifas generalmente est\u00e1n estructuradas para cumplir con los principios isl\u00e1micos y garantizar que el titular de la cuenta no gane ni pague intereses.\r\nPara abrir una cuenta sin swaps con Euro trader, debe proporcionar una prueba de su fe isl\u00e1mica a su equipo administrativo en backoffice@eurotrader.eu 1. Si tiene m\u00e1s preguntas o necesita m\u00e1s informaci\u00f3n sobre las cuentas sin swaps, puede ponerse en contacto con el equipo de soporte dedicado de Eurotrader en support@eurotrader.eu<\/div><\/div><div class=\"accordion-item\"><h4 class=\"accordion-header\" id=\"heading-account-opening-es-3\"><a class=\"accordion-button collapsed\" data-bs-toggle=\"collapse\" data-bs-target=\"#account-opening-es-3\" aria-expanded=\"true\" aria-controls=\"account-opening-es-3\">\u00bfPuedo tener m\u00e1s de 1 Cuenta de Trading?<\/a><\/h4><div id=\"account-opening-es-3\" class=\"accordion-collapse collapse\" aria-labelledby=\"heading-account-opening-es-3\">S\u00ed, Euro trader permite la apertura de hasta cinco cuentas de trading por plataforma. Esto significa que puede tener hasta cinco cuentas comerciales MT4 y cinco MT5 simult\u00e1neamente bajo el mismo perfil.\r\n\r\nCada cliente solo puede tener un perfil.<\/div><\/div><div class=\"accordion-item\"><h4 class=\"accordion-header\" id=\"heading-account-opening-es-4\"><a class=\"accordion-button collapsed\" data-bs-toggle=\"collapse\" data-bs-target=\"#account-opening-es-4\" aria-expanded=\"true\" aria-controls=\"account-opening-es-4\">\u00bfC\u00f3mo puedo convertirme en un Cliente Profesional?<\/a><\/h4><div id=\"account-opening-es-4\" class=\"accordion-collapse collapse\" aria-labelledby=\"heading-account-opening-es-4\">Un Cliente profesional se define como un individuo o entidad con experiencia sustancial, conocimiento y experiencia en el comercio. Para calificar como Cliente Profesional, debe cumplir al menos dos de los siguientes tres criterios:\r\n<ol>\r\n \t<li>Ha realizado transacciones, de un tama\u00f1o significativo, en el mercado relevante con una frecuencia promedio de 10 por trimestre durante los cuatro trimestres anteriores;<\/li>\r\n \t<li>Trabaja o ha trabajado en el sector financiero durante al menos un a\u00f1o en un puesto profesional, lo que requiere conocimiento de las transacciones o servicios previstos.<\/li>\r\n \t<li>El tama\u00f1o de su cartera de instrumentos financieros, que incluye dep\u00f3sitos en efectivo e instrumentos financieros,supera los 500.000 euros.<\/li>\r\n<\/ol>\r\nSi bien los Clientes Profesionales pueden disfrutar de ciertos beneficios, como un mayor apalancamiento y menores requisitos de margen, es importante tener en cuenta que est\u00e1n sujetos a menos protecciones regulatorias en comparaci\u00f3n con los Clientes minoristas. Esto significa que es posible que no est\u00e9n cubiertos por el Fondo de Compensaci\u00f3n para Inversionistas (ICF). Para obtener detalles completos, consulte nuestra \"Pol\u00edtica de Categorizaci\u00f3n de Clientes\" disponible en nuestro sitio web. Si necesita m\u00e1s informaci\u00f3n, no dude en comunicarse con nuestro equipo de soporte en support@eurotrader.eu.<\/div><\/div><\/div><\/div><div class=\"tab-pane\" id=\"trading-es\"><h3 class=\"faq-category center-align\">Comercio<\/h3><div id=\"accordion-trading-es\" class=\"accordion container tabs-accordion\"><div class=\"accordion-item\"><h4 class=\"accordion-header\" id=\"heading-trading-es-1\"><a class=\"accordion-button collapsed\" data-bs-toggle=\"collapse\" data-bs-target=\"#trading-es-1\" aria-expanded=\"true\" aria-controls=\"trading-es-1\">\u00bfCu\u00e1l es el requisito de margen para operar?<\/a><\/h4><div id=\"trading-es-1\" class=\"accordion-collapse collapse\" aria-labelledby=\"heading-trading-es-1\">Los requisitos de margen pueden diferir seg\u00fan el instrumento y si est\u00e1 clasificado como cliente profesional.\r\n\r\nPara conocer los \u00faltimos requisitos de margen, consulte la tabla haciendo clic aqu\u00ed.<\/div><\/div><\/div><\/div><div class=\"tab-pane\" id=\"client-funding-es\"><h3 class=\"faq-category center-align\">Dep\u00f3sito y Retiro de Fondos<\/h3><div id=\"accordion-client-funding-es\" class=\"accordion container tabs-accordion\"><div class=\"accordion-item\"><h4 class=\"accordion-header\" id=\"heading-client-funding-es-1\"><a class=\"accordion-button collapsed\" data-bs-toggle=\"collapse\" data-bs-target=\"#client-funding-es-1\" aria-expanded=\"true\" aria-controls=\"client-funding-es-1\">\u00bfC\u00f3mo puedo encontrar mi cuenta?<\/a><\/h4><div id=\"client-funding-es-1\" class=\"accordion-collapse collapse\" aria-labelledby=\"heading-client-funding-es-1\">Puede encontrar su cuenta de Euro Trader siguiendo estos pasos:\r\n<ol>\r\n \t<li>Inicie sesi\u00f3n con su cuenta de Euro Trader con su correo electr\u00f3nico y contrase\u00f1a registrados.<\/li>\r\n \t<li>Vaya a la secci\u00f3n\" Billetera \"y elija la opci\u00f3n\" Dep\u00f3sito\".<\/li>\r\n \t<li>Encontrar\u00e1 una variedad de m\u00e9todos de pago para elegir. Tenga en cuenta que Euro trader no impone ninguna comisi\u00f3n por dep\u00f3sitos o retiros.<\/li>\r\n \t<li>Elija su m\u00e9todo de pago preferido e indique el monto del dep\u00f3sito deseado.<\/li>\r\n \t<li>Complete los detalles de pago requeridos y siga las instrucciones en pantalla para confirmar la transacci\u00f3n.<\/li>\r\n \t<li>Una vez aprobado, el monto depositado ser\u00e1 visible en su Billetera Autotrader y se registrar\u00e1 en su Historial de transacciones.<\/li>\r\n<\/ol>\r\nCon sus fondos disponibles, ahora puede transferirlos a su cuenta de operaciones y comenzar sus actividades de negociaci\u00f3n.<\/div><\/div><div class=\"accordion-item\"><h4 class=\"accordion-header\" id=\"heading-client-funding-es-2\"><a class=\"accordion-button collapsed\" data-bs-toggle=\"collapse\" data-bs-target=\"#client-funding-es-2\" aria-expanded=\"true\" aria-controls=\"client-funding-es-2\">\u00bfEn qu\u00e9 Monedas puedo tener mi billetera?<\/a><\/h4><div id=\"client-funding-es-2\" class=\"accordion-collapse collapse\" aria-labelledby=\"heading-client-funding-es-2\">Euro trader ofrece las siguientes monedas de billetera: EUR, USD y GBP. Eurotrader recomienda que la moneda de su billetera coincida con la moneda que planea depositar para evitar incurrir en tarifas de conversi\u00f3n.\r\n\r\nCualquier transferencia de su Billetera Autotrader a sus cuentas de operaciones en una moneda diferente se convertir\u00e1 en funci\u00f3n de las tarifas de nuestra plataforma.<\/div><\/div><div class=\"accordion-item\"><h4 class=\"accordion-header\" id=\"heading-client-funding-es-3\"><a class=\"accordion-button collapsed\" data-bs-toggle=\"collapse\" data-bs-target=\"#client-funding-es-3\" aria-expanded=\"true\" aria-controls=\"client-funding-es-3\">\u00bfC\u00f3mo puedo retirar fondos a la tarjeta si mi tarjeta ha caducado o ha sido cancelada?<\/a><\/h4><div id=\"client-funding-es-3\" class=\"accordion-collapse collapse\" aria-labelledby=\"heading-client-funding-es-3\">En caso de cancelaci\u00f3n de la tarjeta, los bancos deben respaldar transacciones espec\u00edficas, como el procesamiento de reembolsos, generalmente durante un m\u00ednimo de seis meses. Por lo tanto, le rogamos que facilite el retiro de sus fondos a la tarjeta utilizada originalmente para su dep\u00f3sito, incluso si esa tarjeta ya no est\u00e1 activa. Posteriormente, sus fondos se transferir\u00e1n a su nueva tarjeta, que est\u00e1 asociada a la misma cuenta bancaria que su tarjeta cancelada anteriormente.\r\n\r\nSi la cuenta bancaria vinculada a la tarjeta se ha cerrado por completo, requerir\u00edamos evidencia del cierre de la cuenta para poder procesar su retiro directamente a su nueva cuenta.<\/div><\/div><div class=\"accordion-item\"><h4 class=\"accordion-header\" id=\"heading-client-funding-es-4\"><a class=\"accordion-button collapsed\" data-bs-toggle=\"collapse\" data-bs-target=\"#client-funding-es-4\" aria-expanded=\"true\" aria-controls=\"client-funding-es-4\">\u00bfCu\u00e1nto tiempo se tarda en procesar mi retiro?<\/a><\/h4><div id=\"client-funding-es-4\" class=\"accordion-collapse collapse\" aria-labelledby=\"heading-client-funding-es-4\">Euro trader se esfuerza por procesar todas las solicitudes de retiro con prontitud durante las horas de trabajo. Si se recibe una solicitud fuera del horario laboral, se atender\u00e1 el siguiente d\u00eda h\u00e1bil.\r\n\r\nLa duraci\u00f3n de la finalizaci\u00f3n de su retiro depende del m\u00e9todo de pago elegido:\r\n\r\n- Las transferencias SEPA generalmente se reflejan dentro del mismo d\u00eda h\u00e1bil.\r\n- Las transferencias bancarias internacionales pueden tardar de 3 a 5 d\u00edas h\u00e1biles, sujeto a los tiempos de procesamiento de su banco.\r\n- Los retiros de tarjetas pueden requerir aproximadamente de 5 a 7 d\u00edas h\u00e1biles.\r\n- Los retiros de Skrill se reciben al instante.<\/div><\/div><div class=\"accordion-item\"><h4 class=\"accordion-header\" id=\"heading-client-funding-es-5\"><a class=\"accordion-button collapsed\" data-bs-toggle=\"collapse\" data-bs-target=\"#client-funding-es-5\" aria-expanded=\"true\" aria-controls=\"client-funding-es-5\">\u00bfCobra alguna tarifa por dep\u00f3sitos o retiros?<\/a><\/h4><div id=\"client-funding-es-5\" class=\"accordion-collapse collapse\" aria-labelledby=\"heading-client-funding-es-5\">Eurotrader no impone ninguna comisi\u00f3n sobre dep\u00f3sitos o retiros, sin embargo, puede estar sujeto a comisiones de su banco correspondiente, particularmente en el caso de transferencias bancarias y comisiones de tipo de cambio cuando corresponda.<\/div><\/div><\/div><\/div><div class=\"tab-pane\" id=\"trading-platform-es\"><h3 class=\"faq-category center-align\">Plataforma de Trading<\/h3><div id=\"accordion-trading-platform-es\" class=\"accordion container tabs-accordion\"><div class=\"accordion-item\"><h4 class=\"accordion-header\" id=\"heading-trading-platform-es-1\"><a class=\"accordion-button collapsed\" data-bs-toggle=\"collapse\" data-bs-target=\"#trading-platform-es-1\" aria-expanded=\"true\" aria-controls=\"trading-platform-es-1\">\u00bfQu\u00e9 tipo de \u00f3rdenes est\u00e1n disponibles en MT4?<\/a><\/h4><div id=\"trading-platform-es-1\" class=\"accordion-collapse collapse\" aria-labelledby=\"heading-trading-platform-es-1\">Hay cuatro tipos de \u00f3rdenes pendientes disponibles en MetaTrader\r\n\r\nL\u00edmite de Compra, L\u00edmite de Venta, Stop de Compra y Stop de Venta. Estos tipos de \u00f3rdenes le permiten establecer condiciones espec\u00edficas para comprar o vender un valor en funci\u00f3n del precio futuro.\r\n\r\nPuede utilizar estos tipos de \u00f3rdenes para ingresar al mercado al nivel de precio deseado, incluso si el precio actual es m\u00e1s alto o m\u00e1s bajo.<\/div><\/div><div class=\"accordion-item\"><h4 class=\"accordion-header\" id=\"heading-trading-platform-es-2\"><a class=\"accordion-button collapsed\" data-bs-toggle=\"collapse\" data-bs-target=\"#trading-platform-es-2\" aria-expanded=\"true\" aria-controls=\"trading-platform-es-2\">Cu\u00e1les son las diferencias entre MT4 y MT5<\/a><\/h4><div id=\"trading-platform-es-2\" class=\"accordion-collapse collapse\" aria-labelledby=\"heading-trading-platform-es-2\">Haga <a href=\"https:\/\/www.metatrader5.com\/en\/trading-platform\/comparison-mt5-mt4\" target=\"_blank\" rel=\"noopener\">Clic<\/a> aqu\u00ed para ver una comparaci\u00f3n completa de las dos plataformas.<\/div><\/div><\/div><\/div><\/div><\/div><\/div>\n\t\t\t\t\t\t<\/div>\n\t\t\t\t<\/div>\n\t\t\t\t\t<\/div>\n\t\t\t\t<\/div>\n\t\t\t\t\t<\/div>\n\t\t\t\t<\/div>\n\t\t<div class=\"elementor-element elementor-element-8558ec0 e-flex e-con-boxed e-con e-parent\" data-id=\"8558ec0\" data-element_type=\"container\" data-e-type=\"container\">\n\t\t\t\t\t<div class=\"e-con-inner\">\n\t\t\t\t<div class=\"elementor-element elementor-element-2663b7a elementor-widget elementor-widget-image\" data-id=\"2663b7a\" data-element_type=\"widget\" data-e-type=\"widget\" data-settings=\"{&quot;ekit_we_effect_on&quot;:&quot;none&quot;}\" data-widget_type=\"image.default\">\n\t\t\t\t<div class=\"elementor-widget-container\">\n\t\t\t\t\t\t\t\t\t\t\t\t\t\t\t<img fetchpriority=\"high\" decoding=\"async\" width=\"797\" height=\"439\" src=\"https:\/\/eurotrader.com\/wp-content\/uploads\/FAQ-01-4.png\" class=\"attachment-large size-large wp-image-8951\" alt=\"\" srcset=\"https:\/\/eurotrader.com\/wp-content\/uploads\/FAQ-01-4.png 797w, https:\/\/eurotrader.com\/wp-content\/uploads\/FAQ-01-4-768x423.png 768w\" sizes=\"(max-width: 797px) 100vw, 797px\" \/>\t\t\t\t\t\t\t\t\t\t\t\t\t\t\t<\/div>\n\t\t\t\t<\/div>\n\t\t\t\t\t<\/div>\n\t\t\t\t<\/div>\n\t\t\t\t<\/div>\n\t\t","protected":false},"excerpt":{"rendered":"<p>\u00bfTiene alguna pregunta?<\/p>\n","protected":false},"author":15,"featured_media":0,"parent":0,"menu_order":0,"comment_status":"closed","ping_status":"closed","template":"","meta":{"inline_featured_image":false,"footnotes":""},"class_list":["post-2193","page","type-page","status-publish","hentry"],"acf":[],"yoast_head":"<!-- This site is optimized with the Yoast SEO plugin v26.9 - https:\/\/yoast.com\/product\/yoast-seo-wordpress\/ -->\n<title>Preguntas frecuentes | Eurotrader<\/title>\n<meta name=\"description\" content=\"\u00bfTienes alguna pregunta? \u00bfPuedo abrir una cuenta corporativa? \u00bfC\u00f3mo retiro los fondos? Encuentre respuestas en la secci\u00f3n de preguntas frecuentes de Eurotrader.\" \/>\n<meta name=\"robots\" content=\"index, follow, max-snippet:-1, max-image-preview:large, max-video-preview:-1\" \/>\n<meta property=\"og:locale\" content=\"es_ES\" \/>\n<meta property=\"og:type\" content=\"article\" \/>\n<meta property=\"og:title\" content=\"Preguntas frecuentes | Eurotrader\" \/>\n<meta property=\"og:description\" content=\"\u00bfTienes alguna pregunta? \u00bfPuedo abrir una cuenta corporativa? \u00bfC\u00f3mo retiro los fondos? Encuentre respuestas en la secci\u00f3n de preguntas frecuentes de Eurotrader.\" \/>\n<meta property=\"og:url\" content=\"https:\/\/eurotrader.com\/es\/faq\/\" \/>\n<meta property=\"og:site_name\" content=\"Eurotrader\" \/>\n<meta property=\"article:modified_time\" content=\"2025-10-20T10:29:29+00:00\" \/>\n<meta property=\"og:image\" content=\"https:\/\/eurotrader.com\/wp-content\/uploads\/FAQ-01-4.png\" \/>\n<meta name=\"twitter:card\" content=\"summary_large_image\" \/>\n<meta name=\"twitter:title\" content=\"FAQ | Eurotrader\" \/>\n<meta name=\"twitter:description\" content=\"\u00bfTienes alguna pregunta? \u00bfPuedo abrir una cuenta corporativa? \u00bfC\u00f3mo retiro los fondos? Encuentre respuestas en la secci\u00f3n de preguntas frecuentes de Eurotrader.\" \/>\n<meta name=\"twitter:label1\" content=\"Tiempo de lectura\" \/>\n\t<meta name=\"twitter:data1\" content=\"1 minuto\" \/>\n<script type=\"application\/ld+json\" class=\"yoast-schema-graph\">{\"@context\":\"https:\/\/schema.org\",\"@graph\":[{\"@type\":\"WebPage\",\"@id\":\"https:\/\/eurotrader.com\/es\/faq\/\",\"url\":\"https:\/\/eurotrader.com\/es\/faq\/\",\"name\":\"Preguntas frecuentes | Eurotrader\",\"isPartOf\":{\"@id\":\"https:\/\/eurotrader.com\/es\/#website\"},\"primaryImageOfPage\":{\"@id\":\"https:\/\/eurotrader.com\/es\/faq\/#primaryimage\"},\"image\":{\"@id\":\"https:\/\/eurotrader.com\/es\/faq\/#primaryimage\"},\"thumbnailUrl\":\"https:\/\/eurotrader.com\/wp-content\/uploads\/FAQ-01-4.png\",\"datePublished\":\"2023-10-24T20:52:34+00:00\",\"dateModified\":\"2025-10-20T10:29:29+00:00\",\"description\":\"\u00bfTienes alguna pregunta? \u00bfPuedo abrir una cuenta corporativa? \u00bfC\u00f3mo retiro los fondos? Encuentre respuestas en la secci\u00f3n de preguntas frecuentes de Eurotrader.\",\"breadcrumb\":{\"@id\":\"https:\/\/eurotrader.com\/es\/faq\/#breadcrumb\"},\"inLanguage\":\"es\",\"potentialAction\":[{\"@type\":\"ReadAction\",\"target\":[\"https:\/\/eurotrader.com\/es\/faq\/\"]}]},{\"@type\":\"ImageObject\",\"inLanguage\":\"es\",\"@id\":\"https:\/\/eurotrader.com\/es\/faq\/#primaryimage\",\"url\":\"https:\/\/eurotrader.com\/wp-content\/uploads\/FAQ-01-4.png\",\"contentUrl\":\"https:\/\/eurotrader.com\/wp-content\/uploads\/FAQ-01-4.png\"},{\"@type\":\"BreadcrumbList\",\"@id\":\"https:\/\/eurotrader.com\/es\/faq\/#breadcrumb\",\"itemListElement\":[{\"@type\":\"ListItem\",\"position\":1,\"name\":\"Home\",\"item\":\"https:\/\/eurotrader.com\/es\/pagina-principal\/\"},{\"@type\":\"ListItem\",\"position\":2,\"name\":\"Preguntas Frecuentes\"}]},{\"@type\":\"WebSite\",\"@id\":\"https:\/\/eurotrader.com\/es\/#website\",\"url\":\"https:\/\/eurotrader.com\/es\/\",\"name\":\".eurotrader.com\",\"description\":\"Here at EuroTrader, our goal is to make CFD trading clear, fair, and create a client centric culture.   To set ourselves apart, we\u2019re providing  a simple trading platform and trading terms with clear pricing, quick execution, and unbeatable customer service.\",\"publisher\":{\"@id\":\"https:\/\/eurotrader.com\/es\/#organization\"},\"potentialAction\":[{\"@type\":\"SearchAction\",\"target\":{\"@type\":\"EntryPoint\",\"urlTemplate\":\"https:\/\/eurotrader.com\/es\/?s={search_term_string}\"},\"query-input\":{\"@type\":\"PropertyValueSpecification\",\"valueRequired\":true,\"valueName\":\"search_term_string\"}}],\"inLanguage\":\"es\"},{\"@type\":\"Organization\",\"@id\":\"https:\/\/eurotrader.com\/es\/#organization\",\"name\":\"Eurotrader\",\"url\":\"https:\/\/eurotrader.com\/es\/\",\"logo\":{\"@type\":\"ImageObject\",\"inLanguage\":\"es\",\"@id\":\"https:\/\/eurotrader.com\/es\/#\/schema\/logo\/image\/\",\"url\":\"https:\/\/eurotrader.com\/wp-content\/uploads\/header-logo.svg\",\"contentUrl\":\"https:\/\/eurotrader.com\/wp-content\/uploads\/header-logo.svg\",\"width\":184,\"height\":28,\"caption\":\"Eurotrader\"},\"image\":{\"@id\":\"https:\/\/eurotrader.com\/es\/#\/schema\/logo\/image\/\"}}]}<\/script>\n<!-- \/ Yoast SEO plugin. -->","yoast_head_json":{"title":"Preguntas frecuentes | Eurotrader","description":"\u00bfTienes alguna pregunta? \u00bfPuedo abrir una cuenta corporativa? \u00bfC\u00f3mo retiro los fondos? Encuentre respuestas en la secci\u00f3n de preguntas frecuentes de Eurotrader.","robots":{"index":"index","follow":"follow","max-snippet":"max-snippet:-1","max-image-preview":"max-image-preview:large","max-video-preview":"max-video-preview:-1"},"og_locale":"es_ES","og_type":"article","og_title":"Preguntas frecuentes | Eurotrader","og_description":"\u00bfTienes alguna pregunta? \u00bfPuedo abrir una cuenta corporativa? \u00bfC\u00f3mo retiro los fondos? Encuentre respuestas en la secci\u00f3n de preguntas frecuentes de Eurotrader.","og_url":"https:\/\/eurotrader.com\/es\/faq\/","og_site_name":"Eurotrader","article_modified_time":"2025-10-20T10:29:29+00:00","og_image":[{"url":"https:\/\/eurotrader.com\/wp-content\/uploads\/FAQ-01-4.png","type":"","width":"","height":""}],"twitter_card":"summary_large_image","twitter_title":"FAQ | Eurotrader","twitter_description":"\u00bfTienes alguna pregunta? \u00bfPuedo abrir una cuenta corporativa? \u00bfC\u00f3mo retiro los fondos? Encuentre respuestas en la secci\u00f3n de preguntas frecuentes de Eurotrader.","twitter_misc":{"Tiempo de lectura":"1 minuto"},"schema":{"@context":"https:\/\/schema.org","@graph":[{"@type":"WebPage","@id":"https:\/\/eurotrader.com\/es\/faq\/","url":"https:\/\/eurotrader.com\/es\/faq\/","name":"Preguntas frecuentes | Eurotrader","isPartOf":{"@id":"https:\/\/eurotrader.com\/es\/#website"},"primaryImageOfPage":{"@id":"https:\/\/eurotrader.com\/es\/faq\/#primaryimage"},"image":{"@id":"https:\/\/eurotrader.com\/es\/faq\/#primaryimage"},"thumbnailUrl":"https:\/\/eurotrader.com\/wp-content\/uploads\/FAQ-01-4.png","datePublished":"2023-10-24T20:52:34+00:00","dateModified":"2025-10-20T10:29:29+00:00","description":"\u00bfTienes alguna pregunta? \u00bfPuedo abrir una cuenta corporativa? \u00bfC\u00f3mo retiro los fondos? Encuentre respuestas en la secci\u00f3n de preguntas frecuentes de Eurotrader.","breadcrumb":{"@id":"https:\/\/eurotrader.com\/es\/faq\/#breadcrumb"},"inLanguage":"es","potentialAction":[{"@type":"ReadAction","target":["https:\/\/eurotrader.com\/es\/faq\/"]}]},{"@type":"ImageObject","inLanguage":"es","@id":"https:\/\/eurotrader.com\/es\/faq\/#primaryimage","url":"https:\/\/eurotrader.com\/wp-content\/uploads\/FAQ-01-4.png","contentUrl":"https:\/\/eurotrader.com\/wp-content\/uploads\/FAQ-01-4.png"},{"@type":"BreadcrumbList","@id":"https:\/\/eurotrader.com\/es\/faq\/#breadcrumb","itemListElement":[{"@type":"ListItem","position":1,"name":"Home","item":"https:\/\/eurotrader.com\/es\/pagina-principal\/"},{"@type":"ListItem","position":2,"name":"Preguntas Frecuentes"}]},{"@type":"WebSite","@id":"https:\/\/eurotrader.com\/es\/#website","url":"https:\/\/eurotrader.com\/es\/","name":".eurotrader.com","description":"Here at EuroTrader, our goal is to make CFD trading clear, fair, and create a client centric culture.   To set ourselves apart, we\u2019re providing  a simple trading platform and trading terms with clear pricing, quick execution, and unbeatable customer service.","publisher":{"@id":"https:\/\/eurotrader.com\/es\/#organization"},"potentialAction":[{"@type":"SearchAction","target":{"@type":"EntryPoint","urlTemplate":"https:\/\/eurotrader.com\/es\/?s={search_term_string}"},"query-input":{"@type":"PropertyValueSpecification","valueRequired":true,"valueName":"search_term_string"}}],"inLanguage":"es"},{"@type":"Organization","@id":"https:\/\/eurotrader.com\/es\/#organization","name":"Eurotrader","url":"https:\/\/eurotrader.com\/es\/","logo":{"@type":"ImageObject","inLanguage":"es","@id":"https:\/\/eurotrader.com\/es\/#\/schema\/logo\/image\/","url":"https:\/\/eurotrader.com\/wp-content\/uploads\/header-logo.svg","contentUrl":"https:\/\/eurotrader.com\/wp-content\/uploads\/header-logo.svg","width":184,"height":28,"caption":"Eurotrader"},"image":{"@id":"https:\/\/eurotrader.com\/es\/#\/schema\/logo\/image\/"}}]}},"_hostinger_reach_plugin_has_subscription_block":false,"_hostinger_reach_plugin_is_elementor":false,"_links":{"self":[{"href":"https:\/\/eurotrader.com\/es\/wp-json\/wp\/v2\/pages\/2193","targetHints":{"allow":["GET"]}}],"collection":[{"href":"https:\/\/eurotrader.com\/es\/wp-json\/wp\/v2\/pages"}],"about":[{"href":"https:\/\/eurotrader.com\/es\/wp-json\/wp\/v2\/types\/page"}],"author":[{"embeddable":true,"href":"https:\/\/eurotrader.com\/es\/wp-json\/wp\/v2\/users\/15"}],"replies":[{"embeddable":true,"href":"https:\/\/eurotrader.com\/es\/wp-json\/wp\/v2\/comments?post=2193"}],"version-history":[{"count":0,"href":"https:\/\/eurotrader.com\/es\/wp-json\/wp\/v2\/pages\/2193\/revisions"}],"wp:attachment":[{"href":"https:\/\/eurotrader.com\/es\/wp-json\/wp\/v2\/media?parent=2193"}],"curies":[{"name":"wp","href":"https:\/\/api.w.org\/{rel}","templated":true}]}}