{"id":1725,"date":"2023-10-24T21:52:34","date_gmt":"2023-10-24T20:52:34","guid":{"rendered":"https:\/\/web-stage.eurotrader.com\/faq\/"},"modified":"2025-10-20T11:29:51","modified_gmt":"2025-10-20T10:29:51","slug":"faq","status":"publish","type":"page","link":"https:\/\/eurotrader.com\/it\/faq\/","title":{"rendered":"FAQ"},"content":{"rendered":"\t\t<div data-elementor-type=\"wp-page\" data-elementor-id=\"1725\" class=\"elementor elementor-1725 elementor-927\" data-elementor-post-type=\"page\">\n\t\t\t\t<div class=\"elementor-element elementor-element-7194442 hero-bannersec e-flex e-con-boxed e-con e-parent\" data-id=\"7194442\" data-element_type=\"container\" data-e-type=\"container\">\n\t\t\t\t\t<div class=\"e-con-inner\">\n\t\t\t\t<div class=\"elementor-element elementor-element-1a9a552 elementor-widget elementor-widget-heading\" data-id=\"1a9a552\" data-element_type=\"widget\" data-e-type=\"widget\" data-settings=\"{&quot;ekit_we_effect_on&quot;:&quot;none&quot;}\" data-widget_type=\"heading.default\">\n\t\t\t\t<div class=\"elementor-widget-container\">\n\t\t\t\t\t<h2 class=\"elementor-heading-title elementor-size-default\">Hai domande?<\/h2>\t\t\t\t<\/div>\n\t\t\t\t<\/div>\n\t\t\t\t\t<\/div>\n\t\t\t\t<\/div>\n\t\t<div class=\"elementor-element elementor-element-4df49cb1 e-flex e-con-boxed e-con e-parent\" data-id=\"4df49cb1\" data-element_type=\"container\" data-e-type=\"container\">\n\t\t\t\t\t<div class=\"e-con-inner\">\n\t\t<div class=\"elementor-element elementor-element-770605af e-flex e-con-boxed e-con e-child\" data-id=\"770605af\" data-element_type=\"container\" data-e-type=\"container\">\n\t\t\t\t\t<div class=\"e-con-inner\">\n\t\t\t\t<div class=\"elementor-element elementor-element-5322139d elementor-widget elementor-widget-shortcode\" data-id=\"5322139d\" data-element_type=\"widget\" data-e-type=\"widget\" data-settings=\"{&quot;ekit_we_effect_on&quot;:&quot;none&quot;}\" data-widget_type=\"shortcode.default\">\n\t\t\t\t<div class=\"elementor-widget-container\">\n\t\t\t\t\t\t\t<div class=\"elementor-shortcode\"><div id=\"faq-tabs\" class=\"tabs\"><ul class=\"nav nav-pills\"><li class=\"active\"><strong><a href=\"#account-opening-it\" data-toggle=\"tab\">Apertura Conto<\/a><\/strong><\/li><li><strong><a href=\"#client-funding-it\" data-toggle=\"tab\">Deposito &amp; Prelievo Fondi<\/a><\/strong><\/li><li><strong><a href=\"#trading-platform-it\" data-toggle=\"tab\">Piattaforma di Trading<\/a><\/strong><\/li><li><strong><a href=\"#trading-it\" data-toggle=\"tab\">Trading<\/a><\/strong><\/li><\/ul><div class=\"tab-content clearfix\"><div class=\"tab-pane active\" id=\"account-opening-it\"><h3 class=\"faq-category center-align\">Apertura Conto<\/h3><div id=\"accordion-account-opening-it\" class=\"accordion container tabs-accordion\"><div class=\"accordion-item\"><h4 class=\"accordion-header\" id=\"heading-account-opening-it-1\"><a class=\"accordion-button collapsed\" data-bs-toggle=\"collapse\" data-bs-target=\"#account-opening-it-1\" aria-expanded=\"true\" aria-controls=\"account-opening-it-1\">Posso aprire un conto aziendale?<\/a><\/h4><div id=\"account-opening-it-1\" class=\"accordion-collapse collapse\" aria-labelledby=\"heading-account-opening-it-1\">S\u00ec, \u00e8 possibile aprire un conto aziendale con Eurotrader attraverso il nostro processo di iscrizione standard. Dopo aver completato la registrazione iniziale, contattate il nostro team di back-office all'indirizzo backoffice@eurotrader.eu. Vi guideranno attraverso la documentazione aggiuntiva richiesta per facilitare l'approvazione del vostro conto aziendale.<\/div><\/div><div class=\"accordion-item\"><h4 class=\"accordion-header\" id=\"heading-account-opening-it-2\"><a class=\"accordion-button collapsed\" data-bs-toggle=\"collapse\" data-bs-target=\"#account-opening-it-2\" aria-expanded=\"true\" aria-controls=\"account-opening-it-2\">Posso avere un account gratuito per lo swap?<\/a><\/h4><div id=\"account-opening-it-2\" class=\"accordion-collapse collapse\" aria-labelledby=\"heading-account-opening-it-2\">Un conto swap-free, noto anche come conto islamico, \u00e8 un tipo di conto di trading progettato per rispettare i principi islamici. Nella finanza islamica \u00e8 vietato guadagnare o pagare interessi (noti come \"riba\"). Pertanto, un conto swap-free \u00e8 un conto che non addebita o paga alcun interesse sulle posizioni detenute overnight.\r\nInvece di guadagnare o pagare interessi, i conti swap-free possono avere altre commissioni o spese associate. Queste commissioni sono tipicamente strutturate in modo da rispettare i principi islamici e garantire che il titolare del conto non percepisca o paghi interessi.\r\nPer aprire un conto swap-free con Eurotrader, \u00e8 necessario fornire una prova della propria fede islamica al team di back office di Eurotrader all'indirizzo backoffice@eurotrader.eu 1. Per ulteriori domande o per maggiori informazioni sui conti swap-free, \u00e8 possibile contattare il team di assistenza dedicato di Eurotrader all'indirizzo support@eurotrader.eu.<\/div><\/div><div class=\"accordion-item\"><h4 class=\"accordion-header\" id=\"heading-account-opening-it-3\"><a class=\"accordion-button collapsed\" data-bs-toggle=\"collapse\" data-bs-target=\"#account-opening-it-3\" aria-expanded=\"true\" aria-controls=\"account-opening-it-3\">Posso avere pi\u00f9 di un conto di trading?<\/a><\/h4><div id=\"account-opening-it-3\" class=\"accordion-collapse collapse\" aria-labelledby=\"heading-account-opening-it-3\">S\u00ec, Eurotrader permette di aprire fino a cinque conti di trading per piattaforma. Ci\u00f2 significa che \u00e8 possibile avere fino a cinque conti di trading MT4 e cinque MT5 contemporaneamente con lo stesso profilo.\r\n\r\nOgni cliente pu\u00f2 avere un solo profilo.<\/div><\/div><div class=\"accordion-item\"><h4 class=\"accordion-header\" id=\"heading-account-opening-it-4\"><a class=\"accordion-button collapsed\" data-bs-toggle=\"collapse\" data-bs-target=\"#account-opening-it-4\" aria-expanded=\"true\" aria-controls=\"account-opening-it-4\">Come posso diventare un cliente professionale?<\/a><\/h4><div id=\"account-opening-it-4\" class=\"accordion-collapse collapse\" aria-labelledby=\"heading-account-opening-it-4\">Per Cliente Professionale si intende una persona fisica o giuridica con una notevole esperienza, conoscenza e competenza nel campo del trading. Per qualificarsi come Cliente Professionale, \u00e8 necessario soddisfare almeno due dei tre criteri seguenti:\r\n<ol>\r\n \t<li>Avete effettuato operazioni di dimensioni significative sul mercato rilevante con una frequenza media di 10 per trimestre nei quattro trimestri precedenti;<\/li>\r\n \t<li>Lavorate o avete lavorato nel settore finanziario per almeno un anno in una posizione professionale che richiede la conoscenza delle transazioni o dei servizi previsti.<\/li>\r\n \t<li>L'entit\u00e0 del vostro portafoglio di strumenti finanziari, definito come comprendente depositi in contanti e strumenti finanziari, supera i 500.000 euro.<\/li>\r\n<\/ol>\r\nSebbene i clienti professionali possano godere di alcuni vantaggi, come una leva finanziaria pi\u00f9 elevata e requisiti di margine pi\u00f9 bassi, \u00e8 importante notare che sono soggetti a minori tutele normative rispetto ai clienti al dettaglio. Ci\u00f2 significa che potrebbero non essere coperti dal Fondo di Compensazione degli Investitori (ICF). Per maggiori dettagli, consultare la nostra \"Politica di categorizzazione dei clienti\" disponibile sul nostro sito web. Per ulteriori informazioni, contattate il nostro team di assistenza all'indirizzo support@eurotrader.eu.<\/div><\/div><\/div><\/div><div class=\"tab-pane\" id=\"client-funding-it\"><h3 class=\"faq-category center-align\">Deposito &amp; Prelievo Fondi<\/h3><div id=\"accordion-client-funding-it\" class=\"accordion container tabs-accordion\"><div class=\"accordion-item\"><h4 class=\"accordion-header\" id=\"heading-client-funding-it-1\"><a class=\"accordion-button collapsed\" data-bs-toggle=\"collapse\" data-bs-target=\"#client-funding-it-1\" aria-expanded=\"true\" aria-controls=\"client-funding-it-1\">Come posso finanziare il mio conto?<\/a><\/h4><div id=\"client-funding-it-1\" class=\"accordion-collapse collapse\" aria-labelledby=\"heading-client-funding-it-1\">Potete finanziare il vostro conto Eurotrader seguendo i seguenti passaggi:\r\n<ol>\r\n \t<li>Accedere al proprio conto Eurotrader con l'e-mail e la password registrate.<\/li>\r\n \t<li>Andate alla sezione \"Portafoglio\" e scegliete l'opzione \"Deposito\".<\/li>\r\n \t<li>Troverete una variet\u00e0 di metodi di pagamento tra cui scegliere. Si prega di notare che Eurotrader non impone alcuna commissione per i depositi o i prelievi.<\/li>\r\n \t<li>Scegliete il metodo di pagamento che preferite e indicate l'importo del deposito desiderato. Compilate i dettagli di pagamento richiesti e seguite le istruzioni sullo schermo per confermare la transazione.<\/li>\r\n \t<li>Una volta approvato, l'importo depositato sar\u00e0 visibile nel vostro portafoglio Eurotrader e sar\u00e0 registrato nella vostra cronologia delle transazioni.<\/li>\r\n \t<li>Con i fondi disponibili, potete ora trasferirli sul vostro conto di trading e iniziare le vostre attivit\u00e0 di trading.<\/li>\r\n<\/ol><\/div><\/div><div class=\"accordion-item\"><h4 class=\"accordion-header\" id=\"heading-client-funding-it-2\"><a class=\"accordion-button collapsed\" data-bs-toggle=\"collapse\" data-bs-target=\"#client-funding-it-2\" aria-expanded=\"true\" aria-controls=\"client-funding-it-2\">In quali valute posso avere il mio portafoglio?<\/a><\/h4><div id=\"client-funding-it-2\" class=\"accordion-collapse collapse\" aria-labelledby=\"heading-client-funding-it-2\">Eurotrader offre le seguenti valute del portafoglio: EUR, USD e GBP. Eurotrader raccomanda che la valuta del portafoglio corrisponda alla valuta in cui si intende depositare per evitare di incorrere in commissioni di conversione.\r\n\r\nQualsiasi trasferimento dal vostro portafoglio Eurotrader ai vostri conti di trading in una valuta diversa sar\u00e0 convertito in base ai tassi della nostra piattaforma.<\/div><\/div><div class=\"accordion-item\"><h4 class=\"accordion-header\" id=\"heading-client-funding-it-3\"><a class=\"accordion-button collapsed\" data-bs-toggle=\"collapse\" data-bs-target=\"#client-funding-it-3\" aria-expanded=\"true\" aria-controls=\"client-funding-it-3\">Come posso ritirare la carta se la mia carta \u00e8 scaduta o annullata?<\/a><\/h4><div id=\"client-funding-it-3\" class=\"accordion-collapse collapse\" aria-labelledby=\"heading-client-funding-it-3\">In caso di cancellazione della carta, le banche sono tenute a supportare specifiche transazioni, come l'elaborazione dei rimborsi, in genere per un minimo di sei mesi. Pertanto, vi chiediamo gentilmente di facilitare il prelievo dei vostri fondi sulla carta originariamente utilizzata per il deposito, anche se tale carta non \u00e8 pi\u00f9 attiva. Successivamente, i fondi saranno trasferiti sulla nuova carta, associata allo stesso conto bancario della carta precedentemente annullata.\r\n\r\nSe il conto bancario collegato alla carta \u00e8 stato chiuso del tutto, per poter effettuare il prelievo direttamente sul nuovo conto \u00e8 necessaria una prova della chiusura del conto.<\/div><\/div><div class=\"accordion-item\"><h4 class=\"accordion-header\" id=\"heading-client-funding-it-4\"><a class=\"accordion-button collapsed\" data-bs-toggle=\"collapse\" data-bs-target=\"#client-funding-it-4\" aria-expanded=\"true\" aria-controls=\"client-funding-it-4\">Quanto tempo ci vuole per elaborare il mio prelievo?<\/a><\/h4><div id=\"client-funding-it-4\" class=\"accordion-collapse collapse\" aria-labelledby=\"heading-client-funding-it-4\">Eurotrader si impegna a elaborare tempestivamente tutte le richieste di prelievo durante l'orario di lavoro. Se la richiesta viene ricevuta al di fuori dell'orario di lavoro, verr\u00e0 evasa il giorno lavorativo successivo.\r\n\r\nLa durata della finalizzazione del prelievo dipende dal metodo di pagamento scelto:\r\n\r\n- I bonifici SEPA si riflettono in genere entro lo stesso giorno lavorativo.\r\n- I bonifici bancari internazionali possono richiedere 3-5 giorni lavorativi, a seconda dei tempi di elaborazione della vostra banca.\r\n- I prelievi con carta possono richiedere circa 5-7 giorni lavorativi.\r\n- I prelievi con Skrill vengono ricevuti istantaneamente.<\/div><\/div><div class=\"accordion-item\"><h4 class=\"accordion-header\" id=\"heading-client-funding-it-5\"><a class=\"accordion-button collapsed\" data-bs-toggle=\"collapse\" data-bs-target=\"#client-funding-it-5\" aria-expanded=\"true\" aria-controls=\"client-funding-it-5\">Applicate delle commissioni per i depositi o i prelievi?<\/a><\/h4><div id=\"client-funding-it-5\" class=\"accordion-collapse collapse\" aria-labelledby=\"heading-client-funding-it-5\">Eurotrader non impone alcuna commissione sui depositi o sui prelievi, tuttavia potreste essere soggetti a commissioni da parte della vostra banca, in particolare nel caso di bonifici bancari e commissioni sui tassi di cambio, ove applicabili.<\/div><\/div><\/div><\/div><div class=\"tab-pane\" id=\"trading-platform-it\"><h3 class=\"faq-category center-align\">Piattaforma di Trading<\/h3><div id=\"accordion-trading-platform-it\" class=\"accordion container tabs-accordion\"><div class=\"accordion-item\"><h4 class=\"accordion-header\" id=\"heading-trading-platform-it-1\"><a class=\"accordion-button collapsed\" data-bs-toggle=\"collapse\" data-bs-target=\"#trading-platform-it-1\" aria-expanded=\"true\" aria-controls=\"trading-platform-it-1\">Che tipo di ordini sono disponibili sulla MT4?<\/a><\/h4><div id=\"trading-platform-it-1\" class=\"accordion-collapse collapse\" aria-labelledby=\"heading-trading-platform-it-1\">In MetaTrader sono disponibili quattro tipi di ordini pendenti\r\n\r\nBuy Limit, Sell Limit, Buy Stop e Sell Stop. Questi tipi di ordine consentono di impostare condizioni specifiche per l'acquisto o la vendita di un titolo in base al prezzo futuro.\r\n\r\n\u00c8 possibile utilizzare questi tipi di ordine per entrare nel mercato al livello di prezzo desiderato, anche se il prezzo corrente \u00e8 superiore o inferiore.<\/div><\/div><div class=\"accordion-item\"><h4 class=\"accordion-header\" id=\"heading-trading-platform-it-2\"><a class=\"accordion-button collapsed\" data-bs-toggle=\"collapse\" data-bs-target=\"#trading-platform-it-2\" aria-expanded=\"true\" aria-controls=\"trading-platform-it-2\">Quali sono le differenze tra MT4 e MT5?<\/a><\/h4><div id=\"trading-platform-it-2\" class=\"accordion-collapse collapse\" aria-labelledby=\"heading-trading-platform-it-2\">Fai <a href=\"https:\/\/www.metatrader5.com\/en\/trading-platform\/comparison-mt5-mt4\" target=\"_blank\" rel=\"noopener\">Clic<\/a> qui per vedere un confronto completo delle due piattaforme.<\/div><\/div><\/div><\/div><div class=\"tab-pane\" id=\"trading-it\"><h3 class=\"faq-category center-align\">Trading<\/h3><div id=\"accordion-trading-it\" class=\"accordion container tabs-accordion\"><div class=\"accordion-item\"><h4 class=\"accordion-header\" id=\"heading-trading-it-1\"><a class=\"accordion-button collapsed\" data-bs-toggle=\"collapse\" data-bs-target=\"#trading-it-1\" aria-expanded=\"true\" aria-controls=\"trading-it-1\">Qual \u00e8 il margine richiesto per il trading?<\/a><\/h4><div id=\"trading-it-1\" class=\"accordion-collapse collapse\" aria-labelledby=\"heading-trading-it-1\"><div>I requisiti di margine possono variare in base allo strumento e al fatto che siate classificati come clienti professionali.<\/div>\r\n<div>\r\n<div>\r\n\r\nPer conoscere i requisiti di margine piu' recenti, consultare la tabella cliccando <a href=\"http:\/\/eurotrader.eu\/instruments-and-spreads\/\">qui<\/a>.\r\n\r\n<\/div>\r\n<div><\/div>\r\n<\/div><\/div><\/div><\/div><\/div><\/div><\/div><\/div>\n\t\t\t\t\t\t<\/div>\n\t\t\t\t<\/div>\n\t\t\t\t\t<\/div>\n\t\t\t\t<\/div>\n\t\t\t\t\t<\/div>\n\t\t\t\t<\/div>\n\t\t<div class=\"elementor-element elementor-element-8558ec0 e-flex e-con-boxed e-con e-parent\" data-id=\"8558ec0\" data-element_type=\"container\" data-e-type=\"container\">\n\t\t\t\t\t<div class=\"e-con-inner\">\n\t\t\t\t<div class=\"elementor-element elementor-element-2663b7a elementor-widget elementor-widget-image\" data-id=\"2663b7a\" data-element_type=\"widget\" data-e-type=\"widget\" data-settings=\"{&quot;ekit_we_effect_on&quot;:&quot;none&quot;}\" data-widget_type=\"image.default\">\n\t\t\t\t<div class=\"elementor-widget-container\">\n\t\t\t\t\t\t\t\t\t\t\t\t\t\t\t<img fetchpriority=\"high\" decoding=\"async\" width=\"797\" height=\"439\" src=\"https:\/\/eurotrader.com\/wp-content\/uploads\/FAQ-01-4.png\" class=\"attachment-large size-large wp-image-8948\" alt=\"\" srcset=\"https:\/\/eurotrader.com\/wp-content\/uploads\/FAQ-01-4.png 797w, https:\/\/eurotrader.com\/wp-content\/uploads\/FAQ-01-4-768x423.png 768w\" sizes=\"(max-width: 797px) 100vw, 797px\" \/>\t\t\t\t\t\t\t\t\t\t\t\t\t\t\t<\/div>\n\t\t\t\t<\/div>\n\t\t\t\t\t<\/div>\n\t\t\t\t<\/div>\n\t\t\t\t<\/div>\n\t\t","protected":false},"excerpt":{"rendered":"<p>Hai domande?<\/p>\n","protected":false},"author":15,"featured_media":0,"parent":0,"menu_order":0,"comment_status":"closed","ping_status":"closed","template":"","meta":{"inline_featured_image":false,"footnotes":""},"class_list":["post-1725","page","type-page","status-publish","hentry"],"acf":[],"yoast_head":"<!-- This site is optimized with the Yoast SEO plugin v26.9 - https:\/\/yoast.com\/product\/yoast-seo-wordpress\/ -->\n<title>FAQ | Eurotrader<\/title>\n<meta name=\"description\" content=\"Hai domande? Posso aprire un account aziendale? Come preferisco i fondi? Trova le risposte nella sezione FAQ di Eurotrader.\" \/>\n<meta name=\"robots\" content=\"index, follow, max-snippet:-1, max-image-preview:large, max-video-preview:-1\" \/>\n<meta property=\"og:locale\" content=\"it_IT\" \/>\n<meta property=\"og:type\" content=\"article\" \/>\n<meta property=\"og:title\" content=\"FAQ | Eurotrader\" \/>\n<meta property=\"og:description\" content=\"Hai domande? Posso aprire un account aziendale? Come preferisco i fondi? Trova le risposte nella sezione FAQ di Eurotrader.\" \/>\n<meta property=\"og:url\" content=\"https:\/\/eurotrader.com\/it\/faq\/\" \/>\n<meta property=\"og:site_name\" content=\"Eurotrader\" \/>\n<meta property=\"article:modified_time\" content=\"2025-10-20T10:29:51+00:00\" \/>\n<meta property=\"og:image\" content=\"https:\/\/eurotrader.com\/wp-content\/uploads\/FAQ-01-4.png\" \/>\n<meta name=\"twitter:card\" content=\"summary_large_image\" \/>\n<meta name=\"twitter:title\" content=\"FAQ | Eurotrader\" \/>\n<meta name=\"twitter:description\" content=\"Hai domande? Posso aprire un account aziendale? Come preferisco i fondi? Trova le risposte nella sezione FAQ di Eurotrader.\" \/>\n<meta name=\"twitter:label1\" content=\"Tempo di lettura stimato\" \/>\n\t<meta name=\"twitter:data1\" content=\"1 minuto\" \/>\n<script type=\"application\/ld+json\" class=\"yoast-schema-graph\">{\"@context\":\"https:\/\/schema.org\",\"@graph\":[{\"@type\":\"WebPage\",\"@id\":\"https:\/\/eurotrader.com\/it\/faq\/\",\"url\":\"https:\/\/eurotrader.com\/it\/faq\/\",\"name\":\"FAQ | Eurotrader\",\"isPartOf\":{\"@id\":\"https:\/\/eurotrader.com\/it\/#website\"},\"primaryImageOfPage\":{\"@id\":\"https:\/\/eurotrader.com\/it\/faq\/#primaryimage\"},\"image\":{\"@id\":\"https:\/\/eurotrader.com\/it\/faq\/#primaryimage\"},\"thumbnailUrl\":\"https:\/\/eurotrader.com\/wp-content\/uploads\/FAQ-01-4.png\",\"datePublished\":\"2023-10-24T20:52:34+00:00\",\"dateModified\":\"2025-10-20T10:29:51+00:00\",\"description\":\"Hai domande? Posso aprire un account aziendale? Come preferisco i fondi? Trova le risposte nella sezione FAQ di Eurotrader.\",\"breadcrumb\":{\"@id\":\"https:\/\/eurotrader.com\/it\/faq\/#breadcrumb\"},\"inLanguage\":\"it-IT\",\"potentialAction\":[{\"@type\":\"ReadAction\",\"target\":[\"https:\/\/eurotrader.com\/it\/faq\/\"]}]},{\"@type\":\"ImageObject\",\"inLanguage\":\"it-IT\",\"@id\":\"https:\/\/eurotrader.com\/it\/faq\/#primaryimage\",\"url\":\"https:\/\/eurotrader.com\/wp-content\/uploads\/FAQ-01-4.png\",\"contentUrl\":\"https:\/\/eurotrader.com\/wp-content\/uploads\/FAQ-01-4.png\"},{\"@type\":\"BreadcrumbList\",\"@id\":\"https:\/\/eurotrader.com\/it\/faq\/#breadcrumb\",\"itemListElement\":[{\"@type\":\"ListItem\",\"position\":1,\"name\":\"Home\",\"item\":\"https:\/\/eurotrader.com\/it\/main-page-it\/\"},{\"@type\":\"ListItem\",\"position\":2,\"name\":\"FAQ\"}]},{\"@type\":\"WebSite\",\"@id\":\"https:\/\/eurotrader.com\/it\/#website\",\"url\":\"https:\/\/eurotrader.com\/it\/\",\"name\":\".eurotrader.com\",\"description\":\"Here at EuroTrader, our goal is to make CFD trading clear, fair, and create a client centric culture.   To set ourselves apart, we\u2019re providing  a simple trading platform and trading terms with clear pricing, quick execution, and unbeatable customer service.\",\"publisher\":{\"@id\":\"https:\/\/eurotrader.com\/it\/#organization\"},\"potentialAction\":[{\"@type\":\"SearchAction\",\"target\":{\"@type\":\"EntryPoint\",\"urlTemplate\":\"https:\/\/eurotrader.com\/it\/?s={search_term_string}\"},\"query-input\":{\"@type\":\"PropertyValueSpecification\",\"valueRequired\":true,\"valueName\":\"search_term_string\"}}],\"inLanguage\":\"it-IT\"},{\"@type\":\"Organization\",\"@id\":\"https:\/\/eurotrader.com\/it\/#organization\",\"name\":\"Eurotrader\",\"url\":\"https:\/\/eurotrader.com\/it\/\",\"logo\":{\"@type\":\"ImageObject\",\"inLanguage\":\"it-IT\",\"@id\":\"https:\/\/eurotrader.com\/it\/#\/schema\/logo\/image\/\",\"url\":\"https:\/\/eurotrader.com\/wp-content\/uploads\/header-logo.svg\",\"contentUrl\":\"https:\/\/eurotrader.com\/wp-content\/uploads\/header-logo.svg\",\"width\":184,\"height\":28,\"caption\":\"Eurotrader\"},\"image\":{\"@id\":\"https:\/\/eurotrader.com\/it\/#\/schema\/logo\/image\/\"}}]}<\/script>\n<!-- \/ Yoast SEO plugin. -->","yoast_head_json":{"title":"FAQ | Eurotrader","description":"Hai domande? Posso aprire un account aziendale? Come preferisco i fondi? Trova le risposte nella sezione FAQ di Eurotrader.","robots":{"index":"index","follow":"follow","max-snippet":"max-snippet:-1","max-image-preview":"max-image-preview:large","max-video-preview":"max-video-preview:-1"},"og_locale":"it_IT","og_type":"article","og_title":"FAQ | Eurotrader","og_description":"Hai domande? Posso aprire un account aziendale? Come preferisco i fondi? Trova le risposte nella sezione FAQ di Eurotrader.","og_url":"https:\/\/eurotrader.com\/it\/faq\/","og_site_name":"Eurotrader","article_modified_time":"2025-10-20T10:29:51+00:00","og_image":[{"url":"https:\/\/eurotrader.com\/wp-content\/uploads\/FAQ-01-4.png","type":"","width":"","height":""}],"twitter_card":"summary_large_image","twitter_title":"FAQ | Eurotrader","twitter_description":"Hai domande? Posso aprire un account aziendale? Come preferisco i fondi? Trova le risposte nella sezione FAQ di Eurotrader.","twitter_misc":{"Tempo di lettura stimato":"1 minuto"},"schema":{"@context":"https:\/\/schema.org","@graph":[{"@type":"WebPage","@id":"https:\/\/eurotrader.com\/it\/faq\/","url":"https:\/\/eurotrader.com\/it\/faq\/","name":"FAQ | Eurotrader","isPartOf":{"@id":"https:\/\/eurotrader.com\/it\/#website"},"primaryImageOfPage":{"@id":"https:\/\/eurotrader.com\/it\/faq\/#primaryimage"},"image":{"@id":"https:\/\/eurotrader.com\/it\/faq\/#primaryimage"},"thumbnailUrl":"https:\/\/eurotrader.com\/wp-content\/uploads\/FAQ-01-4.png","datePublished":"2023-10-24T20:52:34+00:00","dateModified":"2025-10-20T10:29:51+00:00","description":"Hai domande? Posso aprire un account aziendale? Come preferisco i fondi? Trova le risposte nella sezione FAQ di Eurotrader.","breadcrumb":{"@id":"https:\/\/eurotrader.com\/it\/faq\/#breadcrumb"},"inLanguage":"it-IT","potentialAction":[{"@type":"ReadAction","target":["https:\/\/eurotrader.com\/it\/faq\/"]}]},{"@type":"ImageObject","inLanguage":"it-IT","@id":"https:\/\/eurotrader.com\/it\/faq\/#primaryimage","url":"https:\/\/eurotrader.com\/wp-content\/uploads\/FAQ-01-4.png","contentUrl":"https:\/\/eurotrader.com\/wp-content\/uploads\/FAQ-01-4.png"},{"@type":"BreadcrumbList","@id":"https:\/\/eurotrader.com\/it\/faq\/#breadcrumb","itemListElement":[{"@type":"ListItem","position":1,"name":"Home","item":"https:\/\/eurotrader.com\/it\/main-page-it\/"},{"@type":"ListItem","position":2,"name":"FAQ"}]},{"@type":"WebSite","@id":"https:\/\/eurotrader.com\/it\/#website","url":"https:\/\/eurotrader.com\/it\/","name":".eurotrader.com","description":"Here at EuroTrader, our goal is to make CFD trading clear, fair, and create a client centric culture.   To set ourselves apart, we\u2019re providing  a simple trading platform and trading terms with clear pricing, quick execution, and unbeatable customer service.","publisher":{"@id":"https:\/\/eurotrader.com\/it\/#organization"},"potentialAction":[{"@type":"SearchAction","target":{"@type":"EntryPoint","urlTemplate":"https:\/\/eurotrader.com\/it\/?s={search_term_string}"},"query-input":{"@type":"PropertyValueSpecification","valueRequired":true,"valueName":"search_term_string"}}],"inLanguage":"it-IT"},{"@type":"Organization","@id":"https:\/\/eurotrader.com\/it\/#organization","name":"Eurotrader","url":"https:\/\/eurotrader.com\/it\/","logo":{"@type":"ImageObject","inLanguage":"it-IT","@id":"https:\/\/eurotrader.com\/it\/#\/schema\/logo\/image\/","url":"https:\/\/eurotrader.com\/wp-content\/uploads\/header-logo.svg","contentUrl":"https:\/\/eurotrader.com\/wp-content\/uploads\/header-logo.svg","width":184,"height":28,"caption":"Eurotrader"},"image":{"@id":"https:\/\/eurotrader.com\/it\/#\/schema\/logo\/image\/"}}]}},"_hostinger_reach_plugin_has_subscription_block":false,"_hostinger_reach_plugin_is_elementor":false,"_links":{"self":[{"href":"https:\/\/eurotrader.com\/it\/wp-json\/wp\/v2\/pages\/1725","targetHints":{"allow":["GET"]}}],"collection":[{"href":"https:\/\/eurotrader.com\/it\/wp-json\/wp\/v2\/pages"}],"about":[{"href":"https:\/\/eurotrader.com\/it\/wp-json\/wp\/v2\/types\/page"}],"author":[{"embeddable":true,"href":"https:\/\/eurotrader.com\/it\/wp-json\/wp\/v2\/users\/15"}],"replies":[{"embeddable":true,"href":"https:\/\/eurotrader.com\/it\/wp-json\/wp\/v2\/comments?post=1725"}],"version-history":[{"count":0,"href":"https:\/\/eurotrader.com\/it\/wp-json\/wp\/v2\/pages\/1725\/revisions"}],"wp:attachment":[{"href":"https:\/\/eurotrader.com\/it\/wp-json\/wp\/v2\/media?parent=1725"}],"curies":[{"name":"wp","href":"https:\/\/api.w.org\/{rel}","templated":true}]}}