{"id":2185,"date":"2023-11-13T12:15:29","date_gmt":"2023-11-13T12:15:29","guid":{"rendered":"https:\/\/web-stage.eurotrader.com\/noticias-diarias-do-mercado\/"},"modified":"2024-12-18T13:24:32","modified_gmt":"2024-12-18T13:24:32","slug":"daily-market-news","status":"publish","type":"page","link":"https:\/\/eurotrader.com\/pt-pt\/daily-market-news\/","title":{"rendered":"Not\u00edcias di\u00e1rias do mercado"},"content":{"rendered":"","protected":false},"excerpt":{"rendered":"","protected":false},"author":15,"featured_media":0,"parent":0,"menu_order":0,"comment_status":"closed","ping_status":"closed","template":"","meta":{"inline_featured_image":false,"footnotes":""},"class_list":["post-2185","page","type-page","status-publish","hentry"],"acf":[],"yoast_head":"<!-- This site is optimized with the Yoast SEO plugin v27.4 - https:\/\/yoast.com\/product\/yoast-seo-wordpress\/ -->\n<title>Coment\u00e1rio do mercado | Eurotrader<\/title>\n<meta name=\"description\" content=\"Acesse as id\u00e9ias comerciais mais quentes e not\u00edcias de mercado para criptografia, commodities, a\u00e7\u00f5es e FX. Eleve seu jogo de negocia\u00e7\u00e3o enquanto negocia com responsabilidade.\" \/>\n<meta name=\"robots\" content=\"index, follow, max-snippet:-1, max-image-preview:large, max-video-preview:-1\" \/>\n<meta property=\"og:locale\" content=\"pt_PT\" \/>\n<meta property=\"og:type\" content=\"article\" \/>\n<meta property=\"og:title\" content=\"Coment\u00e1rio do mercado | Eurotrader\" \/>\n<meta property=\"og:description\" content=\"Acesse as id\u00e9ias comerciais mais quentes e not\u00edcias de mercado para criptografia, commodities, a\u00e7\u00f5es e FX. Eleve seu jogo de negocia\u00e7\u00e3o enquanto negocia com responsabilidade.\" \/>\n<meta property=\"og:url\" content=\"https:\/\/eurotrader.com\/pt-pt\/daily-market-news\/\" \/>\n<meta property=\"og:site_name\" content=\"Eurotrader\" \/>\n<meta property=\"article:modified_time\" content=\"2024-12-18T13:24:32+00:00\" \/>\n<meta property=\"og:image\" content=\"https:\/\/eurotrader.com\/wp-content\/uploads\/image-54.png\" \/>\n\t<meta property=\"og:image:width\" content=\"209\" \/>\n\t<meta property=\"og:image:height\" content=\"209\" \/>\n\t<meta property=\"og:image:type\" content=\"image\/png\" \/>\n<meta name=\"twitter:card\" content=\"summary_large_image\" \/>\n<meta name=\"twitter:title\" content=\"Coment\u00e1rio do mercado | Eurotrader\" \/>\n<meta name=\"twitter:description\" content=\"Acesse as id\u00e9ias comerciais mais quentes e not\u00edcias de mercado para criptografia, commodities, a\u00e7\u00f5es e FX. Eleve seu jogo de negocia\u00e7\u00e3o enquanto negocia com responsabilidade.\" \/>\n<script type=\"application\/ld+json\" class=\"yoast-schema-graph\">{\"@context\":\"https:\\\/\\\/schema.org\",\"@graph\":[{\"@type\":\"WebPage\",\"@id\":\"https:\\\/\\\/eurotrader.com\\\/pt-pt\\\/daily-market-news\\\/\",\"url\":\"https:\\\/\\\/eurotrader.com\\\/pt-pt\\\/daily-market-news\\\/\",\"name\":\"Coment\u00e1rio do mercado | Eurotrader\",\"isPartOf\":{\"@id\":\"https:\\\/\\\/eurotrader.com\\\/pt-pt\\\/#website\"},\"datePublished\":\"2023-11-13T12:15:29+00:00\",\"dateModified\":\"2024-12-18T13:24:32+00:00\",\"description\":\"Acesse as id\u00e9ias comerciais mais quentes e not\u00edcias de mercado para criptografia, commodities, a\u00e7\u00f5es e FX. Eleve seu jogo de negocia\u00e7\u00e3o enquanto negocia com responsabilidade.\",\"breadcrumb\":{\"@id\":\"https:\\\/\\\/eurotrader.com\\\/pt-pt\\\/daily-market-news\\\/#breadcrumb\"},\"inLanguage\":\"pt-PT\",\"potentialAction\":[{\"@type\":\"ReadAction\",\"target\":[\"https:\\\/\\\/eurotrader.com\\\/pt-pt\\\/daily-market-news\\\/\"]}]},{\"@type\":\"BreadcrumbList\",\"@id\":\"https:\\\/\\\/eurotrader.com\\\/pt-pt\\\/daily-market-news\\\/#breadcrumb\",\"itemListElement\":[{\"@type\":\"ListItem\",\"position\":1,\"name\":\"Home\",\"item\":\"https:\\\/\\\/eurotrader.com\\\/pt-pt\\\/main-page\\\/\"},{\"@type\":\"ListItem\",\"position\":2,\"name\":\"Not\u00edcias di\u00e1rias do mercado\"}]},{\"@type\":\"WebSite\",\"@id\":\"https:\\\/\\\/eurotrader.com\\\/pt-pt\\\/#website\",\"url\":\"https:\\\/\\\/eurotrader.com\\\/pt-pt\\\/\",\"name\":\".eurotrader.com\",\"description\":\"Here at EuroTrader, our goal is to make CFD trading clear, fair, and create a client centric culture.   To set ourselves apart, we\u2019re providing  a simple trading platform and trading terms with clear pricing, quick execution, and unbeatable customer service.\",\"publisher\":{\"@id\":\"https:\\\/\\\/eurotrader.com\\\/pt-pt\\\/#organization\"},\"potentialAction\":[{\"@type\":\"SearchAction\",\"target\":{\"@type\":\"EntryPoint\",\"urlTemplate\":\"https:\\\/\\\/eurotrader.com\\\/pt-pt\\\/?s={search_term_string}\"},\"query-input\":{\"@type\":\"PropertyValueSpecification\",\"valueRequired\":true,\"valueName\":\"search_term_string\"}}],\"inLanguage\":\"pt-PT\"},{\"@type\":\"Organization\",\"@id\":\"https:\\\/\\\/eurotrader.com\\\/pt-pt\\\/#organization\",\"name\":\"Eurotrader\",\"url\":\"https:\\\/\\\/eurotrader.com\\\/pt-pt\\\/\",\"logo\":{\"@type\":\"ImageObject\",\"inLanguage\":\"pt-PT\",\"@id\":\"https:\\\/\\\/eurotrader.com\\\/pt-pt\\\/#\\\/schema\\\/logo\\\/image\\\/\",\"url\":\"https:\\\/\\\/eurotrader.com\\\/wp-content\\\/uploads\\\/header-logo.svg\",\"contentUrl\":\"https:\\\/\\\/eurotrader.com\\\/wp-content\\\/uploads\\\/header-logo.svg\",\"width\":184,\"height\":28,\"caption\":\"Eurotrader\"},\"image\":{\"@id\":\"https:\\\/\\\/eurotrader.com\\\/pt-pt\\\/#\\\/schema\\\/logo\\\/image\\\/\"}}]}<\/script>\n<!-- \/ Yoast SEO plugin. -->","yoast_head_json":{"title":"Coment\u00e1rio do mercado | Eurotrader","description":"Acesse as id\u00e9ias comerciais mais quentes e not\u00edcias de mercado para criptografia, commodities, a\u00e7\u00f5es e FX. Eleve seu jogo de negocia\u00e7\u00e3o enquanto negocia com responsabilidade.","robots":{"index":"index","follow":"follow","max-snippet":"max-snippet:-1","max-image-preview":"max-image-preview:large","max-video-preview":"max-video-preview:-1"},"og_locale":"pt_PT","og_type":"article","og_title":"Coment\u00e1rio do mercado | Eurotrader","og_description":"Acesse as id\u00e9ias comerciais mais quentes e not\u00edcias de mercado para criptografia, commodities, a\u00e7\u00f5es e FX. Eleve seu jogo de negocia\u00e7\u00e3o enquanto negocia com responsabilidade.","og_url":"https:\/\/eurotrader.com\/pt-pt\/daily-market-news\/","og_site_name":"Eurotrader","article_modified_time":"2024-12-18T13:24:32+00:00","og_image":[{"width":209,"height":209,"url":"https:\/\/eurotrader.com\/wp-content\/uploads\/image-54.png","type":"image\/png"}],"twitter_card":"summary_large_image","twitter_title":"Coment\u00e1rio do mercado | Eurotrader","twitter_description":"Acesse as id\u00e9ias comerciais mais quentes e not\u00edcias de mercado para criptografia, commodities, a\u00e7\u00f5es e FX. Eleve seu jogo de negocia\u00e7\u00e3o enquanto negocia com responsabilidade.","schema":{"@context":"https:\/\/schema.org","@graph":[{"@type":"WebPage","@id":"https:\/\/eurotrader.com\/pt-pt\/daily-market-news\/","url":"https:\/\/eurotrader.com\/pt-pt\/daily-market-news\/","name":"Coment\u00e1rio do mercado | Eurotrader","isPartOf":{"@id":"https:\/\/eurotrader.com\/pt-pt\/#website"},"datePublished":"2023-11-13T12:15:29+00:00","dateModified":"2024-12-18T13:24:32+00:00","description":"Acesse as id\u00e9ias comerciais mais quentes e not\u00edcias de mercado para criptografia, commodities, a\u00e7\u00f5es e FX. Eleve seu jogo de negocia\u00e7\u00e3o enquanto negocia com responsabilidade.","breadcrumb":{"@id":"https:\/\/eurotrader.com\/pt-pt\/daily-market-news\/#breadcrumb"},"inLanguage":"pt-PT","potentialAction":[{"@type":"ReadAction","target":["https:\/\/eurotrader.com\/pt-pt\/daily-market-news\/"]}]},{"@type":"BreadcrumbList","@id":"https:\/\/eurotrader.com\/pt-pt\/daily-market-news\/#breadcrumb","itemListElement":[{"@type":"ListItem","position":1,"name":"Home","item":"https:\/\/eurotrader.com\/pt-pt\/main-page\/"},{"@type":"ListItem","position":2,"name":"Not\u00edcias di\u00e1rias do mercado"}]},{"@type":"WebSite","@id":"https:\/\/eurotrader.com\/pt-pt\/#website","url":"https:\/\/eurotrader.com\/pt-pt\/","name":".eurotrader.com","description":"Here at EuroTrader, our goal is to make CFD trading clear, fair, and create a client centric culture.   To set ourselves apart, we\u2019re providing  a simple trading platform and trading terms with clear pricing, quick execution, and unbeatable customer service.","publisher":{"@id":"https:\/\/eurotrader.com\/pt-pt\/#organization"},"potentialAction":[{"@type":"SearchAction","target":{"@type":"EntryPoint","urlTemplate":"https:\/\/eurotrader.com\/pt-pt\/?s={search_term_string}"},"query-input":{"@type":"PropertyValueSpecification","valueRequired":true,"valueName":"search_term_string"}}],"inLanguage":"pt-PT"},{"@type":"Organization","@id":"https:\/\/eurotrader.com\/pt-pt\/#organization","name":"Eurotrader","url":"https:\/\/eurotrader.com\/pt-pt\/","logo":{"@type":"ImageObject","inLanguage":"pt-PT","@id":"https:\/\/eurotrader.com\/pt-pt\/#\/schema\/logo\/image\/","url":"https:\/\/eurotrader.com\/wp-content\/uploads\/header-logo.svg","contentUrl":"https:\/\/eurotrader.com\/wp-content\/uploads\/header-logo.svg","width":184,"height":28,"caption":"Eurotrader"},"image":{"@id":"https:\/\/eurotrader.com\/pt-pt\/#\/schema\/logo\/image\/"}}]}},"_hostinger_reach_plugin_has_subscription_block":false,"_hostinger_reach_plugin_is_elementor":false,"_links":{"self":[{"href":"https:\/\/eurotrader.com\/pt-pt\/wp-json\/wp\/v2\/pages\/2185","targetHints":{"allow":["GET"]}}],"collection":[{"href":"https:\/\/eurotrader.com\/pt-pt\/wp-json\/wp\/v2\/pages"}],"about":[{"href":"https:\/\/eurotrader.com\/pt-pt\/wp-json\/wp\/v2\/types\/page"}],"author":[{"embeddable":true,"href":"https:\/\/eurotrader.com\/pt-pt\/wp-json\/wp\/v2\/users\/15"}],"replies":[{"embeddable":true,"href":"https:\/\/eurotrader.com\/pt-pt\/wp-json\/wp\/v2\/comments?post=2185"}],"version-history":[{"count":0,"href":"https:\/\/eurotrader.com\/pt-pt\/wp-json\/wp\/v2\/pages\/2185\/revisions"}],"wp:attachment":[{"href":"https:\/\/eurotrader.com\/pt-pt\/wp-json\/wp\/v2\/media?parent=2185"}],"curies":[{"name":"wp","href":"https:\/\/api.w.org\/{rel}","templated":true}]}}