{"id":14055,"date":"2024-02-05T21:27:32","date_gmt":"2024-02-05T21:27:32","guid":{"rendered":"https:\/\/web-stage.eurotrader.com\/market-holidays\/"},"modified":"2024-12-19T10:20:28","modified_gmt":"2024-12-19T10:20:28","slug":"market-holidays","status":"publish","type":"page","link":"https:\/\/eurotrader.com\/vi\/market-holidays\/","title":{"rendered":"Ng\u00e0y L\u1ec5 Th\u1ecb Tr\u01b0\u1eddng"},"content":{"rendered":"\t\t<div data-elementor-type=\"wp-page\" data-elementor-id=\"14055\" class=\"elementor elementor-14055 elementor-4670\" data-elementor-post-type=\"page\">\n\t\t\t\t<div class=\"elementor-element elementor-element-427b804 e-flex e-con-boxed e-con e-parent\" data-id=\"427b804\" data-element_type=\"container\" data-e-type=\"container\">\n\t\t\t\t\t<div class=\"e-con-inner\">\n\t\t\t\t<div class=\"elementor-element elementor-element-697106d elementor-widget elementor-widget-heading\" data-id=\"697106d\" data-element_type=\"widget\" data-e-type=\"widget\" data-settings=\"{&quot;ekit_we_effect_on&quot;:&quot;none&quot;}\" data-widget_type=\"heading.default\">\n\t\t\t\t<div class=\"elementor-widget-container\">\n\t\t\t\t\t<h1 class=\"elementor-heading-title elementor-size-default\">L\u1ecbch Ngh\u1ec9 L\u1ec5<\/h1>\t\t\t\t<\/div>\n\t\t\t\t<\/div>\n\t\t\t\t<div class=\"elementor-element elementor-element-26a0221 large-width-content  center-content  elementor-widget elementor-widget-text-editor\" data-id=\"26a0221\" data-element_type=\"widget\" data-e-type=\"widget\" data-settings=\"{&quot;ekit_we_effect_on&quot;:&quot;none&quot;}\" data-widget_type=\"text-editor.default\">\n\t\t\t\t<div class=\"elementor-widget-container\">\n\t\t\t\t\t\t\t\t\t<p>Ng\u00e0y l\u1ec5 th\u1ecb tr\u01b0\u1eddng \u0111\u00f3ng m\u1ed9t vai tr\u00f2 quan tr\u1ecdng trong vi\u1ec7c \u1ea3nh h\u01b0\u1edfng \u0111\u1ebfn th\u1eddi gian bi\u1ec3u giao d\u1ecbch v\u00e0 bi\u1ebfn \u0111\u1ed9ng th\u1ecb tr\u01b0\u1eddng. Kh\u00e1m ph\u00e1 l\u1ecbch to\u00e0n di\u1ec7n c\u1ee7a ch\u00fang t\u00f4i v\u1ec1 c\u00e1c ng\u00e0y l\u1ec5 th\u1ecb tr\u01b0\u1eddng trao \u0111\u1ed5i s\u1eafp t\u1edbi \u0111\u1ec3 \u0111\u1ea3m b\u1ea3o b\u1ea1n v\u1eabn \u0111\u01b0\u1ee3c th\u00f4ng b\u00e1o \u0111\u1ea7y \u0111\u1ee7 v\u1ec1 t\u1ea5t c\u1ea3 c\u00e1c s\u1eeda \u0111\u1ed5i \u0111\u1ed1i v\u1edbi ch\u01b0\u01a1ng tr\u00ecnh giao d\u1ecbch. H\u00e3y ti\u1ebfp t\u1ee5c v\u1edbi l\u1ecbch tr\u00ecnh c\u1eadp nh\u1eadt c\u1ee7a ch\u00fang t\u00f4i v\u00e0 l\u00ean k\u1ebf ho\u1ea1ch cho c\u00e1c ho\u1ea1t \u0111\u1ed9ng giao d\u1ecbch c\u1ee7a b\u1ea1n m\u1ed9t c\u00e1ch ch\u00ednh x\u00e1c.<\/p>\n\t\t\t\t\t\t\t\t<\/div>\n\t\t\t\t<\/div>\n\t\t\t\t\t<\/div>\n\t\t\t\t<\/div>\n\t\t\t\t<\/div>\n\t\t","protected":false},"excerpt":{"rendered":"<p>L\u1ecbch Ngh\u1ec9 L\u1ec5 Ng\u00e0y l\u1ec5 th\u1ecb tr\u01b0\u1eddng \u0111\u00f3ng m\u1ed9t vai tr\u00f2 quan tr\u1ecdng trong vi\u1ec7c \u1ea3nh h\u01b0\u1edfng \u0111\u1ebfn th\u1eddi gian bi\u1ec3u giao d\u1ecbch v\u00e0 bi\u1ebfn \u0111\u1ed9ng th\u1ecb tr\u01b0\u1eddng. Kh\u00e1m ph\u00e1 l\u1ecbch to\u00e0n di\u1ec7n c\u1ee7a ch\u00fang t\u00f4i v\u1ec1 c\u00e1c ng\u00e0y l\u1ec5 th\u1ecb tr\u01b0\u1eddng trao \u0111\u1ed5i s\u1eafp t\u1edbi \u0111\u1ec3 \u0111\u1ea3m b\u1ea3o b\u1ea1n v\u1eabn \u0111\u01b0\u1ee3c th\u00f4ng b\u00e1o \u0111\u1ea7y [&hellip;]<\/p>\n","protected":false},"author":15,"featured_media":0,"parent":0,"menu_order":0,"comment_status":"closed","ping_status":"closed","template":"market-holidays-page.php","meta":{"inline_featured_image":false,"footnotes":""},"class_list":["post-14055","page","type-page","status-publish","hentry"],"acf":[],"yoast_head":"<!-- This site is optimized with the Yoast SEO plugin v26.9 - https:\/\/yoast.com\/product\/yoast-seo-wordpress\/ -->\n<title>Ng\u00e0y L\u1ec5 Th\u1ecb Tr\u01b0\u1eddng - Eurotrader<\/title>\n<meta name=\"robots\" content=\"index, follow, max-snippet:-1, max-image-preview:large, max-video-preview:-1\" \/>\n<meta property=\"og:locale\" content=\"vi_VN\" \/>\n<meta property=\"og:type\" content=\"article\" \/>\n<meta property=\"og:title\" content=\"Ng\u00e0y L\u1ec5 Th\u1ecb Tr\u01b0\u1eddng - Eurotrader\" \/>\n<meta property=\"og:description\" content=\"L\u1ecbch Ngh\u1ec9 L\u1ec5 Ng\u00e0y l\u1ec5 th\u1ecb tr\u01b0\u1eddng \u0111\u00f3ng m\u1ed9t vai tr\u00f2 quan tr\u1ecdng trong vi\u1ec7c \u1ea3nh h\u01b0\u1edfng \u0111\u1ebfn th\u1eddi gian bi\u1ec3u giao d\u1ecbch v\u00e0 bi\u1ebfn \u0111\u1ed9ng th\u1ecb tr\u01b0\u1eddng. Kh\u00e1m ph\u00e1 l\u1ecbch to\u00e0n di\u1ec7n c\u1ee7a ch\u00fang t\u00f4i v\u1ec1 c\u00e1c ng\u00e0y l\u1ec5 th\u1ecb tr\u01b0\u1eddng trao \u0111\u1ed5i s\u1eafp t\u1edbi \u0111\u1ec3 \u0111\u1ea3m b\u1ea3o b\u1ea1n v\u1eabn \u0111\u01b0\u1ee3c th\u00f4ng b\u00e1o \u0111\u1ea7y [&hellip;]\" \/>\n<meta property=\"og:url\" content=\"https:\/\/eurotrader.com\/vi\/market-holidays\/\" \/>\n<meta property=\"og:site_name\" content=\"Eurotrader\" \/>\n<meta property=\"article:modified_time\" content=\"2024-12-19T10:20:28+00:00\" \/>\n<meta property=\"og:image\" content=\"https:\/\/eurotrader.com\/wp-content\/uploads\/image-54.png\" \/>\n\t<meta property=\"og:image:width\" content=\"209\" \/>\n\t<meta property=\"og:image:height\" content=\"209\" \/>\n\t<meta property=\"og:image:type\" content=\"image\/png\" \/>\n<meta name=\"twitter:card\" content=\"summary_large_image\" \/>\n<meta name=\"twitter:label1\" content=\"Est. reading time\" \/>\n\t<meta name=\"twitter:data1\" content=\"1 minute\" \/>\n<script type=\"application\/ld+json\" class=\"yoast-schema-graph\">{\"@context\":\"https:\/\/schema.org\",\"@graph\":[{\"@type\":\"WebPage\",\"@id\":\"https:\/\/eurotrader.com\/vi\/market-holidays\/\",\"url\":\"https:\/\/eurotrader.com\/vi\/market-holidays\/\",\"name\":\"Ng\u00e0y L\u1ec5 Th\u1ecb Tr\u01b0\u1eddng - Eurotrader\",\"isPartOf\":{\"@id\":\"https:\/\/eurotrader.com\/vi\/#website\"},\"datePublished\":\"2024-02-05T21:27:32+00:00\",\"dateModified\":\"2024-12-19T10:20:28+00:00\",\"breadcrumb\":{\"@id\":\"https:\/\/eurotrader.com\/vi\/market-holidays\/#breadcrumb\"},\"inLanguage\":\"vi-VN\",\"potentialAction\":[{\"@type\":\"ReadAction\",\"target\":[\"https:\/\/eurotrader.com\/vi\/market-holidays\/\"]}]},{\"@type\":\"BreadcrumbList\",\"@id\":\"https:\/\/eurotrader.com\/vi\/market-holidays\/#breadcrumb\",\"itemListElement\":[{\"@type\":\"ListItem\",\"position\":1,\"name\":\"Home\",\"item\":\"https:\/\/eurotrader.com\/vi\/main-page\/\"},{\"@type\":\"ListItem\",\"position\":2,\"name\":\"Ng\u00e0y L\u1ec5 Th\u1ecb Tr\u01b0\u1eddng\"}]},{\"@type\":\"WebSite\",\"@id\":\"https:\/\/eurotrader.com\/vi\/#website\",\"url\":\"https:\/\/eurotrader.com\/vi\/\",\"name\":\".eurotrader.com\",\"description\":\"Here at EuroTrader, our goal is to make CFD trading clear, fair, and create a client centric culture.   To set ourselves apart, we\u2019re providing  a simple trading platform and trading terms with clear pricing, quick execution, and unbeatable customer service.\",\"publisher\":{\"@id\":\"https:\/\/eurotrader.com\/vi\/#organization\"},\"potentialAction\":[{\"@type\":\"SearchAction\",\"target\":{\"@type\":\"EntryPoint\",\"urlTemplate\":\"https:\/\/eurotrader.com\/vi\/?s={search_term_string}\"},\"query-input\":{\"@type\":\"PropertyValueSpecification\",\"valueRequired\":true,\"valueName\":\"search_term_string\"}}],\"inLanguage\":\"vi-VN\"},{\"@type\":\"Organization\",\"@id\":\"https:\/\/eurotrader.com\/vi\/#organization\",\"name\":\"Eurotrader\",\"url\":\"https:\/\/eurotrader.com\/vi\/\",\"logo\":{\"@type\":\"ImageObject\",\"inLanguage\":\"vi-VN\",\"@id\":\"https:\/\/eurotrader.com\/vi\/#\/schema\/logo\/image\/\",\"url\":\"https:\/\/eurotrader.com\/wp-content\/uploads\/header-logo.svg\",\"contentUrl\":\"https:\/\/eurotrader.com\/wp-content\/uploads\/header-logo.svg\",\"width\":184,\"height\":28,\"caption\":\"Eurotrader\"},\"image\":{\"@id\":\"https:\/\/eurotrader.com\/vi\/#\/schema\/logo\/image\/\"}}]}<\/script>\n<!-- \/ Yoast SEO plugin. -->","yoast_head_json":{"title":"Ng\u00e0y L\u1ec5 Th\u1ecb Tr\u01b0\u1eddng - Eurotrader","robots":{"index":"index","follow":"follow","max-snippet":"max-snippet:-1","max-image-preview":"max-image-preview:large","max-video-preview":"max-video-preview:-1"},"og_locale":"vi_VN","og_type":"article","og_title":"Ng\u00e0y L\u1ec5 Th\u1ecb Tr\u01b0\u1eddng - Eurotrader","og_description":"L\u1ecbch Ngh\u1ec9 L\u1ec5 Ng\u00e0y l\u1ec5 th\u1ecb tr\u01b0\u1eddng \u0111\u00f3ng m\u1ed9t vai tr\u00f2 quan tr\u1ecdng trong vi\u1ec7c \u1ea3nh h\u01b0\u1edfng \u0111\u1ebfn th\u1eddi gian bi\u1ec3u giao d\u1ecbch v\u00e0 bi\u1ebfn \u0111\u1ed9ng th\u1ecb tr\u01b0\u1eddng. Kh\u00e1m ph\u00e1 l\u1ecbch to\u00e0n di\u1ec7n c\u1ee7a ch\u00fang t\u00f4i v\u1ec1 c\u00e1c ng\u00e0y l\u1ec5 th\u1ecb tr\u01b0\u1eddng trao \u0111\u1ed5i s\u1eafp t\u1edbi \u0111\u1ec3 \u0111\u1ea3m b\u1ea3o b\u1ea1n v\u1eabn \u0111\u01b0\u1ee3c th\u00f4ng b\u00e1o \u0111\u1ea7y [&hellip;]","og_url":"https:\/\/eurotrader.com\/vi\/market-holidays\/","og_site_name":"Eurotrader","article_modified_time":"2024-12-19T10:20:28+00:00","og_image":[{"width":209,"height":209,"url":"https:\/\/eurotrader.com\/wp-content\/uploads\/image-54.png","type":"image\/png"}],"twitter_card":"summary_large_image","twitter_misc":{"Est. reading time":"1 minute"},"schema":{"@context":"https:\/\/schema.org","@graph":[{"@type":"WebPage","@id":"https:\/\/eurotrader.com\/vi\/market-holidays\/","url":"https:\/\/eurotrader.com\/vi\/market-holidays\/","name":"Ng\u00e0y L\u1ec5 Th\u1ecb Tr\u01b0\u1eddng - Eurotrader","isPartOf":{"@id":"https:\/\/eurotrader.com\/vi\/#website"},"datePublished":"2024-02-05T21:27:32+00:00","dateModified":"2024-12-19T10:20:28+00:00","breadcrumb":{"@id":"https:\/\/eurotrader.com\/vi\/market-holidays\/#breadcrumb"},"inLanguage":"vi-VN","potentialAction":[{"@type":"ReadAction","target":["https:\/\/eurotrader.com\/vi\/market-holidays\/"]}]},{"@type":"BreadcrumbList","@id":"https:\/\/eurotrader.com\/vi\/market-holidays\/#breadcrumb","itemListElement":[{"@type":"ListItem","position":1,"name":"Home","item":"https:\/\/eurotrader.com\/vi\/main-page\/"},{"@type":"ListItem","position":2,"name":"Ng\u00e0y L\u1ec5 Th\u1ecb Tr\u01b0\u1eddng"}]},{"@type":"WebSite","@id":"https:\/\/eurotrader.com\/vi\/#website","url":"https:\/\/eurotrader.com\/vi\/","name":".eurotrader.com","description":"Here at EuroTrader, our goal is to make CFD trading clear, fair, and create a client centric culture.   To set ourselves apart, we\u2019re providing  a simple trading platform and trading terms with clear pricing, quick execution, and unbeatable customer service.","publisher":{"@id":"https:\/\/eurotrader.com\/vi\/#organization"},"potentialAction":[{"@type":"SearchAction","target":{"@type":"EntryPoint","urlTemplate":"https:\/\/eurotrader.com\/vi\/?s={search_term_string}"},"query-input":{"@type":"PropertyValueSpecification","valueRequired":true,"valueName":"search_term_string"}}],"inLanguage":"vi-VN"},{"@type":"Organization","@id":"https:\/\/eurotrader.com\/vi\/#organization","name":"Eurotrader","url":"https:\/\/eurotrader.com\/vi\/","logo":{"@type":"ImageObject","inLanguage":"vi-VN","@id":"https:\/\/eurotrader.com\/vi\/#\/schema\/logo\/image\/","url":"https:\/\/eurotrader.com\/wp-content\/uploads\/header-logo.svg","contentUrl":"https:\/\/eurotrader.com\/wp-content\/uploads\/header-logo.svg","width":184,"height":28,"caption":"Eurotrader"},"image":{"@id":"https:\/\/eurotrader.com\/vi\/#\/schema\/logo\/image\/"}}]}},"_hostinger_reach_plugin_has_subscription_block":false,"_hostinger_reach_plugin_is_elementor":false,"_links":{"self":[{"href":"https:\/\/eurotrader.com\/vi\/wp-json\/wp\/v2\/pages\/14055","targetHints":{"allow":["GET"]}}],"collection":[{"href":"https:\/\/eurotrader.com\/vi\/wp-json\/wp\/v2\/pages"}],"about":[{"href":"https:\/\/eurotrader.com\/vi\/wp-json\/wp\/v2\/types\/page"}],"author":[{"embeddable":true,"href":"https:\/\/eurotrader.com\/vi\/wp-json\/wp\/v2\/users\/15"}],"replies":[{"embeddable":true,"href":"https:\/\/eurotrader.com\/vi\/wp-json\/wp\/v2\/comments?post=14055"}],"version-history":[{"count":0,"href":"https:\/\/eurotrader.com\/vi\/wp-json\/wp\/v2\/pages\/14055\/revisions"}],"wp:attachment":[{"href":"https:\/\/eurotrader.com\/vi\/wp-json\/wp\/v2\/media?parent=14055"}],"curies":[{"name":"wp","href":"https:\/\/api.w.org\/{rel}","templated":true}]}}