{"id":14086,"date":"2024-03-10T15:00:17","date_gmt":"2024-03-10T15:00:17","guid":{"rendered":"https:\/\/web-stage.eurotrader.com\/withdrawals-deposits\/"},"modified":"2024-12-19T11:02:02","modified_gmt":"2024-12-19T11:02:02","slug":"withdrawals-deposits","status":"publish","type":"page","link":"https:\/\/eurotrader.com\/vi\/withdrawals-deposits\/","title":{"rendered":"R\u00fat ti\u1ec1n v\u00e0 g\u1eedi ti\u1ec1n"},"content":{"rendered":"\t\t<div data-elementor-type=\"wp-page\" data-elementor-id=\"14086\" class=\"elementor elementor-14086 elementor-4829\" data-elementor-post-type=\"page\">\n\t\t\t\t<div class=\"elementor-element elementor-element-390c3f e-flex e-con-boxed e-con e-parent\" data-id=\"390c3f\" data-element_type=\"container\" data-e-type=\"container\" data-settings=\"{&quot;background_background&quot;:&quot;classic&quot;}\">\n\t\t\t\t\t<div class=\"e-con-inner\">\n\t\t<div class=\"elementor-element elementor-element-d4aa453 e-flex e-con-boxed e-con e-child\" data-id=\"d4aa453\" data-element_type=\"container\" data-e-type=\"container\">\n\t\t\t\t\t<div class=\"e-con-inner\">\n\t\t\t\t<div class=\"elementor-element elementor-element-5c869f02 elementor-widget elementor-widget-heading\" data-id=\"5c869f02\" data-element_type=\"widget\" data-e-type=\"widget\" data-settings=\"{&quot;ekit_we_effect_on&quot;:&quot;none&quot;}\" data-widget_type=\"heading.default\">\n\t\t\t\t<div class=\"elementor-widget-container\">\n\t\t\t\t\t<h1 class=\"elementor-heading-title elementor-size-default\">R\u00fat ti\u1ec1n v\u00e0 g\u1eedi ti\u1ec1n<\/h1>\t\t\t\t<\/div>\n\t\t\t\t<\/div>\n\t\t\t\t<div class=\"elementor-element elementor-element-55286574 large-width-content center-content elementor-widget elementor-widget-text-editor\" data-id=\"55286574\" data-element_type=\"widget\" data-e-type=\"widget\" data-settings=\"{&quot;ekit_we_effect_on&quot;:&quot;none&quot;}\" data-widget_type=\"text-editor.default\">\n\t\t\t\t<div class=\"elementor-widget-container\">\n\t\t\t\t\t\t\t\t\t<p>D\u1ec5 d\u00e0ng n\u1ea1p ti\u1ec1n v\u00e0o t\u00e0i kho\u1ea3n Eurotrader c\u1ee7a b\u1ea1n ho\u1eb7c r\u00fat l\u1ee3i nhu\u1eadn c\u1ee7a b\u1ea1n.<br \/>\nCh\u00fang t\u00f4i cung c\u1ea5p c\u00e1c ph\u01b0\u01a1ng th\u1ee9c thanh to\u00e1n thu\u1eadn ti\u1ec7n v\u1edbi th\u1eddi gian x\u1eed l\u00fd nhanh v\u00e0 b\u1ea3o m\u1eadt m\u1ea1nh m\u1ebd.<\/p>\n\t\t\t\t\t\t\t\t<\/div>\n\t\t\t\t<\/div>\n\t\t\t\t\t<\/div>\n\t\t\t\t<\/div>\n\t\t\t\t\t<\/div>\n\t\t\t\t<\/div>\n\t\t<div class=\"elementor-element elementor-element-4fe95013 e-flex e-con-boxed e-con e-parent\" data-id=\"4fe95013\" data-element_type=\"container\" data-e-type=\"container\">\n\t\t\t\t\t<div class=\"e-con-inner\">\n\t\t\t\t<div class=\"elementor-element elementor-element-59350608 elementor-widget elementor-widget-html\" data-id=\"59350608\" data-element_type=\"widget\" data-e-type=\"widget\" data-settings=\"{&quot;ekit_we_effect_on&quot;:&quot;none&quot;}\" data-widget_type=\"html.default\">\n\t\t\t\t<div class=\"elementor-widget-container\">\n\t\t\t\t\t<div class=\"payments-table\">\r\n<table>\r\n    <thead>\r\n        <tr>\r\n            <th>PAYMENT SYSTEM<\/th>\r\n            <th>CURRENCY<\/th>\r\n            <th>FEE<\/th>\r\n            <th>PROCESSING TIME<\/th>\r\n            <th>LIMITS<\/th>\r\n        <\/tr>\r\n    <\/thead>\r\n    <tbody>\r\n        <tr>\r\n            <td><\/td>\r\n            <td><\/td>\r\n            <td>\r\n                <div>\r\n                    <div>Deposit<\/div>\r\n                    <div>Withdraw<\/div>\r\n                <\/div>\r\n            <\/td>\r\n            <td>\r\n                <div>\r\n                    <div>Deposit<\/div>\r\n                    <div>Withdraw<\/div>\r\n                <\/div>\r\n            <\/td>\r\n            <td>\r\n                <div>\r\n                    <div>Deposit<\/div>\r\n                    <div>Withdraw<\/div>\r\n                <\/div>\r\n            <\/td>\r\n        <\/tr>\r\n        <tr>\r\n             <td>   \r\n                <div>\r\n                    <div>\r\n                        <img decoding=\"async\" src=\"\/wp-content\/themes\/eurotrader\/includes\/images\/cards\/bank-icon.png\" alt=\"bank icon\"\/>\r\n                    <\/div>\r\n                    <div>Bank Transfer\r\n                    <\/div>\r\n                <\/div>\r\n            <\/td>\r\n            <td>All Currencies<\/td>\r\n            <td>\r\n                <div>\r\n                    <div>Free<\/div>\r\n                    <span>Free<\/span><sup>1<\/sup>\r\n                <\/div>\r\n            <\/td>\r\n            <td>\r\n                <div>\r\n                    <div>From 1 to 5 business days<\/div>\r\n                    <div>Up to 1 working day<sup>3<\/sup><\/div>\r\n                <\/div>\r\n            <\/td>\r\n             <td>\r\n                 <div>\r\n                     <div>Min 10 USD \/ Max 10,000 USD<\/div>\r\n                     <div>Min 10 USD \/ Max 10,000 USD<\/div>\r\n                 <\/div>\r\n            <\/td>\r\n        <\/tr>\r\n        <tr>\r\n            <td>\r\n                <div>\r\n                    <div>\r\n                        <img decoding=\"async\" src=\"\/wp-content\/themes\/eurotrader\/includes\/images\/cards\/visa-icon.png\" alt=\"Visa\"\/>\r\n                    <\/div>\r\n                    <div>MasterCard \/ Visa\r\n                    <\/div>\r\n                    <\/div>\r\n                <\/td>\r\n            <td>All Currencies<\/td>\r\n            <td>\r\n                <div>\r\n                    <div>Free<\/div>\r\n                    <span>Free<\/span><sup>1<\/sup>\r\n                <\/div>\r\n            <\/td>\r\n            <td>\r\n                <div>\r\n                    <div>Instant<sup>2<\/sup><\/div>\r\n                    <div>Up to 1 working day<sup>3<\/sup><\/div>\r\n                <\/div>\r\n            <\/td>\r\n             <td>\r\n                 <div>\r\n                     <div>Min 10 USD \/ Max 10,000 USD<\/div>\r\n                     <div>Min 10 USD \/ Max 10,000 USD<\/div>\r\n                 <\/div>\r\n            <\/td>\r\n        <\/tr>\r\n        <tr>\r\n            <td>\r\n                <div>\r\n                    <div><img decoding=\"async\" src=\"\/wp-content\/themes\/eurotrader\/includes\/images\/cards\/skrill-icon.png\" alt=\"Skrill\"\/>\r\n                    <\/div>\r\n                    <div>Skrill (eWallet)<\/div>\r\n                    <\/div>\r\n                <\/td>\r\n            <td>All Currencies<\/td>\r\n            <td>\r\n                <div>\r\n                    <div>Free<\/div>\r\n                    <span>Free<\/span><sup>1<\/sup>\r\n                <\/div>\r\n            <\/td>\r\n            <td>\r\n                <div>\r\n                   <div>Instant<sup>2<\/sup><\/div>\r\n                    <div>Up to 1 working day<sup>3<\/sup><\/div>\r\n                <\/div>\r\n            <\/td>\r\n             <td>\r\n                 <div>\r\n                     <div>Min 10 USD \/ Max 10,000 USD<\/div>\r\n                     <div>Min 10 USD \/ Max 10,000 USD<\/div>\r\n                 <\/div>\r\n            <\/td>\r\n        <\/tr>\r\n    <\/tbody>\r\n<\/table>\r\n<\/div>\t\t\t\t<\/div>\n\t\t\t\t<\/div>\n\t\t\t\t\t<\/div>\n\t\t\t\t<\/div>\n\t\t<div class=\"elementor-element elementor-element-659890bf e-flex e-con-boxed e-con e-parent\" data-id=\"659890bf\" data-element_type=\"container\" data-e-type=\"container\">\n\t\t\t\t\t<div class=\"e-con-inner\">\n\t\t\t\t<div class=\"elementor-element elementor-element-1c3a1b3 elementor-icon-list--layout-traditional elementor-list-item-link-full_width elementor-widget elementor-widget-icon-list\" data-id=\"1c3a1b3\" data-element_type=\"widget\" data-e-type=\"widget\" data-settings=\"{&quot;ekit_we_effect_on&quot;:&quot;none&quot;}\" data-widget_type=\"icon-list.default\">\n\t\t\t\t<div class=\"elementor-widget-container\">\n\t\t\t\t\t\t\t<ul class=\"elementor-icon-list-items\">\n\t\t\t\t\t\t\t<li class=\"elementor-icon-list-item\">\n\t\t\t\t\t\t\t\t\t\t<span class=\"elementor-icon-list-text\"><sup>1 <\/sup>   Ph\u00ed r\u00fat ti\u1ec1n l\u00ean t\u1edbi 2% s\u1ebd \u0111\u01b0\u1ee3c \u00e1p d\u1ee5ng n\u1ebfu \u0111\u01b0\u1ee3c y\u00eau c\u1ea7u m\u00e0 kh\u00f4ng c\u00f3 b\u1ea5t k\u1ef3 ho\u1ea1t \u0111\u1ed9ng giao d\u1ecbch n\u00e0o tr\u01b0\u1edbc \u0111\u00f3<\/span>\n\t\t\t\t\t\t\t\t\t<\/li>\n\t\t\t\t\t\t\t\t<li class=\"elementor-icon-list-item\">\n\t\t\t\t\t\t\t\t\t\t<span class=\"elementor-icon-list-text\"><sup>2 <\/sup>Eurotrader kh\u00f4ng ch\u1ecbu tr\u00e1ch nhi\u1ec7m x\u1eed l\u00fd s\u1ef1 ch\u1eadm tr\u1ec5 ngo\u00e0i t\u1ea7m ki\u1ec3m so\u00e1t c\u1ee7a m\u00ecnh.<\/span>\n\t\t\t\t\t\t\t\t\t<\/li>\n\t\t\t\t\t\t\t\t<li class=\"elementor-icon-list-item\">\n\t\t\t\t\t\t\t\t\t\t<span class=\"elementor-icon-list-text\"><sup>3<\/sup> Vi\u1ec7c r\u00fat ti\u1ec1n th\u01b0\u1eddng \u0111\u01b0\u1ee3c x\u1eed l\u00fd trong v\u00f2ng 1 ng\u00e0y l\u00e0m vi\u1ec7c, tr\u1eeb khi c\u1ea7n th\u00eam t\u00e0i li\u1ec7u ho\u1eb7c th\u00f4ng tin. Vi\u1ec7c chuy\u1ec3n kho\u1ea3n sang th\u1ebb t\u00edn d\u1ee5ng v\u00e0 t\u00e0i kho\u1ea3n ng\u00e2n h\u00e0ng c\u00f3 th\u1ec3 m\u1ea5t t\u1eeb 1 \u0111\u1ebfn 7 ng\u00e0y l\u00e0m vi\u1ec7c k\u1ec3 t\u1eeb khi x\u1eed l\u00fd, trong khi s\u1ed1 ti\u1ec1n r\u00fat t\u1eeb Skrill s\u1ebd \u0111\u01b0\u1ee3c ghi c\u00f3 trong c\u00f9ng ng\u00e0y.<\/span>\n\t\t\t\t\t\t\t\t\t<\/li>\n\t\t\t\t\t\t<\/ul>\n\t\t\t\t\t\t<\/div>\n\t\t\t\t<\/div>\n\t\t\t\t\t<\/div>\n\t\t\t\t<\/div>\n\t\t\t\t<\/div>\n\t\t","protected":false},"excerpt":{"rendered":"<p>R\u00fat ti\u1ec1n v\u00e0 g\u1eedi ti\u1ec1n D\u1ec5 d\u00e0ng n\u1ea1p ti\u1ec1n v\u00e0o t\u00e0i kho\u1ea3n Eurotrader c\u1ee7a b\u1ea1n ho\u1eb7c r\u00fat l\u1ee3i nhu\u1eadn c\u1ee7a b\u1ea1n. Ch\u00fang t\u00f4i cung c\u1ea5p c\u00e1c ph\u01b0\u01a1ng th\u1ee9c thanh to\u00e1n thu\u1eadn ti\u1ec7n v\u1edbi th\u1eddi gian x\u1eed l\u00fd nhanh v\u00e0 b\u1ea3o m\u1eadt m\u1ea1nh m\u1ebd. PAYMENT SYSTEM CURRENCY FEE PROCESSING TIME LIMITS Deposit Withdraw Deposit Withdraw Deposit [&hellip;]<\/p>\n","protected":false},"author":15,"featured_media":0,"parent":0,"menu_order":0,"comment_status":"closed","ping_status":"closed","template":"","meta":{"inline_featured_image":false,"footnotes":""},"class_list":["post-14086","page","type-page","status-publish","hentry"],"acf":[],"yoast_head":"<!-- This site is optimized with the Yoast SEO plugin v26.9 - https:\/\/yoast.com\/product\/yoast-seo-wordpress\/ -->\n<title>R\u00fat ti\u1ec1n v\u00e0 g\u1eedi ti\u1ec1n - Eurotrader<\/title>\n<meta name=\"robots\" content=\"index, follow, max-snippet:-1, max-image-preview:large, max-video-preview:-1\" \/>\n<meta property=\"og:locale\" content=\"vi_VN\" \/>\n<meta property=\"og:type\" content=\"article\" \/>\n<meta property=\"og:title\" content=\"R\u00fat ti\u1ec1n v\u00e0 g\u1eedi ti\u1ec1n - Eurotrader\" \/>\n<meta property=\"og:description\" content=\"R\u00fat ti\u1ec1n v\u00e0 g\u1eedi ti\u1ec1n D\u1ec5 d\u00e0ng n\u1ea1p ti\u1ec1n v\u00e0o t\u00e0i kho\u1ea3n Eurotrader c\u1ee7a b\u1ea1n ho\u1eb7c r\u00fat l\u1ee3i nhu\u1eadn c\u1ee7a b\u1ea1n. Ch\u00fang t\u00f4i cung c\u1ea5p c\u00e1c ph\u01b0\u01a1ng th\u1ee9c thanh to\u00e1n thu\u1eadn ti\u1ec7n v\u1edbi th\u1eddi gian x\u1eed l\u00fd nhanh v\u00e0 b\u1ea3o m\u1eadt m\u1ea1nh m\u1ebd. PAYMENT SYSTEM CURRENCY FEE PROCESSING TIME LIMITS Deposit Withdraw Deposit Withdraw Deposit [&hellip;]\" \/>\n<meta property=\"og:url\" content=\"https:\/\/eurotrader.com\/vi\/withdrawals-deposits\/\" \/>\n<meta property=\"og:site_name\" content=\"Eurotrader\" \/>\n<meta property=\"article:modified_time\" content=\"2024-12-19T11:02:02+00:00\" \/>\n<meta property=\"og:image\" content=\"https:\/\/eurotrader.com\/wp-content\/uploads\/image-54.png\" \/>\n\t<meta property=\"og:image:width\" content=\"209\" \/>\n\t<meta property=\"og:image:height\" content=\"209\" \/>\n\t<meta property=\"og:image:type\" content=\"image\/png\" \/>\n<meta name=\"twitter:card\" content=\"summary_large_image\" \/>\n<meta name=\"twitter:label1\" content=\"Est. reading time\" \/>\n\t<meta name=\"twitter:data1\" content=\"2 minutes\" \/>\n<script type=\"application\/ld+json\" class=\"yoast-schema-graph\">{\"@context\":\"https:\/\/schema.org\",\"@graph\":[{\"@type\":\"WebPage\",\"@id\":\"https:\/\/eurotrader.com\/vi\/withdrawals-deposits\/\",\"url\":\"https:\/\/eurotrader.com\/vi\/withdrawals-deposits\/\",\"name\":\"R\u00fat ti\u1ec1n v\u00e0 g\u1eedi ti\u1ec1n - Eurotrader\",\"isPartOf\":{\"@id\":\"https:\/\/eurotrader.com\/vi\/#website\"},\"datePublished\":\"2024-03-10T15:00:17+00:00\",\"dateModified\":\"2024-12-19T11:02:02+00:00\",\"breadcrumb\":{\"@id\":\"https:\/\/eurotrader.com\/vi\/withdrawals-deposits\/#breadcrumb\"},\"inLanguage\":\"vi-VN\",\"potentialAction\":[{\"@type\":\"ReadAction\",\"target\":[\"https:\/\/eurotrader.com\/vi\/withdrawals-deposits\/\"]}]},{\"@type\":\"BreadcrumbList\",\"@id\":\"https:\/\/eurotrader.com\/vi\/withdrawals-deposits\/#breadcrumb\",\"itemListElement\":[{\"@type\":\"ListItem\",\"position\":1,\"name\":\"Home\",\"item\":\"https:\/\/eurotrader.com\/vi\/main-page\/\"},{\"@type\":\"ListItem\",\"position\":2,\"name\":\"R\u00fat ti\u1ec1n v\u00e0 g\u1eedi ti\u1ec1n\"}]},{\"@type\":\"WebSite\",\"@id\":\"https:\/\/eurotrader.com\/vi\/#website\",\"url\":\"https:\/\/eurotrader.com\/vi\/\",\"name\":\".eurotrader.com\",\"description\":\"Here at EuroTrader, our goal is to make CFD trading clear, fair, and create a client centric culture.   To set ourselves apart, we\u2019re providing  a simple trading platform and trading terms with clear pricing, quick execution, and unbeatable customer service.\",\"publisher\":{\"@id\":\"https:\/\/eurotrader.com\/vi\/#organization\"},\"potentialAction\":[{\"@type\":\"SearchAction\",\"target\":{\"@type\":\"EntryPoint\",\"urlTemplate\":\"https:\/\/eurotrader.com\/vi\/?s={search_term_string}\"},\"query-input\":{\"@type\":\"PropertyValueSpecification\",\"valueRequired\":true,\"valueName\":\"search_term_string\"}}],\"inLanguage\":\"vi-VN\"},{\"@type\":\"Organization\",\"@id\":\"https:\/\/eurotrader.com\/vi\/#organization\",\"name\":\"Eurotrader\",\"url\":\"https:\/\/eurotrader.com\/vi\/\",\"logo\":{\"@type\":\"ImageObject\",\"inLanguage\":\"vi-VN\",\"@id\":\"https:\/\/eurotrader.com\/vi\/#\/schema\/logo\/image\/\",\"url\":\"https:\/\/eurotrader.com\/wp-content\/uploads\/header-logo.svg\",\"contentUrl\":\"https:\/\/eurotrader.com\/wp-content\/uploads\/header-logo.svg\",\"width\":184,\"height\":28,\"caption\":\"Eurotrader\"},\"image\":{\"@id\":\"https:\/\/eurotrader.com\/vi\/#\/schema\/logo\/image\/\"}}]}<\/script>\n<!-- \/ Yoast SEO plugin. -->","yoast_head_json":{"title":"R\u00fat ti\u1ec1n v\u00e0 g\u1eedi ti\u1ec1n - Eurotrader","robots":{"index":"index","follow":"follow","max-snippet":"max-snippet:-1","max-image-preview":"max-image-preview:large","max-video-preview":"max-video-preview:-1"},"og_locale":"vi_VN","og_type":"article","og_title":"R\u00fat ti\u1ec1n v\u00e0 g\u1eedi ti\u1ec1n - Eurotrader","og_description":"R\u00fat ti\u1ec1n v\u00e0 g\u1eedi ti\u1ec1n D\u1ec5 d\u00e0ng n\u1ea1p ti\u1ec1n v\u00e0o t\u00e0i kho\u1ea3n Eurotrader c\u1ee7a b\u1ea1n ho\u1eb7c r\u00fat l\u1ee3i nhu\u1eadn c\u1ee7a b\u1ea1n. Ch\u00fang t\u00f4i cung c\u1ea5p c\u00e1c ph\u01b0\u01a1ng th\u1ee9c thanh to\u00e1n thu\u1eadn ti\u1ec7n v\u1edbi th\u1eddi gian x\u1eed l\u00fd nhanh v\u00e0 b\u1ea3o m\u1eadt m\u1ea1nh m\u1ebd. PAYMENT SYSTEM CURRENCY FEE PROCESSING TIME LIMITS Deposit Withdraw Deposit Withdraw Deposit [&hellip;]","og_url":"https:\/\/eurotrader.com\/vi\/withdrawals-deposits\/","og_site_name":"Eurotrader","article_modified_time":"2024-12-19T11:02:02+00:00","og_image":[{"width":209,"height":209,"url":"https:\/\/eurotrader.com\/wp-content\/uploads\/image-54.png","type":"image\/png"}],"twitter_card":"summary_large_image","twitter_misc":{"Est. reading time":"2 minutes"},"schema":{"@context":"https:\/\/schema.org","@graph":[{"@type":"WebPage","@id":"https:\/\/eurotrader.com\/vi\/withdrawals-deposits\/","url":"https:\/\/eurotrader.com\/vi\/withdrawals-deposits\/","name":"R\u00fat ti\u1ec1n v\u00e0 g\u1eedi ti\u1ec1n - Eurotrader","isPartOf":{"@id":"https:\/\/eurotrader.com\/vi\/#website"},"datePublished":"2024-03-10T15:00:17+00:00","dateModified":"2024-12-19T11:02:02+00:00","breadcrumb":{"@id":"https:\/\/eurotrader.com\/vi\/withdrawals-deposits\/#breadcrumb"},"inLanguage":"vi-VN","potentialAction":[{"@type":"ReadAction","target":["https:\/\/eurotrader.com\/vi\/withdrawals-deposits\/"]}]},{"@type":"BreadcrumbList","@id":"https:\/\/eurotrader.com\/vi\/withdrawals-deposits\/#breadcrumb","itemListElement":[{"@type":"ListItem","position":1,"name":"Home","item":"https:\/\/eurotrader.com\/vi\/main-page\/"},{"@type":"ListItem","position":2,"name":"R\u00fat ti\u1ec1n v\u00e0 g\u1eedi ti\u1ec1n"}]},{"@type":"WebSite","@id":"https:\/\/eurotrader.com\/vi\/#website","url":"https:\/\/eurotrader.com\/vi\/","name":".eurotrader.com","description":"Here at EuroTrader, our goal is to make CFD trading clear, fair, and create a client centric culture.   To set ourselves apart, we\u2019re providing  a simple trading platform and trading terms with clear pricing, quick execution, and unbeatable customer service.","publisher":{"@id":"https:\/\/eurotrader.com\/vi\/#organization"},"potentialAction":[{"@type":"SearchAction","target":{"@type":"EntryPoint","urlTemplate":"https:\/\/eurotrader.com\/vi\/?s={search_term_string}"},"query-input":{"@type":"PropertyValueSpecification","valueRequired":true,"valueName":"search_term_string"}}],"inLanguage":"vi-VN"},{"@type":"Organization","@id":"https:\/\/eurotrader.com\/vi\/#organization","name":"Eurotrader","url":"https:\/\/eurotrader.com\/vi\/","logo":{"@type":"ImageObject","inLanguage":"vi-VN","@id":"https:\/\/eurotrader.com\/vi\/#\/schema\/logo\/image\/","url":"https:\/\/eurotrader.com\/wp-content\/uploads\/header-logo.svg","contentUrl":"https:\/\/eurotrader.com\/wp-content\/uploads\/header-logo.svg","width":184,"height":28,"caption":"Eurotrader"},"image":{"@id":"https:\/\/eurotrader.com\/vi\/#\/schema\/logo\/image\/"}}]}},"_hostinger_reach_plugin_has_subscription_block":false,"_hostinger_reach_plugin_is_elementor":false,"_links":{"self":[{"href":"https:\/\/eurotrader.com\/vi\/wp-json\/wp\/v2\/pages\/14086","targetHints":{"allow":["GET"]}}],"collection":[{"href":"https:\/\/eurotrader.com\/vi\/wp-json\/wp\/v2\/pages"}],"about":[{"href":"https:\/\/eurotrader.com\/vi\/wp-json\/wp\/v2\/types\/page"}],"author":[{"embeddable":true,"href":"https:\/\/eurotrader.com\/vi\/wp-json\/wp\/v2\/users\/15"}],"replies":[{"embeddable":true,"href":"https:\/\/eurotrader.com\/vi\/wp-json\/wp\/v2\/comments?post=14086"}],"version-history":[{"count":0,"href":"https:\/\/eurotrader.com\/vi\/wp-json\/wp\/v2\/pages\/14086\/revisions"}],"wp:attachment":[{"href":"https:\/\/eurotrader.com\/vi\/wp-json\/wp\/v2\/media?parent=14086"}],"curies":[{"name":"wp","href":"https:\/\/api.w.org\/{rel}","templated":true}]}}