{"id":2222,"date":"2023-10-25T11:53:39","date_gmt":"2023-10-25T10:53:39","guid":{"rendered":"https:\/\/web-stage.eurotrader.com\/huong-dan-su-dung-nen-tang\/"},"modified":"2025-10-20T11:14:26","modified_gmt":"2025-10-20T10:14:26","slug":"platform-tutorials","status":"publish","type":"page","link":"https:\/\/eurotrader.com\/vi\/platform-tutorials\/","title":{"rendered":"H\u01b0\u1edbng d\u1eabn S\u1eed d\u1ee5ng N\u1ec1n t\u1ea3ng"},"content":{"rendered":"\t\t<div data-elementor-type=\"wp-page\" data-elementor-id=\"2222\" class=\"elementor elementor-2222 elementor-964\" data-elementor-post-type=\"page\">\n\t\t\t\t<div class=\"elementor-element elementor-element-2fc5fa1b hero-bannersec e-flex e-con-boxed e-con e-parent\" data-id=\"2fc5fa1b\" data-element_type=\"container\" data-e-type=\"container\">\n\t\t\t\t\t<div class=\"e-con-inner\">\n\t\t\t\t<div class=\"elementor-element elementor-element-67ebef2c elementor-widget elementor-widget-heading\" data-id=\"67ebef2c\" data-element_type=\"widget\" data-e-type=\"widget\" data-settings=\"{&quot;ekit_we_effect_on&quot;:&quot;none&quot;}\" data-widget_type=\"heading.default\">\n\t\t\t\t<div class=\"elementor-widget-container\">\n\t\t\t\t\t<h1 class=\"elementor-heading-title elementor-size-default\">H\u01b0\u1edbng d\u1eabn S\u1eed d\u1ee5ng N\u1ec1n t\u1ea3ng<\/h1>\t\t\t\t<\/div>\n\t\t\t\t<\/div>\n\t\t\t\t<div class=\"elementor-element elementor-element-4d968f8b small-width-content  center-content  elementor-widget elementor-widget-text-editor\" data-id=\"4d968f8b\" data-element_type=\"widget\" data-e-type=\"widget\" data-settings=\"{&quot;ekit_we_effect_on&quot;:&quot;none&quot;}\" data-widget_type=\"text-editor.default\">\n\t\t\t\t<div class=\"elementor-widget-container\">\n\t\t\t\t\t\t\t\t\t<p>T\u00ecm hi\u1ec3u chi ti\u1ebft v\u1ec1 MT4 v\u00e0 MT5 v\u1edbi s\u1ef1 tr\u1ee3 gi\u00fap c\u1ee7a c\u00e1c h\u01b0\u1edbng d\u1eabn h\u1eefu \u00edch v\u1ec1 n\u1ec1n t\u1ea3ng c\u1ee7a ch\u00fang t\u00f4i.<\/p>\n\t\t\t\t\t\t\t\t<\/div>\n\t\t\t\t<\/div>\n\t\t\t\t\t<\/div>\n\t\t\t\t<\/div>\n\t\t<div class=\"elementor-element elementor-element-24a8225d e-flex e-con-boxed e-con e-parent\" data-id=\"24a8225d\" data-element_type=\"container\" data-e-type=\"container\">\n\t\t\t\t\t<div class=\"e-con-inner\">\n\t\t\t\t<div class=\"elementor-element elementor-element-de58855 elementor-widget elementor-widget-shortcode\" data-id=\"de58855\" data-element_type=\"widget\" data-e-type=\"widget\" data-settings=\"{&quot;ekit_we_effect_on&quot;:&quot;none&quot;}\" data-widget_type=\"shortcode.default\">\n\t\t\t\t<div class=\"elementor-widget-container\">\n\t\t\t\t\t\t\t<div class=\"elementor-shortcode\"><script>(function(w,d,t,h,l,b,p,o,a,m){w[\"TraducationFxObject\"]=o;w[o]=w[o]||function(){w[o].h=h;w[o].b=b;return (w[o].q=w[o].q||[]).push(arguments)};a=d.createElement(t),m=d.getElementsByTagName(t)[0];a.async=1;a.src=h+l+\"?b=\"+b+\"&p=\"+p.join(\",\")+'&rd='+w.location.protocol+'\/\/'+w.location.host+'&ru='+w.location.pathname+w.location.hash;a.crossorigin=\"use-credentials\";m.parentNode.insertBefore(a,m)})(window,document,\"script\",\"https:\/\/embedder.traducationfx.com\/\",\"embedder.js\",\"hpmkGrVwVHA\",[],\"TraducationFX\");TraducationFX(\"settings\", \"configure\", {    \"traderStateKey\": \"eP7gFXypBzC\"});<\/script><script>TraducationFX(\"video.metatrader-tutorials\", \"configure\", {    \"containerId\": \"trfx-metatrader-tutorials\",    \"playlistKey\": \"ihq3T1nI2vj\",    \"thumbnailSet\": \"default\",    \"layout\": \"vertical-tabs\"});TraducationFX(\"video.metatrader-tutorials\", \"embed\");<\/script><h1 class=\"trfx-product-title\">MetaTrader Tutorials<\/h1><div id=\"trfx-metatrader-tutorials\"><\/div><\/div>\n\t\t\t\t\t\t<\/div>\n\t\t\t\t<\/div>\n\t\t\t\t\t<\/div>\n\t\t\t\t<\/div>\n\t\t<div class=\"elementor-element elementor-element-81e164a e-flex e-con-boxed e-con e-parent\" data-id=\"81e164a\" data-element_type=\"container\" data-e-type=\"container\">\n\t\t\t\t\t<div class=\"e-con-inner\">\n\t\t\t\t<div class=\"elementor-element elementor-element-f38130c elementor-widget elementor-widget-shortcode\" data-id=\"f38130c\" data-element_type=\"widget\" data-e-type=\"widget\" data-settings=\"{&quot;ekit_we_effect_on&quot;:&quot;none&quot;}\" data-widget_type=\"shortcode.default\">\n\t\t\t\t<div class=\"elementor-widget-container\">\n\t\t\t\t\t\t\t<div class=\"elementor-shortcode\">\t\t<div data-elementor-type=\"container\" data-elementor-id=\"14093\" class=\"elementor elementor-14093 elementor-10803\" data-elementor-post-type=\"elementor_library\">\n\t\t\t\t<div class=\"elementor-element elementor-element-73bbae93 e-flex e-con-boxed e-con e-child\" data-id=\"73bbae93\" data-element_type=\"container\" data-e-type=\"container\">\n\t\t\t\t\t<div class=\"e-con-inner\">\n\t\t\t\t<div class=\"elementor-element elementor-element-99914c6 elementor-widget elementor-widget-heading\" data-id=\"99914c6\" data-element_type=\"widget\" data-e-type=\"widget\" data-settings=\"{&quot;ekit_we_effect_on&quot;:&quot;none&quot;}\" data-widget_type=\"heading.default\">\n\t\t\t\t<div class=\"elementor-widget-container\">\n\t\t\t\t\t<h2 class=\"elementor-heading-title elementor-size-default\">Ch\u1ecdn ph\u1ea7n n\u1ec1n t\u1ea3ng c\u1ee7a b\u1ea1n<\/h2>\t\t\t\t<\/div>\n\t\t\t\t<\/div>\n\t\t\t\t<div class=\"elementor-element elementor-element-151c1a7a elementor-absolute elementor-widget elementor-widget-image\" data-id=\"151c1a7a\" data-element_type=\"widget\" data-e-type=\"widget\" data-settings=\"{&quot;_position&quot;:&quot;absolute&quot;,&quot;ekit_we_effect_on&quot;:&quot;none&quot;}\" data-widget_type=\"image.default\">\n\t\t\t\t<div class=\"elementor-widget-container\">\n\t\t\t\t\t\t\t\t\t\t\t\t\t\t\t<img fetchpriority=\"high\" decoding=\"async\" width=\"703\" height=\"817\" src=\"https:\/\/eurotrader.com\/wp-content\/uploads\/Group-622.png\" class=\"attachment-large size-large wp-image-7120\" alt=\"\" \/>\t\t\t\t\t\t\t\t\t\t\t\t\t\t\t<\/div>\n\t\t\t\t<\/div>\n\t\t<div class=\"elementor-element elementor-element-2fd1ddb2 e-con-full e-flex e-con e-child\" data-id=\"2fd1ddb2\" data-element_type=\"container\" data-e-type=\"container\">\n\t\t<div class=\"elementor-element elementor-element-1fdc0dfc e-con-full e-flex e-con e-child\" data-id=\"1fdc0dfc\" data-element_type=\"container\" data-e-type=\"container\" data-settings=\"{&quot;background_background&quot;:&quot;classic&quot;}\">\n\t\t\t\t<div class=\"elementor-element elementor-element-14dd2473 elementor-widget elementor-widget-image\" data-id=\"14dd2473\" data-element_type=\"widget\" data-e-type=\"widget\" data-settings=\"{&quot;ekit_we_effect_on&quot;:&quot;none&quot;}\" data-widget_type=\"image.default\">\n\t\t\t\t<div class=\"elementor-widget-container\">\n\t\t\t\t\t\t\t\t\t\t\t\t\t\t\t<img decoding=\"async\" width=\"141\" height=\"107\" src=\"https:\/\/eurotrader.com\/wp-content\/uploads\/image-17.png\" class=\"attachment-large size-large wp-image-7129\" alt=\"\" \/>\t\t\t\t\t\t\t\t\t\t\t\t\t\t\t<\/div>\n\t\t\t\t<\/div>\n\t\t\t\t<div class=\"elementor-element elementor-element-56d02f01 elementor-widget elementor-widget-heading\" data-id=\"56d02f01\" data-element_type=\"widget\" data-e-type=\"widget\" data-settings=\"{&quot;ekit_we_effect_on&quot;:&quot;none&quot;}\" data-widget_type=\"heading.default\">\n\t\t\t\t<div class=\"elementor-widget-container\">\n\t\t\t\t\t<h2 class=\"elementor-heading-title elementor-size-default\">MT4<\/h2>\t\t\t\t<\/div>\n\t\t\t\t<\/div>\n\t\t\t\t<div class=\"elementor-element elementor-element-a863ae2 elementor-widget elementor-widget-text-editor\" data-id=\"a863ae2\" data-element_type=\"widget\" data-e-type=\"widget\" data-settings=\"{&quot;ekit_we_effect_on&quot;:&quot;none&quot;}\" data-widget_type=\"text-editor.default\">\n\t\t\t\t<div class=\"elementor-widget-container\">\n\t\t\t\t\t\t\t\t\t<p>MetaTrader 4 bi\u1ebfn \u0111\u1ed5i giao d\u1ecbch v\u1edbi giao di\u1ec7n tr\u1ef1c quan v\u00e0 c\u00e1c c\u00f4ng c\u1ee5 ph\u00e2n t\u00edch n\u00e2ng cao, trao quy\u1ec1n cho vi\u1ec7c th\u1ef1c hi\u1ec7n chi\u1ebfn l\u01b0\u1ee3c li\u1ec1n m\u1ea1ch. V\u1edbi c\u00e1c \u1ee9ng d\u1ee5ng di \u0111\u1ed9ng c\u1ee7a m\u00ecnh, c\u00e1c nh\u00e0 giao d\u1ecbch hi\u1ec7n c\u00f3 th\u1ec3 giao d\u1ecbch m\u1ecdi l\u00fac, m\u1ecdi n\u01a1i, \u0111\u1ea3m b\u1ea3o t\u00ednh linh ho\u1ea1t v\u00e0 kh\u1ea3 n\u0103ng truy c\u1eadp khi \u0111ang di chuy\u1ec3n.<\/p>\n\t\t\t\t\t\t\t\t<\/div>\n\t\t\t\t<\/div>\n\t\t\t\t<div class=\"elementor-element elementor-element-4926af83 elementor-widget__width-initial elementor-widget elementor-widget-button\" data-id=\"4926af83\" data-element_type=\"widget\" data-e-type=\"widget\" data-settings=\"{&quot;ekit_we_effect_on&quot;:&quot;none&quot;}\" data-widget_type=\"button.default\">\n\t\t\t\t<div class=\"elementor-widget-container\">\n\t\t\t\t\t\t\t\t\t<div class=\"elementor-button-wrapper\">\n\t\t\t\t\t<a class=\"elementor-button elementor-button-link elementor-size-sm\" href=\"https:\/\/eurotrader.com\/vi\/mt4\/\">\n\t\t\t\t\t\t<span class=\"elementor-button-content-wrapper\">\n\t\t\t\t\t\t\t\t\t<span class=\"elementor-button-text\">T\u00ecm hi\u1ec3u th\u00eam<\/span>\n\t\t\t\t\t<\/span>\n\t\t\t\t\t<\/a>\n\t\t\t\t<\/div>\n\t\t\t\t\t\t\t\t<\/div>\n\t\t\t\t<\/div>\n\t\t\t\t<\/div>\n\t\t<div class=\"elementor-element elementor-element-62fbe94a e-con-full e-flex e-con e-child\" data-id=\"62fbe94a\" data-element_type=\"container\" data-e-type=\"container\" data-settings=\"{&quot;background_background&quot;:&quot;classic&quot;}\">\n\t\t\t\t<div class=\"elementor-element elementor-element-38f1c3eb elementor-widget elementor-widget-image\" data-id=\"38f1c3eb\" data-element_type=\"widget\" data-e-type=\"widget\" data-settings=\"{&quot;ekit_we_effect_on&quot;:&quot;none&quot;}\" data-widget_type=\"image.default\">\n\t\t\t\t<div class=\"elementor-widget-container\">\n\t\t\t\t\t\t\t\t\t\t\t\t\t\t\t<img decoding=\"async\" width=\"141\" height=\"108\" src=\"https:\/\/eurotrader.com\/wp-content\/uploads\/image-18.png\" class=\"attachment-large size-large wp-image-7135\" alt=\"\" \/>\t\t\t\t\t\t\t\t\t\t\t\t\t\t\t<\/div>\n\t\t\t\t<\/div>\n\t\t\t\t<div class=\"elementor-element elementor-element-4c023146 elementor-widget elementor-widget-heading\" data-id=\"4c023146\" data-element_type=\"widget\" data-e-type=\"widget\" data-settings=\"{&quot;ekit_we_effect_on&quot;:&quot;none&quot;}\" data-widget_type=\"heading.default\">\n\t\t\t\t<div class=\"elementor-widget-container\">\n\t\t\t\t\t<h2 class=\"elementor-heading-title elementor-size-default\">MT5<\/h2>\t\t\t\t<\/div>\n\t\t\t\t<\/div>\n\t\t\t\t<div class=\"elementor-element elementor-element-55d73415 elementor-widget elementor-widget-text-editor\" data-id=\"55d73415\" data-element_type=\"widget\" data-e-type=\"widget\" data-settings=\"{&quot;ekit_we_effect_on&quot;:&quot;none&quot;}\" data-widget_type=\"text-editor.default\">\n\t\t\t\t<div class=\"elementor-widget-container\">\n\t\t\t\t\t\t\t\t\t<p>Tr\u1ea3i nghi\u1ec7m t\u01b0\u01a1ng lai c\u1ee7a giao d\u1ecbch V\u1edbi MetaTrader 5, n\u01a1i c\u00e1c t\u00ednh n\u0103ng n\u00e2ng cao nh\u01b0 khung th\u1eddi gian b\u1ed5 sung v\u00e0 ch\u1ee9c n\u0103ng \u0111\u1ed9 s\u00e2u th\u1ecb tr\u01b0\u1eddng n\u00e2ng cao \u0111\u1ea3m b\u1ea3o m\u1ecdi giao d\u1ecbch \u0111\u1ec1u ch\u00ednh x\u00e1c v\u00e0 hi\u1ec7u qu\u1ea3. V\u1edaI c\u00f4ng ngh\u1ec7 ti\u00ean ti\u1ebfn, MT5 \u0111\u1eb7t ra m\u1ed9t ti\u00eau chu\u1ea9n m\u1edbi \u0111\u1ec3 giao d\u1ecbch xu\u1ea5t s\u1eafc<\/p>\n\t\t\t\t\t\t\t\t<\/div>\n\t\t\t\t<\/div>\n\t\t\t\t<div class=\"elementor-element elementor-element-fa31e96 elementor-widget__width-initial elementor-widget elementor-widget-button\" data-id=\"fa31e96\" data-element_type=\"widget\" data-e-type=\"widget\" data-settings=\"{&quot;ekit_we_effect_on&quot;:&quot;none&quot;}\" data-widget_type=\"button.default\">\n\t\t\t\t<div class=\"elementor-widget-container\">\n\t\t\t\t\t\t\t\t\t<div class=\"elementor-button-wrapper\">\n\t\t\t\t\t<a class=\"elementor-button elementor-button-link elementor-size-sm\" href=\"https:\/\/eurotrader.com\/vi\/mt5\/\">\n\t\t\t\t\t\t<span class=\"elementor-button-content-wrapper\">\n\t\t\t\t\t\t\t\t\t<span class=\"elementor-button-text\">T\u00ecm hi\u1ec3u th\u00eam<\/span>\n\t\t\t\t\t<\/span>\n\t\t\t\t\t<\/a>\n\t\t\t\t<\/div>\n\t\t\t\t\t\t\t\t<\/div>\n\t\t\t\t<\/div>\n\t\t\t\t<\/div>\n\t\t\t\t<\/div>\n\t\t\t\t\t<\/div>\n\t\t\t\t<\/div>\n\t\t\t\t<\/div>\n\t\t<\/div>\n\t\t\t\t\t\t<\/div>\n\t\t\t\t<\/div>\n\t\t\t\t\t<\/div>\n\t\t\t\t<\/div>\n\t\t\t\t<\/div>\n\t\t","protected":false},"excerpt":{"rendered":"<p>H\u01b0\u1edbng d\u1eabn S\u1eed d\u1ee5ng N\u1ec1n t\u1ea3ng T\u00ecm hi\u1ec3u chi ti\u1ebft v\u1ec1 MT4 v\u00e0 MT5 v\u1edbi s\u1ef1 tr\u1ee3 gi\u00fap c\u1ee7a c\u00e1c h\u01b0\u1edbng d\u1eabn h\u1eefu \u00edch v\u1ec1 n\u1ec1n t\u1ea3ng c\u1ee7a ch\u00fang t\u00f4i. MetaTrader Tutorials<\/p>\n","protected":false},"author":15,"featured_media":0,"parent":0,"menu_order":0,"comment_status":"closed","ping_status":"closed","template":"","meta":{"inline_featured_image":false,"footnotes":""},"class_list":["post-2222","page","type-page","status-publish","hentry"],"acf":[],"yoast_head":"<!-- This site is optimized with the Yoast SEO plugin v26.9 - https:\/\/yoast.com\/product\/yoast-seo-wordpress\/ -->\n<title>H\u01b0\u1edbng d\u1eabn v\u1ec1 n\u1ec1n t\u1ea3ng giao d\u1ecbch | Eurotrader<\/title>\n<meta name=\"description\" content=\"Master MT4 v\u00e0 MT5 v\u1edbi c\u00e1c h\u01b0\u1edbng d\u1eabn n\u1ec1n t\u1ea3ng c\u1ee7a ch\u00fang t\u00f4i. T\u00ecm hi\u1ec3u c\u00e1c c\u00f4ng c\u1ee5 giao d\u1ecbch v\u00e0 giao d\u1ecbch c\u00f3 tr\u00e1ch nhi\u1ec7m.\" \/>\n<meta name=\"robots\" content=\"index, follow, max-snippet:-1, max-image-preview:large, max-video-preview:-1\" \/>\n<meta property=\"og:locale\" content=\"vi_VN\" \/>\n<meta property=\"og:type\" content=\"article\" \/>\n<meta property=\"og:title\" content=\"H\u01b0\u1edbng d\u1eabn v\u1ec1 n\u1ec1n t\u1ea3ng giao d\u1ecbch | Eurotrader\" \/>\n<meta property=\"og:description\" content=\"Master MT4 v\u00e0 MT5 v\u1edbi c\u00e1c h\u01b0\u1edbng d\u1eabn n\u1ec1n t\u1ea3ng c\u1ee7a ch\u00fang t\u00f4i. T\u00ecm hi\u1ec3u c\u00e1c c\u00f4ng c\u1ee5 giao d\u1ecbch v\u00e0 giao d\u1ecbch c\u00f3 tr\u00e1ch nhi\u1ec7m.\" \/>\n<meta property=\"og:url\" content=\"https:\/\/eurotrader.com\/vi\/platform-tutorials\/\" \/>\n<meta property=\"og:site_name\" content=\"Eurotrader\" \/>\n<meta property=\"article:modified_time\" content=\"2025-10-20T10:14:26+00:00\" \/>\n<meta property=\"og:image\" content=\"https:\/\/eurotrader.com\/wp-content\/uploads\/image-54.png\" \/>\n\t<meta property=\"og:image:width\" content=\"209\" \/>\n\t<meta property=\"og:image:height\" content=\"209\" \/>\n\t<meta property=\"og:image:type\" content=\"image\/png\" \/>\n<meta name=\"twitter:card\" content=\"summary_large_image\" \/>\n<meta name=\"twitter:title\" content=\"H\u01b0\u1edbng d\u1eabn v\u1ec1 n\u1ec1n t\u1ea3ng giao d\u1ecbch | Eurotrader\" \/>\n<meta name=\"twitter:description\" content=\"Master MT4 v\u00e0 MT5 v\u1edbi c\u00e1c h\u01b0\u1edbng d\u1eabn n\u1ec1n t\u1ea3ng c\u1ee7a ch\u00fang t\u00f4i. T\u00ecm hi\u1ec3u c\u00e1c c\u00f4ng c\u1ee5 giao d\u1ecbch v\u00e0 giao d\u1ecbch c\u00f3 tr\u00e1ch nhi\u1ec7m.\" \/>\n<meta name=\"twitter:label1\" content=\"Est. reading time\" \/>\n\t<meta name=\"twitter:data1\" content=\"2 minutes\" \/>\n<script type=\"application\/ld+json\" class=\"yoast-schema-graph\">{\"@context\":\"https:\/\/schema.org\",\"@graph\":[{\"@type\":\"WebPage\",\"@id\":\"https:\/\/eurotrader.com\/vi\/platform-tutorials\/\",\"url\":\"https:\/\/eurotrader.com\/vi\/platform-tutorials\/\",\"name\":\"H\u01b0\u1edbng d\u1eabn v\u1ec1 n\u1ec1n t\u1ea3ng giao d\u1ecbch | Eurotrader\",\"isPartOf\":{\"@id\":\"https:\/\/eurotrader.com\/vi\/#website\"},\"datePublished\":\"2023-10-25T10:53:39+00:00\",\"dateModified\":\"2025-10-20T10:14:26+00:00\",\"description\":\"Master MT4 v\u00e0 MT5 v\u1edbi c\u00e1c h\u01b0\u1edbng d\u1eabn n\u1ec1n t\u1ea3ng c\u1ee7a ch\u00fang t\u00f4i. T\u00ecm hi\u1ec3u c\u00e1c c\u00f4ng c\u1ee5 giao d\u1ecbch v\u00e0 giao d\u1ecbch c\u00f3 tr\u00e1ch nhi\u1ec7m.\",\"breadcrumb\":{\"@id\":\"https:\/\/eurotrader.com\/vi\/platform-tutorials\/#breadcrumb\"},\"inLanguage\":\"vi-VN\",\"potentialAction\":[{\"@type\":\"ReadAction\",\"target\":[\"https:\/\/eurotrader.com\/vi\/platform-tutorials\/\"]}]},{\"@type\":\"BreadcrumbList\",\"@id\":\"https:\/\/eurotrader.com\/vi\/platform-tutorials\/#breadcrumb\",\"itemListElement\":[{\"@type\":\"ListItem\",\"position\":1,\"name\":\"Home\",\"item\":\"https:\/\/eurotrader.com\/vi\/main-page\/\"},{\"@type\":\"ListItem\",\"position\":2,\"name\":\"H\u01b0\u1edbng d\u1eabn S\u1eed d\u1ee5ng N\u1ec1n t\u1ea3ng\"}]},{\"@type\":\"WebSite\",\"@id\":\"https:\/\/eurotrader.com\/vi\/#website\",\"url\":\"https:\/\/eurotrader.com\/vi\/\",\"name\":\".eurotrader.com\",\"description\":\"Here at EuroTrader, our goal is to make CFD trading clear, fair, and create a client centric culture.   To set ourselves apart, we\u2019re providing  a simple trading platform and trading terms with clear pricing, quick execution, and unbeatable customer service.\",\"publisher\":{\"@id\":\"https:\/\/eurotrader.com\/vi\/#organization\"},\"potentialAction\":[{\"@type\":\"SearchAction\",\"target\":{\"@type\":\"EntryPoint\",\"urlTemplate\":\"https:\/\/eurotrader.com\/vi\/?s={search_term_string}\"},\"query-input\":{\"@type\":\"PropertyValueSpecification\",\"valueRequired\":true,\"valueName\":\"search_term_string\"}}],\"inLanguage\":\"vi-VN\"},{\"@type\":\"Organization\",\"@id\":\"https:\/\/eurotrader.com\/vi\/#organization\",\"name\":\"Eurotrader\",\"url\":\"https:\/\/eurotrader.com\/vi\/\",\"logo\":{\"@type\":\"ImageObject\",\"inLanguage\":\"vi-VN\",\"@id\":\"https:\/\/eurotrader.com\/vi\/#\/schema\/logo\/image\/\",\"url\":\"https:\/\/eurotrader.com\/wp-content\/uploads\/header-logo.svg\",\"contentUrl\":\"https:\/\/eurotrader.com\/wp-content\/uploads\/header-logo.svg\",\"width\":184,\"height\":28,\"caption\":\"Eurotrader\"},\"image\":{\"@id\":\"https:\/\/eurotrader.com\/vi\/#\/schema\/logo\/image\/\"}}]}<\/script>\n<!-- \/ Yoast SEO plugin. -->","yoast_head_json":{"title":"H\u01b0\u1edbng d\u1eabn v\u1ec1 n\u1ec1n t\u1ea3ng giao d\u1ecbch | Eurotrader","description":"Master MT4 v\u00e0 MT5 v\u1edbi c\u00e1c h\u01b0\u1edbng d\u1eabn n\u1ec1n t\u1ea3ng c\u1ee7a ch\u00fang t\u00f4i. T\u00ecm hi\u1ec3u c\u00e1c c\u00f4ng c\u1ee5 giao d\u1ecbch v\u00e0 giao d\u1ecbch c\u00f3 tr\u00e1ch nhi\u1ec7m.","robots":{"index":"index","follow":"follow","max-snippet":"max-snippet:-1","max-image-preview":"max-image-preview:large","max-video-preview":"max-video-preview:-1"},"og_locale":"vi_VN","og_type":"article","og_title":"H\u01b0\u1edbng d\u1eabn v\u1ec1 n\u1ec1n t\u1ea3ng giao d\u1ecbch | Eurotrader","og_description":"Master MT4 v\u00e0 MT5 v\u1edbi c\u00e1c h\u01b0\u1edbng d\u1eabn n\u1ec1n t\u1ea3ng c\u1ee7a ch\u00fang t\u00f4i. T\u00ecm hi\u1ec3u c\u00e1c c\u00f4ng c\u1ee5 giao d\u1ecbch v\u00e0 giao d\u1ecbch c\u00f3 tr\u00e1ch nhi\u1ec7m.","og_url":"https:\/\/eurotrader.com\/vi\/platform-tutorials\/","og_site_name":"Eurotrader","article_modified_time":"2025-10-20T10:14:26+00:00","og_image":[{"width":209,"height":209,"url":"https:\/\/eurotrader.com\/wp-content\/uploads\/image-54.png","type":"image\/png"}],"twitter_card":"summary_large_image","twitter_title":"H\u01b0\u1edbng d\u1eabn v\u1ec1 n\u1ec1n t\u1ea3ng giao d\u1ecbch | Eurotrader","twitter_description":"Master MT4 v\u00e0 MT5 v\u1edbi c\u00e1c h\u01b0\u1edbng d\u1eabn n\u1ec1n t\u1ea3ng c\u1ee7a ch\u00fang t\u00f4i. T\u00ecm hi\u1ec3u c\u00e1c c\u00f4ng c\u1ee5 giao d\u1ecbch v\u00e0 giao d\u1ecbch c\u00f3 tr\u00e1ch nhi\u1ec7m.","twitter_misc":{"Est. reading time":"2 minutes"},"schema":{"@context":"https:\/\/schema.org","@graph":[{"@type":"WebPage","@id":"https:\/\/eurotrader.com\/vi\/platform-tutorials\/","url":"https:\/\/eurotrader.com\/vi\/platform-tutorials\/","name":"H\u01b0\u1edbng d\u1eabn v\u1ec1 n\u1ec1n t\u1ea3ng giao d\u1ecbch | Eurotrader","isPartOf":{"@id":"https:\/\/eurotrader.com\/vi\/#website"},"datePublished":"2023-10-25T10:53:39+00:00","dateModified":"2025-10-20T10:14:26+00:00","description":"Master MT4 v\u00e0 MT5 v\u1edbi c\u00e1c h\u01b0\u1edbng d\u1eabn n\u1ec1n t\u1ea3ng c\u1ee7a ch\u00fang t\u00f4i. T\u00ecm hi\u1ec3u c\u00e1c c\u00f4ng c\u1ee5 giao d\u1ecbch v\u00e0 giao d\u1ecbch c\u00f3 tr\u00e1ch nhi\u1ec7m.","breadcrumb":{"@id":"https:\/\/eurotrader.com\/vi\/platform-tutorials\/#breadcrumb"},"inLanguage":"vi-VN","potentialAction":[{"@type":"ReadAction","target":["https:\/\/eurotrader.com\/vi\/platform-tutorials\/"]}]},{"@type":"BreadcrumbList","@id":"https:\/\/eurotrader.com\/vi\/platform-tutorials\/#breadcrumb","itemListElement":[{"@type":"ListItem","position":1,"name":"Home","item":"https:\/\/eurotrader.com\/vi\/main-page\/"},{"@type":"ListItem","position":2,"name":"H\u01b0\u1edbng d\u1eabn S\u1eed d\u1ee5ng N\u1ec1n t\u1ea3ng"}]},{"@type":"WebSite","@id":"https:\/\/eurotrader.com\/vi\/#website","url":"https:\/\/eurotrader.com\/vi\/","name":".eurotrader.com","description":"Here at EuroTrader, our goal is to make CFD trading clear, fair, and create a client centric culture.   To set ourselves apart, we\u2019re providing  a simple trading platform and trading terms with clear pricing, quick execution, and unbeatable customer service.","publisher":{"@id":"https:\/\/eurotrader.com\/vi\/#organization"},"potentialAction":[{"@type":"SearchAction","target":{"@type":"EntryPoint","urlTemplate":"https:\/\/eurotrader.com\/vi\/?s={search_term_string}"},"query-input":{"@type":"PropertyValueSpecification","valueRequired":true,"valueName":"search_term_string"}}],"inLanguage":"vi-VN"},{"@type":"Organization","@id":"https:\/\/eurotrader.com\/vi\/#organization","name":"Eurotrader","url":"https:\/\/eurotrader.com\/vi\/","logo":{"@type":"ImageObject","inLanguage":"vi-VN","@id":"https:\/\/eurotrader.com\/vi\/#\/schema\/logo\/image\/","url":"https:\/\/eurotrader.com\/wp-content\/uploads\/header-logo.svg","contentUrl":"https:\/\/eurotrader.com\/wp-content\/uploads\/header-logo.svg","width":184,"height":28,"caption":"Eurotrader"},"image":{"@id":"https:\/\/eurotrader.com\/vi\/#\/schema\/logo\/image\/"}}]}},"_hostinger_reach_plugin_has_subscription_block":false,"_hostinger_reach_plugin_is_elementor":false,"_links":{"self":[{"href":"https:\/\/eurotrader.com\/vi\/wp-json\/wp\/v2\/pages\/2222","targetHints":{"allow":["GET"]}}],"collection":[{"href":"https:\/\/eurotrader.com\/vi\/wp-json\/wp\/v2\/pages"}],"about":[{"href":"https:\/\/eurotrader.com\/vi\/wp-json\/wp\/v2\/types\/page"}],"author":[{"embeddable":true,"href":"https:\/\/eurotrader.com\/vi\/wp-json\/wp\/v2\/users\/15"}],"replies":[{"embeddable":true,"href":"https:\/\/eurotrader.com\/vi\/wp-json\/wp\/v2\/comments?post=2222"}],"version-history":[{"count":0,"href":"https:\/\/eurotrader.com\/vi\/wp-json\/wp\/v2\/pages\/2222\/revisions"}],"wp:attachment":[{"href":"https:\/\/eurotrader.com\/vi\/wp-json\/wp\/v2\/media?parent=2222"}],"curies":[{"name":"wp","href":"https:\/\/api.w.org\/{rel}","templated":true}]}}