{"id":3466,"date":"2023-11-13T12:15:29","date_gmt":"2023-11-13T12:15:29","guid":{"rendered":"https:\/\/web-stage.eurotrader.com\/daily-market-news\/"},"modified":"2024-12-19T09:28:21","modified_gmt":"2024-12-19T09:28:21","slug":"daily-market-news","status":"publish","type":"page","link":"https:\/\/eurotrader.com\/vi\/daily-market-news\/","title":{"rendered":"Daily Market News"},"content":{"rendered":"","protected":false},"excerpt":{"rendered":"","protected":false},"author":15,"featured_media":0,"parent":0,"menu_order":0,"comment_status":"closed","ping_status":"closed","template":"","meta":{"inline_featured_image":false,"footnotes":""},"class_list":["post-3466","page","type-page","status-publish","hentry"],"acf":[],"yoast_head":"<!-- This site is optimized with the Yoast SEO plugin v26.9 - https:\/\/yoast.com\/product\/yoast-seo-wordpress\/ -->\n<title>B\u00ecnh lu\u1eadn th\u1ecb tr\u01b0\u1eddng | Eurotrader<\/title>\n<meta name=\"description\" content=\"Truy c\u1eadp nh\u1eefng hi\u1ec3u bi\u1ebft giao d\u1ecbch n\u00f3ng nh\u1ea5t v\u00e0 tin t\u1ee9c th\u1ecb tr\u01b0\u1eddng cho ti\u1ec1n \u0111i\u1ec7n t\u1eed, h\u00e0ng h\u00f3a, c\u1ed5 phi\u1ebfu v\u00e0 FX. N\u00e2ng cao tr\u00f2 ch\u01a1i giao d\u1ecbch c\u1ee7a b\u1ea1n trong khi giao d\u1ecbch c\u00f3 tr\u00e1ch nhi\u1ec7m.\" \/>\n<meta name=\"robots\" content=\"index, follow, max-snippet:-1, max-image-preview:large, max-video-preview:-1\" \/>\n<meta property=\"og:locale\" content=\"vi_VN\" \/>\n<meta property=\"og:type\" content=\"article\" \/>\n<meta property=\"og:title\" content=\"B\u00ecnh lu\u1eadn th\u1ecb tr\u01b0\u1eddng | Eurotrader\" \/>\n<meta property=\"og:description\" content=\"Truy c\u1eadp nh\u1eefng hi\u1ec3u bi\u1ebft giao d\u1ecbch n\u00f3ng nh\u1ea5t v\u00e0 tin t\u1ee9c th\u1ecb tr\u01b0\u1eddng cho ti\u1ec1n \u0111i\u1ec7n t\u1eed, h\u00e0ng h\u00f3a, c\u1ed5 phi\u1ebfu v\u00e0 FX. N\u00e2ng cao tr\u00f2 ch\u01a1i giao d\u1ecbch c\u1ee7a b\u1ea1n trong khi giao d\u1ecbch c\u00f3 tr\u00e1ch nhi\u1ec7m.\" \/>\n<meta property=\"og:url\" content=\"https:\/\/eurotrader.com\/vi\/daily-market-news\/\" \/>\n<meta property=\"og:site_name\" content=\"Eurotrader\" \/>\n<meta property=\"article:modified_time\" content=\"2024-12-19T09:28:21+00:00\" \/>\n<meta property=\"og:image\" content=\"https:\/\/eurotrader.com\/wp-content\/uploads\/image-54.png\" \/>\n\t<meta property=\"og:image:width\" content=\"209\" \/>\n\t<meta property=\"og:image:height\" content=\"209\" \/>\n\t<meta property=\"og:image:type\" content=\"image\/png\" \/>\n<meta name=\"twitter:card\" content=\"summary_large_image\" \/>\n<meta name=\"twitter:title\" content=\"B\u00ecnh lu\u1eadn th\u1ecb tr\u01b0\u1eddng | Eurotrader\" \/>\n<meta name=\"twitter:description\" content=\"Truy c\u1eadp nh\u1eefng hi\u1ec3u bi\u1ebft giao d\u1ecbch n\u00f3ng nh\u1ea5t v\u00e0 tin t\u1ee9c th\u1ecb tr\u01b0\u1eddng cho ti\u1ec1n \u0111i\u1ec7n t\u1eed, h\u00e0ng h\u00f3a, c\u1ed5 phi\u1ebfu v\u00e0 FX. N\u00e2ng cao tr\u00f2 ch\u01a1i giao d\u1ecbch c\u1ee7a b\u1ea1n trong khi giao d\u1ecbch c\u00f3 tr\u00e1ch nhi\u1ec7m.\" \/>\n<script type=\"application\/ld+json\" class=\"yoast-schema-graph\">{\"@context\":\"https:\/\/schema.org\",\"@graph\":[{\"@type\":\"WebPage\",\"@id\":\"https:\/\/eurotrader.com\/vi\/daily-market-news\/\",\"url\":\"https:\/\/eurotrader.com\/vi\/daily-market-news\/\",\"name\":\"B\u00ecnh lu\u1eadn th\u1ecb tr\u01b0\u1eddng | Eurotrader\",\"isPartOf\":{\"@id\":\"https:\/\/eurotrader.com\/vi\/#website\"},\"datePublished\":\"2023-11-13T12:15:29+00:00\",\"dateModified\":\"2024-12-19T09:28:21+00:00\",\"description\":\"Truy c\u1eadp nh\u1eefng hi\u1ec3u bi\u1ebft giao d\u1ecbch n\u00f3ng nh\u1ea5t v\u00e0 tin t\u1ee9c th\u1ecb tr\u01b0\u1eddng cho ti\u1ec1n \u0111i\u1ec7n t\u1eed, h\u00e0ng h\u00f3a, c\u1ed5 phi\u1ebfu v\u00e0 FX. N\u00e2ng cao tr\u00f2 ch\u01a1i giao d\u1ecbch c\u1ee7a b\u1ea1n trong khi giao d\u1ecbch c\u00f3 tr\u00e1ch nhi\u1ec7m.\",\"breadcrumb\":{\"@id\":\"https:\/\/eurotrader.com\/vi\/daily-market-news\/#breadcrumb\"},\"inLanguage\":\"vi-VN\",\"potentialAction\":[{\"@type\":\"ReadAction\",\"target\":[\"https:\/\/eurotrader.com\/vi\/daily-market-news\/\"]}]},{\"@type\":\"BreadcrumbList\",\"@id\":\"https:\/\/eurotrader.com\/vi\/daily-market-news\/#breadcrumb\",\"itemListElement\":[{\"@type\":\"ListItem\",\"position\":1,\"name\":\"Home\",\"item\":\"https:\/\/eurotrader.com\/vi\/main-page\/\"},{\"@type\":\"ListItem\",\"position\":2,\"name\":\"Daily Market News\"}]},{\"@type\":\"WebSite\",\"@id\":\"https:\/\/eurotrader.com\/vi\/#website\",\"url\":\"https:\/\/eurotrader.com\/vi\/\",\"name\":\".eurotrader.com\",\"description\":\"Here at EuroTrader, our goal is to make CFD trading clear, fair, and create a client centric culture.   To set ourselves apart, we\u2019re providing  a simple trading platform and trading terms with clear pricing, quick execution, and unbeatable customer service.\",\"publisher\":{\"@id\":\"https:\/\/eurotrader.com\/vi\/#organization\"},\"potentialAction\":[{\"@type\":\"SearchAction\",\"target\":{\"@type\":\"EntryPoint\",\"urlTemplate\":\"https:\/\/eurotrader.com\/vi\/?s={search_term_string}\"},\"query-input\":{\"@type\":\"PropertyValueSpecification\",\"valueRequired\":true,\"valueName\":\"search_term_string\"}}],\"inLanguage\":\"vi-VN\"},{\"@type\":\"Organization\",\"@id\":\"https:\/\/eurotrader.com\/vi\/#organization\",\"name\":\"Eurotrader\",\"url\":\"https:\/\/eurotrader.com\/vi\/\",\"logo\":{\"@type\":\"ImageObject\",\"inLanguage\":\"vi-VN\",\"@id\":\"https:\/\/eurotrader.com\/vi\/#\/schema\/logo\/image\/\",\"url\":\"https:\/\/eurotrader.com\/wp-content\/uploads\/header-logo.svg\",\"contentUrl\":\"https:\/\/eurotrader.com\/wp-content\/uploads\/header-logo.svg\",\"width\":184,\"height\":28,\"caption\":\"Eurotrader\"},\"image\":{\"@id\":\"https:\/\/eurotrader.com\/vi\/#\/schema\/logo\/image\/\"}}]}<\/script>\n<!-- \/ Yoast SEO plugin. -->","yoast_head_json":{"title":"B\u00ecnh lu\u1eadn th\u1ecb tr\u01b0\u1eddng | Eurotrader","description":"Truy c\u1eadp nh\u1eefng hi\u1ec3u bi\u1ebft giao d\u1ecbch n\u00f3ng nh\u1ea5t v\u00e0 tin t\u1ee9c th\u1ecb tr\u01b0\u1eddng cho ti\u1ec1n \u0111i\u1ec7n t\u1eed, h\u00e0ng h\u00f3a, c\u1ed5 phi\u1ebfu v\u00e0 FX. N\u00e2ng cao tr\u00f2 ch\u01a1i giao d\u1ecbch c\u1ee7a b\u1ea1n trong khi giao d\u1ecbch c\u00f3 tr\u00e1ch nhi\u1ec7m.","robots":{"index":"index","follow":"follow","max-snippet":"max-snippet:-1","max-image-preview":"max-image-preview:large","max-video-preview":"max-video-preview:-1"},"og_locale":"vi_VN","og_type":"article","og_title":"B\u00ecnh lu\u1eadn th\u1ecb tr\u01b0\u1eddng | Eurotrader","og_description":"Truy c\u1eadp nh\u1eefng hi\u1ec3u bi\u1ebft giao d\u1ecbch n\u00f3ng nh\u1ea5t v\u00e0 tin t\u1ee9c th\u1ecb tr\u01b0\u1eddng cho ti\u1ec1n \u0111i\u1ec7n t\u1eed, h\u00e0ng h\u00f3a, c\u1ed5 phi\u1ebfu v\u00e0 FX. N\u00e2ng cao tr\u00f2 ch\u01a1i giao d\u1ecbch c\u1ee7a b\u1ea1n trong khi giao d\u1ecbch c\u00f3 tr\u00e1ch nhi\u1ec7m.","og_url":"https:\/\/eurotrader.com\/vi\/daily-market-news\/","og_site_name":"Eurotrader","article_modified_time":"2024-12-19T09:28:21+00:00","og_image":[{"width":209,"height":209,"url":"https:\/\/eurotrader.com\/wp-content\/uploads\/image-54.png","type":"image\/png"}],"twitter_card":"summary_large_image","twitter_title":"B\u00ecnh lu\u1eadn th\u1ecb tr\u01b0\u1eddng | Eurotrader","twitter_description":"Truy c\u1eadp nh\u1eefng hi\u1ec3u bi\u1ebft giao d\u1ecbch n\u00f3ng nh\u1ea5t v\u00e0 tin t\u1ee9c th\u1ecb tr\u01b0\u1eddng cho ti\u1ec1n \u0111i\u1ec7n t\u1eed, h\u00e0ng h\u00f3a, c\u1ed5 phi\u1ebfu v\u00e0 FX. N\u00e2ng cao tr\u00f2 ch\u01a1i giao d\u1ecbch c\u1ee7a b\u1ea1n trong khi giao d\u1ecbch c\u00f3 tr\u00e1ch nhi\u1ec7m.","schema":{"@context":"https:\/\/schema.org","@graph":[{"@type":"WebPage","@id":"https:\/\/eurotrader.com\/vi\/daily-market-news\/","url":"https:\/\/eurotrader.com\/vi\/daily-market-news\/","name":"B\u00ecnh lu\u1eadn th\u1ecb tr\u01b0\u1eddng | Eurotrader","isPartOf":{"@id":"https:\/\/eurotrader.com\/vi\/#website"},"datePublished":"2023-11-13T12:15:29+00:00","dateModified":"2024-12-19T09:28:21+00:00","description":"Truy c\u1eadp nh\u1eefng hi\u1ec3u bi\u1ebft giao d\u1ecbch n\u00f3ng nh\u1ea5t v\u00e0 tin t\u1ee9c th\u1ecb tr\u01b0\u1eddng cho ti\u1ec1n \u0111i\u1ec7n t\u1eed, h\u00e0ng h\u00f3a, c\u1ed5 phi\u1ebfu v\u00e0 FX. N\u00e2ng cao tr\u00f2 ch\u01a1i giao d\u1ecbch c\u1ee7a b\u1ea1n trong khi giao d\u1ecbch c\u00f3 tr\u00e1ch nhi\u1ec7m.","breadcrumb":{"@id":"https:\/\/eurotrader.com\/vi\/daily-market-news\/#breadcrumb"},"inLanguage":"vi-VN","potentialAction":[{"@type":"ReadAction","target":["https:\/\/eurotrader.com\/vi\/daily-market-news\/"]}]},{"@type":"BreadcrumbList","@id":"https:\/\/eurotrader.com\/vi\/daily-market-news\/#breadcrumb","itemListElement":[{"@type":"ListItem","position":1,"name":"Home","item":"https:\/\/eurotrader.com\/vi\/main-page\/"},{"@type":"ListItem","position":2,"name":"Daily Market News"}]},{"@type":"WebSite","@id":"https:\/\/eurotrader.com\/vi\/#website","url":"https:\/\/eurotrader.com\/vi\/","name":".eurotrader.com","description":"Here at EuroTrader, our goal is to make CFD trading clear, fair, and create a client centric culture.   To set ourselves apart, we\u2019re providing  a simple trading platform and trading terms with clear pricing, quick execution, and unbeatable customer service.","publisher":{"@id":"https:\/\/eurotrader.com\/vi\/#organization"},"potentialAction":[{"@type":"SearchAction","target":{"@type":"EntryPoint","urlTemplate":"https:\/\/eurotrader.com\/vi\/?s={search_term_string}"},"query-input":{"@type":"PropertyValueSpecification","valueRequired":true,"valueName":"search_term_string"}}],"inLanguage":"vi-VN"},{"@type":"Organization","@id":"https:\/\/eurotrader.com\/vi\/#organization","name":"Eurotrader","url":"https:\/\/eurotrader.com\/vi\/","logo":{"@type":"ImageObject","inLanguage":"vi-VN","@id":"https:\/\/eurotrader.com\/vi\/#\/schema\/logo\/image\/","url":"https:\/\/eurotrader.com\/wp-content\/uploads\/header-logo.svg","contentUrl":"https:\/\/eurotrader.com\/wp-content\/uploads\/header-logo.svg","width":184,"height":28,"caption":"Eurotrader"},"image":{"@id":"https:\/\/eurotrader.com\/vi\/#\/schema\/logo\/image\/"}}]}},"_hostinger_reach_plugin_has_subscription_block":false,"_hostinger_reach_plugin_is_elementor":false,"_links":{"self":[{"href":"https:\/\/eurotrader.com\/vi\/wp-json\/wp\/v2\/pages\/3466","targetHints":{"allow":["GET"]}}],"collection":[{"href":"https:\/\/eurotrader.com\/vi\/wp-json\/wp\/v2\/pages"}],"about":[{"href":"https:\/\/eurotrader.com\/vi\/wp-json\/wp\/v2\/types\/page"}],"author":[{"embeddable":true,"href":"https:\/\/eurotrader.com\/vi\/wp-json\/wp\/v2\/users\/15"}],"replies":[{"embeddable":true,"href":"https:\/\/eurotrader.com\/vi\/wp-json\/wp\/v2\/comments?post=3466"}],"version-history":[{"count":0,"href":"https:\/\/eurotrader.com\/vi\/wp-json\/wp\/v2\/pages\/3466\/revisions"}],"wp:attachment":[{"href":"https:\/\/eurotrader.com\/vi\/wp-json\/wp\/v2\/media?parent=3466"}],"curies":[{"name":"wp","href":"https:\/\/api.w.org\/{rel}","templated":true}]}}