{"id":4474,"date":"2024-01-22T11:58:07","date_gmt":"2024-01-22T11:58:07","guid":{"rendered":"https:\/\/web-stage.eurotrader.com\/margin-calculator\/"},"modified":"2024-01-23T07:48:40","modified_gmt":"2024-01-23T07:48:40","slug":"margin-calculator","status":"publish","type":"page","link":"https:\/\/eurotrader.com\/vi\/margin-calculator\/","title":{"rendered":"M\u00e1y T\u00ednh K\u00fd Qu\u1ef9"},"content":{"rendered":"\t\t<div data-elementor-type=\"wp-page\" data-elementor-id=\"4474\" class=\"elementor elementor-4474 elementor-4445\" data-elementor-post-type=\"page\">\n\t\t\t\t<div class=\"elementor-element elementor-element-62fb0cb7 e-flex e-con-boxed e-con e-parent\" data-id=\"62fb0cb7\" data-element_type=\"container\" data-e-type=\"container\">\n\t\t\t\t\t<div class=\"e-con-inner\">\n\t\t<div class=\"elementor-element elementor-element-5d5ccefe e-flex e-con-boxed e-con e-child\" data-id=\"5d5ccefe\" data-element_type=\"container\" data-e-type=\"container\">\n\t\t\t\t\t<div class=\"e-con-inner\">\n\t\t\t\t<div class=\"elementor-element elementor-element-52909dc elementor-widget elementor-widget-heading\" data-id=\"52909dc\" data-element_type=\"widget\" data-e-type=\"widget\" data-settings=\"{&quot;ekit_we_effect_on&quot;:&quot;none&quot;}\" data-widget_type=\"heading.default\">\n\t\t\t\t<div class=\"elementor-widget-container\">\n\t\t\t\t\t<h1 class=\"elementor-heading-title elementor-size-default\">M\u00e1y T\u00ednh K\u00fd Qu\u1ef9<\/h1>\t\t\t\t<\/div>\n\t\t\t\t<\/div>\n\t\t\t\t<div class=\"elementor-element elementor-element-8aef75 small-width-content  center-content  elementor-widget elementor-widget-text-editor\" data-id=\"8aef75\" data-element_type=\"widget\" data-e-type=\"widget\" data-settings=\"{&quot;ekit_we_effect_on&quot;:&quot;none&quot;}\" data-widget_type=\"text-editor.default\">\n\t\t\t\t<div class=\"elementor-widget-container\">\n\t\t\t\t\t\t\t\t\t<p>Bi\u1ebft \u0111\u01b0\u1ee3c l\u1ee3i nhu\u1eadn l\u00e0 \u0111i\u1ec1u c\u1ea7n thi\u1ebft cho chi\u1ebfn l\u01b0\u1ee3c qu\u1ea3n l\u00fd r\u1ee7i ro c\u1ee7a b\u1ea1n. S\u1eed d\u1ee5ng m\u00e1y t\u00ednh k\u00fd qu\u1ef9 c\u1ee7a ch\u00fang t\u00f4i b\u00ean d\u01b0\u1edbi \u0111\u1ec3 t\u00ecm s\u1ed1 ti\u1ec1n t\u1ed1i thi\u1ec3u b\u1ea1n c\u1ea7n \u0111\u1ec3 m\u1edf v\u00e0 duy tr\u00ec m\u1ed9t v\u1ecb tr\u00ed m\u1edbi<\/p>\n\t\t\t\t\t\t\t\t<\/div>\n\t\t\t\t<\/div>\n\t\t\t\t\t<\/div>\n\t\t\t\t<\/div>\n\t\t\t\t\t<\/div>\n\t\t\t\t<\/div>\n\t\t<div class=\"elementor-element elementor-element-34d09b14 e-flex e-con-boxed e-con e-parent\" data-id=\"34d09b14\" data-element_type=\"container\" data-e-type=\"container\">\n\t\t\t\t\t<div class=\"e-con-inner\">\n\t\t\t\t<div class=\"elementor-element elementor-element-41701197 elementor-widget elementor-widget-shortcode\" data-id=\"41701197\" data-element_type=\"widget\" data-e-type=\"widget\" data-settings=\"{&quot;ekit_we_effect_on&quot;:&quot;none&quot;}\" data-widget_type=\"shortcode.default\">\n\t\t\t\t<div class=\"elementor-widget-container\">\n\t\t\t\t\t    <form id=\"allInOneCalculator-form\" class=\"calculator\"> \n        <div class=\"calculator-fields\">\n            <div class=\"form-group\"><label for=\"instruments\">Instruments<\/label><select class=\"form-control\" id=\"instruments\" name=\"Instruments\" required><option><\/option><option value='AUDCAD' max-leverage='1:20' swapLong='-4.13' swapShort='0.02' symbolSpread='2.00' >AUDCAD<\/option><option value='AUDCHF' max-leverage='1:20' swapLong='2.73' swapShort='-6.45' symbolSpread='2.00' >AUDCHF<\/option><option value='AUDJPY' max-leverage='1:20' swapLong='8.02' swapShort='-17.24' symbolSpread='2.10' >AUDJPY<\/option><option value='AUDNZD' max-leverage='1:20' swapLong='-6.78' swapShort='1.16' symbolSpread='1.90' >AUDNZD<\/option><option value='AUDUSD' max-leverage='1:20' swapLong='-3.64' swapShort='0.77' symbolSpread='1.70' >AUDUSD<\/option><option value='CADCHF' max-leverage='1:20' swapLong='3.58' swapShort='-9.23' symbolSpread='1.80' >CADCHF<\/option><option value='CADJPY' max-leverage='1:20' swapLong='10.68' swapShort='-21.67' symbolSpread='1.70' >CADJPY<\/option><option value='CHFJPY' max-leverage='1:20' swapLong='4.38' swapShort='-13.08' symbolSpread='2.30' >CHFJPY<\/option><option value='EURAUD' max-leverage='1:20' swapLong='-5.59' swapShort='-1.24' symbolSpread='2.00' >EURAUD<\/option><option value='EURCAD' max-leverage='1:20' swapLong='-8.65' swapShort='1.76' symbolSpread='1.80' >EURCAD<\/option><option value='EURCHF' max-leverage='1:20' swapLong='3.65' swapShort='-9.41' symbolSpread='1.70' >EURCHF<\/option><option value='EURCZK' max-leverage='' swapLong='-30.70' swapShort='8.26' symbolSpread='161.00' >EURCZK<\/option><option value='EURDKK' max-leverage='' swapLong='-14.67' swapShort='-32.50' symbolSpread='8.40' >EURDKK<\/option><option value='EURGBP' max-leverage='1:30' swapLong='-5.58' swapShort='1.27' symbolSpread='1.40' >EURGBP<\/option><option value='EURHUF' max-leverage='' swapLong='-88.28' swapShort='33.67' symbolSpread='3000.00' >EURHUF<\/option><option value='EURJPY' max-leverage='1:20' swapLong='12.79' swapShort='-24.61' symbolSpread='1.50' >EURJPY<\/option><option value='EURNOK' max-leverage='' swapLong='-58.02' swapShort='-22.12' symbolSpread='40.10' >EURNOK<\/option><option value='EURNZD' max-leverage='1:20' swapLong='-14.25' swapShort='3.85' symbolSpread='2.90' >EURNZD<\/option><option value='EURPLN' max-leverage='' swapLong='-51.59' swapShort='6.34' symbolSpread='20.00' >EURPLN<\/option><option value='EURSEK' max-leverage='' swapLong='-20.22' swapShort='-26.71' symbolSpread='35.00' >EURSEK<\/option><option value='EURSGD' max-leverage='' swapLong='-2.84' swapShort='-7.40' symbolSpread='5.30' >EURSGD<\/option><option value='EURTRY' max-leverage='' swapLong='-6526.85' swapShort='781.54' symbolSpread='2263.40' >EURTRY<\/option><option value='EURUSD' max-leverage='1:30' swapLong='-6.76' swapShort='2.43' symbolSpread='1.40' >EURUSD<\/option><option value='EURZAR' max-leverage='' swapLong='-385.14' swapShort='167.40' symbolSpread='60.00' >EURZAR<\/option><option value='GBPAUD' max-leverage='1:20' swapLong='1.18' swapShort='-9.22' symbolSpread='2.40' >GBPAUD<\/option><option value='GBPCAD' max-leverage='1:20' swapLong='-1.49' swapShort='-4.41' symbolSpread='1.90' >GBPCAD<\/option><option value='GBPCHF' max-leverage='1:20' swapLong='7.15' swapShort='-15.72' symbolSpread='2.20' >GBPCHF<\/option><option value='GBPHUF' max-leverage='' swapLong='-84.88' swapShort='27.09' symbolSpread='5280.00' >GBPHUF<\/option><option value='GBPJPY' max-leverage='1:20' swapLong='19.09' swapShort='-38.42' symbolSpread='1.80' >GBPJPY<\/option><option value='GBPNOK' max-leverage='' swapLong='-2.40' swapShort='-90.80' symbolSpread='47.00' >GBPNOK<\/option><option value='GBPNZD' max-leverage='1:20' swapLong='-7.03' swapShort='-3.31' symbolSpread='2.90' >GBPNZD<\/option><option value='GBPPLN' max-leverage='' swapLong='-27.31' swapShort='-6.94' symbolSpread='44.10' >GBPPLN<\/option><option value='GBPSEK' max-leverage='' swapLong='12.56' swapShort='-106.66' symbolSpread='47.70' >GBPSEK<\/option><option value='GBPSGD' max-leverage='' swapLong='2.53' swapShort='-16.77' symbolSpread='6.00' >GBPSGD<\/option><option value='GBPTRY' max-leverage='' swapLong='-7461.15' swapShort='825.83' symbolSpread='2382.20' >GBPTRY<\/option><option value='GBPUSD' max-leverage='1:30' swapLong='-2.71' swapShort='-0.91' symbolSpread='1.40' >GBPUSD<\/option><option value='NOKSEK' max-leverage='' swapLong='-2.20' swapShort='-5.92' symbolSpread='24.20' >NOKSEK<\/option><option value='NZDCAD' max-leverage='1:20' swapLong='-0.11' swapShort='-3.18' symbolSpread='2.20' >NZDCAD<\/option><option value='NZDCHF' max-leverage='1:20' swapLong='3.87' swapShort='-8.03' symbolSpread='2.00' >NZDCHF<\/option><option value='NZDJPY' max-leverage='1:20' swapLong='9.61' swapShort='-19.61' symbolSpread='2.10' >NZDJPY<\/option><option value='NZDUSD' max-leverage='1:30' swapLong='-0.89' swapShort='-1.34' symbolSpread='1.70' >NZDUSD<\/option><option value='USDCAD' max-leverage='1:30' swapLong='0.03' swapShort='-4.13' symbolSpread='1.80' >USDCAD<\/option><option value='USDCHF' max-leverage='1:30' swapLong='6.31' swapShort='-12.32' symbolSpread='1.60' >USDCHF<\/option><option value='USDCNH' max-leverage='' swapLong='22.10' swapShort='-121.90' symbolSpread='9.20' >USDCNH<\/option><option value='USDCZK' max-leverage='' swapLong='-1.86' swapShort='0.05' symbolSpread='137.00' >USDCZK<\/option><option value='USDDKK' max-leverage='' swapLong='12.02' swapShort='-69.56' symbolSpread='12.20' >USDDKK<\/option><option value='USDHKD' max-leverage='' swapLong='5.93' swapShort='-58.22' symbolSpread='9.30' >USDHKD<\/option><option value='USDHUF' max-leverage='' swapLong='-63.96' swapShort='19.92' symbolSpread='2960.00' >USDHUF<\/option><option value='USDILS' max-leverage='' swapLong='-14.74' swapShort='-22.60' symbolSpread='41.00' >USDILS<\/option><option value='USDJPY' max-leverage='1:30' swapLong='16.76' swapShort='-28.82' symbolSpread='1.40' >USDJPY<\/option><option value='USDMXN' max-leverage='' swapLong='-552.00' swapShort='139.54' symbolSpread='46.80' >USDMXN<\/option><option value='USDNOK' max-leverage='' swapLong='3.43' swapShort='-77.58' symbolSpread='40.00' >USDNOK<\/option><option value='USDPLN' max-leverage='' swapLong='-13.30' swapShort='-6.01' symbolSpread='22.30' >USDPLN<\/option><option value='USDRON' max-leverage='' swapLong='-26.92' swapShort='-76.84' symbolSpread='21.80' >USDRON<\/option><option value='USDRUB' max-leverage='' swapLong='-1199.54' swapShort='-109.57' symbolSpread='4490.00' >USDRUB<\/option><option value='USDSEK' max-leverage='' swapLong='20.10' swapShort='-81.48' symbolSpread='96.00' >USDSEK<\/option><option value='USDSGD' max-leverage='' swapLong='2.52' swapShort='-14.08' symbolSpread='4.80' >USDSGD<\/option><option value='USDTRY' max-leverage='' swapLong='-6373.31' swapShort='564.91' symbolSpread='2062.10' >USDTRY<\/option><option value='USDZAR' max-leverage='' swapLong='-276.08' swapShort='92.76' symbolSpread='47.40' >USDZAR<\/option><\/select><\/div><div class=\"form-group\"><label for=\"baseAccountCurrency\">Account Currency<\/label><select class=\"form-control\" id=\"baseAccountCurrency\" name=\"AccountCurrency\" required><option><\/option><option value='EUR'>EUR <\/option><option value='GBP'>GBP <\/option><option value='USD'>USD <\/option><\/select><\/div><div class=\"form-group\"><label for=\"leverage\"> Leverage for Margin <\/label><select class=\"form-control\" id=\"leverage\" name=\"AvailableLeverages\" required><option><\/option><option value='100'>100 <\/option><option value='200'>200 <\/option><option value='500'>500 <\/option><option value='600'>600 <\/option><option value='888'>888 <\/option><option value='1000'>1000 <\/option><\/select><\/div><div class=\"form-group\"><label for=\"AllInOneCalculator_tradeSize\">Position Size (In Units):<\/label><input class=\"form-control number-separator\" value=\"100000\" maxlength=\"15\" name=\"AllInOneCalculator[tradeSize]\" id=\"AllInOneCalculator_tradeSize\" type=\"number\" required><\/div>        <\/div>\n\n        <div class=\"calculator-fields\">\n            <div class=\"items\"> <div class=\"item\"><span class=\"label\">Swap Long:<\/span><strong class=\"swap-long\"><\/strong><\/div><div class=\"item\"><span class=\"label\">Swap Short:<\/span><strong class=\"swap-short\"><\/strong><\/div> <\/div>\n            <div class=\"items\"> <div class=\"item\"><span class=\"label\">Median Spread:<\/span><strong class=\"symbol-spread\"><\/strong><\/div> <\/div>\n        <\/div>\n    \n        <div class=\"btn-container\">\n            <input class=\"btn gold-btn\" type=\"submit\" value=\"Calculate\">\n        <\/div>\n    <\/form>\n\n\n\n    <div id=\"form-result\" class=\"calculator-results four-results\">\n        <div class=\"result-container\">\n            <div class=\"list-item result-margin\">\n                <span class=\"label\">Required margin:<\/span>\n                <div class=\"resettable-field\">0.00<\/div>\n            <\/div>\n        <\/div>\n        <div class=\"result-container\">\n            <div class=\"list-item result-pip\">\n                <span class=\"label\">Pip Value:<\/span>\n                <div class=\"resettable-field\">0.00<\/div>\n            <\/div>\n        <\/div>\n        <div class=\"result-container\">\n            <div class=\"list-item result-swap-long\">\n                <span class=\"label\">Swap Long:<\/span>\n                <div class=\"resettable-field\">0.00<\/div>\n            <\/div>\n        <\/div>\n        <div class=\"result-container\">\n            <div class=\"list-item result-swap-short\">\n                <span class=\"label\">Swap Short:<\/span>\n                <div class=\"resettable-field\">0.00<\/div>\n            <\/div>\n        <\/div>\n    <\/div>\n\n    \t\t<div class=\"elementor-shortcode\"><\/div>\n\t\t\t\t\t\t<\/div>\n\t\t\t\t<\/div>\n\t\t\t\t\t<\/div>\n\t\t\t\t<\/div>\n\t\t\t\t<\/div>\n\t\t","protected":false},"excerpt":{"rendered":"<p>M\u00e1y T\u00ednh K\u00fd Qu\u1ef9 Bi\u1ebft \u0111\u01b0\u1ee3c l\u1ee3i nhu\u1eadn l\u00e0 \u0111i\u1ec1u c\u1ea7n thi\u1ebft cho chi\u1ebfn l\u01b0\u1ee3c qu\u1ea3n l\u00fd r\u1ee7i ro c\u1ee7a b\u1ea1n. S\u1eed d\u1ee5ng m\u00e1y t\u00ednh k\u00fd qu\u1ef9 c\u1ee7a ch\u00fang t\u00f4i b\u00ean d\u01b0\u1edbi \u0111\u1ec3 t\u00ecm s\u1ed1 ti\u1ec1n t\u1ed1i thi\u1ec3u b\u1ea1n c\u1ea7n \u0111\u1ec3 m\u1edf v\u00e0 duy tr\u00ec m\u1ed9t v\u1ecb tr\u00ed m\u1edbi<\/p>\n","protected":false},"author":15,"featured_media":0,"parent":0,"menu_order":0,"comment_status":"closed","ping_status":"closed","template":"","meta":{"inline_featured_image":false,"footnotes":""},"class_list":["post-4474","page","type-page","status-publish","hentry"],"acf":[],"yoast_head":"<!-- This site is optimized with the Yoast SEO plugin v26.9 - https:\/\/yoast.com\/product\/yoast-seo-wordpress\/ -->\n<title>M\u00e1y T\u00ednh K\u00fd Qu\u1ef9 | Eurotrader<\/title>\n<meta name=\"description\" content=\"M\u00e1y t\u00ednh k\u00fd qu\u1ef9 Eurotrader s\u1ebd gi\u00fap b\u1ea1n t\u00ecm s\u1ed1 ti\u1ec1n t\u1ed1i thi\u1ec3u c\u1ea7n thi\u1ebft \u0111\u1ec3 m\u1edf v\u00e0 duy tr\u00ec v\u1ecb th\u1ebf m\u1edbi.\" \/>\n<meta name=\"robots\" content=\"index, follow, max-snippet:-1, max-image-preview:large, max-video-preview:-1\" \/>\n<meta property=\"og:locale\" content=\"vi_VN\" \/>\n<meta property=\"og:type\" content=\"article\" \/>\n<meta property=\"og:title\" content=\"M\u00e1y T\u00ednh K\u00fd Qu\u1ef9 | Eurotrader\" \/>\n<meta property=\"og:description\" content=\"M\u00e1y t\u00ednh k\u00fd qu\u1ef9 Eurotrader s\u1ebd gi\u00fap b\u1ea1n t\u00ecm s\u1ed1 ti\u1ec1n t\u1ed1i thi\u1ec3u c\u1ea7n thi\u1ebft \u0111\u1ec3 m\u1edf v\u00e0 duy tr\u00ec v\u1ecb th\u1ebf m\u1edbi.\" \/>\n<meta property=\"og:url\" content=\"https:\/\/eurotrader.com\/vi\/margin-calculator\/\" \/>\n<meta property=\"og:site_name\" content=\"Eurotrader\" \/>\n<meta property=\"article:modified_time\" content=\"2024-01-23T07:48:40+00:00\" \/>\n<meta property=\"og:image\" content=\"https:\/\/eurotrader.com\/wp-content\/uploads\/image-54.png\" \/>\n\t<meta property=\"og:image:width\" content=\"209\" \/>\n\t<meta property=\"og:image:height\" content=\"209\" \/>\n\t<meta property=\"og:image:type\" content=\"image\/png\" \/>\n<meta name=\"twitter:card\" content=\"summary_large_image\" \/>\n<script type=\"application\/ld+json\" class=\"yoast-schema-graph\">{\"@context\":\"https:\/\/schema.org\",\"@graph\":[{\"@type\":\"WebPage\",\"@id\":\"https:\/\/eurotrader.com\/vi\/margin-calculator\/\",\"url\":\"https:\/\/eurotrader.com\/vi\/margin-calculator\/\",\"name\":\"M\u00e1y T\u00ednh K\u00fd Qu\u1ef9 | Eurotrader\",\"isPartOf\":{\"@id\":\"https:\/\/eurotrader.com\/vi\/#website\"},\"datePublished\":\"2024-01-22T11:58:07+00:00\",\"dateModified\":\"2024-01-23T07:48:40+00:00\",\"description\":\"M\u00e1y t\u00ednh k\u00fd qu\u1ef9 Eurotrader s\u1ebd gi\u00fap b\u1ea1n t\u00ecm s\u1ed1 ti\u1ec1n t\u1ed1i thi\u1ec3u c\u1ea7n thi\u1ebft \u0111\u1ec3 m\u1edf v\u00e0 duy tr\u00ec v\u1ecb th\u1ebf m\u1edbi.\",\"breadcrumb\":{\"@id\":\"https:\/\/eurotrader.com\/vi\/margin-calculator\/#breadcrumb\"},\"inLanguage\":\"vi-VN\",\"potentialAction\":[{\"@type\":\"ReadAction\",\"target\":[\"https:\/\/eurotrader.com\/vi\/margin-calculator\/\"]}]},{\"@type\":\"BreadcrumbList\",\"@id\":\"https:\/\/eurotrader.com\/vi\/margin-calculator\/#breadcrumb\",\"itemListElement\":[{\"@type\":\"ListItem\",\"position\":1,\"name\":\"Home\",\"item\":\"https:\/\/eurotrader.com\/vi\/main-page\/\"},{\"@type\":\"ListItem\",\"position\":2,\"name\":\"M\u00e1y T\u00ednh K\u00fd Qu\u1ef9\"}]},{\"@type\":\"WebSite\",\"@id\":\"https:\/\/eurotrader.com\/vi\/#website\",\"url\":\"https:\/\/eurotrader.com\/vi\/\",\"name\":\".eurotrader.com\",\"description\":\"Here at EuroTrader, our goal is to make CFD trading clear, fair, and create a client centric culture.   To set ourselves apart, we\u2019re providing  a simple trading platform and trading terms with clear pricing, quick execution, and unbeatable customer service.\",\"publisher\":{\"@id\":\"https:\/\/eurotrader.com\/vi\/#organization\"},\"potentialAction\":[{\"@type\":\"SearchAction\",\"target\":{\"@type\":\"EntryPoint\",\"urlTemplate\":\"https:\/\/eurotrader.com\/vi\/?s={search_term_string}\"},\"query-input\":{\"@type\":\"PropertyValueSpecification\",\"valueRequired\":true,\"valueName\":\"search_term_string\"}}],\"inLanguage\":\"vi-VN\"},{\"@type\":\"Organization\",\"@id\":\"https:\/\/eurotrader.com\/vi\/#organization\",\"name\":\"Eurotrader\",\"url\":\"https:\/\/eurotrader.com\/vi\/\",\"logo\":{\"@type\":\"ImageObject\",\"inLanguage\":\"vi-VN\",\"@id\":\"https:\/\/eurotrader.com\/vi\/#\/schema\/logo\/image\/\",\"url\":\"https:\/\/eurotrader.com\/wp-content\/uploads\/header-logo.svg\",\"contentUrl\":\"https:\/\/eurotrader.com\/wp-content\/uploads\/header-logo.svg\",\"width\":184,\"height\":28,\"caption\":\"Eurotrader\"},\"image\":{\"@id\":\"https:\/\/eurotrader.com\/vi\/#\/schema\/logo\/image\/\"}}]}<\/script>\n<!-- \/ Yoast SEO plugin. -->","yoast_head_json":{"title":"M\u00e1y T\u00ednh K\u00fd Qu\u1ef9 | Eurotrader","description":"M\u00e1y t\u00ednh k\u00fd qu\u1ef9 Eurotrader s\u1ebd gi\u00fap b\u1ea1n t\u00ecm s\u1ed1 ti\u1ec1n t\u1ed1i thi\u1ec3u c\u1ea7n thi\u1ebft \u0111\u1ec3 m\u1edf v\u00e0 duy tr\u00ec v\u1ecb th\u1ebf m\u1edbi.","robots":{"index":"index","follow":"follow","max-snippet":"max-snippet:-1","max-image-preview":"max-image-preview:large","max-video-preview":"max-video-preview:-1"},"og_locale":"vi_VN","og_type":"article","og_title":"M\u00e1y T\u00ednh K\u00fd Qu\u1ef9 | Eurotrader","og_description":"M\u00e1y t\u00ednh k\u00fd qu\u1ef9 Eurotrader s\u1ebd gi\u00fap b\u1ea1n t\u00ecm s\u1ed1 ti\u1ec1n t\u1ed1i thi\u1ec3u c\u1ea7n thi\u1ebft \u0111\u1ec3 m\u1edf v\u00e0 duy tr\u00ec v\u1ecb th\u1ebf m\u1edbi.","og_url":"https:\/\/eurotrader.com\/vi\/margin-calculator\/","og_site_name":"Eurotrader","article_modified_time":"2024-01-23T07:48:40+00:00","og_image":[{"width":209,"height":209,"url":"https:\/\/eurotrader.com\/wp-content\/uploads\/image-54.png","type":"image\/png"}],"twitter_card":"summary_large_image","schema":{"@context":"https:\/\/schema.org","@graph":[{"@type":"WebPage","@id":"https:\/\/eurotrader.com\/vi\/margin-calculator\/","url":"https:\/\/eurotrader.com\/vi\/margin-calculator\/","name":"M\u00e1y T\u00ednh K\u00fd Qu\u1ef9 | Eurotrader","isPartOf":{"@id":"https:\/\/eurotrader.com\/vi\/#website"},"datePublished":"2024-01-22T11:58:07+00:00","dateModified":"2024-01-23T07:48:40+00:00","description":"M\u00e1y t\u00ednh k\u00fd qu\u1ef9 Eurotrader s\u1ebd gi\u00fap b\u1ea1n t\u00ecm s\u1ed1 ti\u1ec1n t\u1ed1i thi\u1ec3u c\u1ea7n thi\u1ebft \u0111\u1ec3 m\u1edf v\u00e0 duy tr\u00ec v\u1ecb th\u1ebf m\u1edbi.","breadcrumb":{"@id":"https:\/\/eurotrader.com\/vi\/margin-calculator\/#breadcrumb"},"inLanguage":"vi-VN","potentialAction":[{"@type":"ReadAction","target":["https:\/\/eurotrader.com\/vi\/margin-calculator\/"]}]},{"@type":"BreadcrumbList","@id":"https:\/\/eurotrader.com\/vi\/margin-calculator\/#breadcrumb","itemListElement":[{"@type":"ListItem","position":1,"name":"Home","item":"https:\/\/eurotrader.com\/vi\/main-page\/"},{"@type":"ListItem","position":2,"name":"M\u00e1y T\u00ednh K\u00fd Qu\u1ef9"}]},{"@type":"WebSite","@id":"https:\/\/eurotrader.com\/vi\/#website","url":"https:\/\/eurotrader.com\/vi\/","name":".eurotrader.com","description":"Here at EuroTrader, our goal is to make CFD trading clear, fair, and create a client centric culture.   To set ourselves apart, we\u2019re providing  a simple trading platform and trading terms with clear pricing, quick execution, and unbeatable customer service.","publisher":{"@id":"https:\/\/eurotrader.com\/vi\/#organization"},"potentialAction":[{"@type":"SearchAction","target":{"@type":"EntryPoint","urlTemplate":"https:\/\/eurotrader.com\/vi\/?s={search_term_string}"},"query-input":{"@type":"PropertyValueSpecification","valueRequired":true,"valueName":"search_term_string"}}],"inLanguage":"vi-VN"},{"@type":"Organization","@id":"https:\/\/eurotrader.com\/vi\/#organization","name":"Eurotrader","url":"https:\/\/eurotrader.com\/vi\/","logo":{"@type":"ImageObject","inLanguage":"vi-VN","@id":"https:\/\/eurotrader.com\/vi\/#\/schema\/logo\/image\/","url":"https:\/\/eurotrader.com\/wp-content\/uploads\/header-logo.svg","contentUrl":"https:\/\/eurotrader.com\/wp-content\/uploads\/header-logo.svg","width":184,"height":28,"caption":"Eurotrader"},"image":{"@id":"https:\/\/eurotrader.com\/vi\/#\/schema\/logo\/image\/"}}]}},"_hostinger_reach_plugin_has_subscription_block":false,"_hostinger_reach_plugin_is_elementor":false,"_links":{"self":[{"href":"https:\/\/eurotrader.com\/vi\/wp-json\/wp\/v2\/pages\/4474","targetHints":{"allow":["GET"]}}],"collection":[{"href":"https:\/\/eurotrader.com\/vi\/wp-json\/wp\/v2\/pages"}],"about":[{"href":"https:\/\/eurotrader.com\/vi\/wp-json\/wp\/v2\/types\/page"}],"author":[{"embeddable":true,"href":"https:\/\/eurotrader.com\/vi\/wp-json\/wp\/v2\/users\/15"}],"replies":[{"embeddable":true,"href":"https:\/\/eurotrader.com\/vi\/wp-json\/wp\/v2\/comments?post=4474"}],"version-history":[{"count":0,"href":"https:\/\/eurotrader.com\/vi\/wp-json\/wp\/v2\/pages\/4474\/revisions"}],"wp:attachment":[{"href":"https:\/\/eurotrader.com\/vi\/wp-json\/wp\/v2\/media?parent=4474"}],"curies":[{"name":"wp","href":"https:\/\/api.w.org\/{rel}","templated":true}]}}